{"id":1992,"date":"2025-07-26T17:22:17","date_gmt":"2025-07-26T10:22:17","guid":{"rendered":"http:\/\/khaitest.rf.gd\/?post_type=product&#038;p=1992"},"modified":"2025-12-05T11:50:06","modified_gmt":"2025-12-05T04:50:06","slug":"tham-lot-san-vinfast-vf-3","status":"publish","type":"product","link":"https:\/\/topcar.vn\/?product=tham-lot-san-vinfast-vf-3","title":{"rendered":"Th\u1ea3m L\u00f3t S\u00e0n VinFast VF 3"},"content":{"rendered":"<article class=\"text-token-text-primary w-full\" dir=\"auto\" data-testid=\"conversation-turn-10\" data-scroll-anchor=\"true\">\n<div class=\"text-base my-auto mx-auto pb-10 [--thread-content-margin:--spacing(4)] @[37rem]:[--thread-content-margin:--spacing(6)] @[72rem]:[--thread-content-margin:--spacing(16)] px-(--thread-content-margin)\">\n<div class=\"[--thread-content-max-width:32rem] @[34rem]:[--thread-content-max-width:40rem] @[64rem]:[--thread-content-max-width:48rem] mx-auto max-w-(--thread-content-max-width) flex-1 group\/turn-messages focus-visible:outline-hidden relative flex w-full min-w-0 flex-col agent-turn\" tabindex=\"-1\">\n<div class=\"flex max-w-full flex-col grow\">\n<div class=\"min-h-8 text-message relative flex w-full flex-col items-end gap-2 text-start break-words whitespace-normal [.text-message+&amp;]:mt-5\" dir=\"auto\" data-message-author-role=\"assistant\" data-message-id=\"6ee8a93f-7fdb-4c7e-b8bb-2a874c3d517b\" data-message-model-slug=\"gpt-4o\">\n<div class=\"flex w-full flex-col gap-1 empty:hidden first:pt-[3px]\">\n<div class=\"markdown prose dark:prose-invert w-full break-words light\">\n<p data-start=\"301\" data-end=\"671\"><em><strong>S\u1edf h\u1eefu thi\u1ebft k\u1ebf nh\u1ecf g\u1ecdn, linh ho\u1ea1t nh\u01b0ng \u0111\u1ea7y c\u00e1 t\u00ednh, VinFast VF 3 \u0111ang tr\u1edf th\u00e0nh m\u1eabu xe \u0111i\u1ec7n \u0111\u00f4 th\u1ecb \u0111\u01b0\u1ee3c nhi\u1ec1u ng\u01b0\u1eddi Vi\u1ec7t y\u00eau th\u00edch. \u0110\u1ec3 b\u1ea3o v\u1ec7 n\u1ed9i th\u1ea5t v\u00e0 t\u0103ng \u0111\u1ed9 b\u1ec1n cho s\u00e0n xe, th\u1ea3m L\u00f3t S\u00e0n VinFast VF 3 l\u00e0 ph\u1ee5 ki\u1ec7n b\u1ea1n kh\u00f4ng n\u00ean b\u1ecf qua. Thi\u1ebft k\u1ebf chu\u1ea9n theo form s\u00e0n xe, ch\u1ea5t li\u1ec7u cao c\u1ea5p, d\u1ec5 v\u1ec7 sinh \u2013 \u0111\u1ea3m b\u1ea3o gi\u1eef cho n\u1ed9i th\u1ea5t lu\u00f4n s\u1ea1ch s\u1ebd v\u00e0 th\u1ea9m m\u1ef9.<\/strong><\/em><\/p>\n<h2 data-start=\"678\" data-end=\"705\"><strong data-start=\"682\" data-end=\"705\">Gi\u1edbi thi\u1ec7u s\u1ea3n ph\u1ea9m th\u1ea3m L\u00f3t S\u00e0n VinFast VF 3<\/strong><\/h2>\n<p data-start=\"707\" data-end=\"1114\">Th\u1ea3m l\u00f3t s\u00e0n VinFast VF 3 \u0111\u01b0\u1ee3c thi\u1ebft k\u1ebf ri\u00eang cho d\u00f2ng xe VF 3, \u0111\u1ea3m b\u1ea3o v\u1eeba kh\u00edt t\u1eebng chi ti\u1ebft v\u1edbi s\u00e0n xe nguy\u00ean b\u1ea3n. S\u1ea3n ph\u1ea9m c\u00f3 nhi\u1ec1u ch\u1ea5t li\u1ec7u nh\u1ef1a TPE cao c\u1ea5p. thi\u1ebft k\u1ebf 5D, v\u1edbi b\u1ec1 m\u1eb7t ch\u1ed1ng tr\u01b0\u1ee3t, ch\u1ed1ng n\u01b0\u1edbc v\u00e0 d\u1ec5 lau ch\u00f9i. \u0110\u00e2y l\u00e0 gi\u1ea3i ph\u00e1p hi\u1ec7u qu\u1ea3 gi\u00fap b\u1ea3o v\u1ec7 s\u00e0n xe kh\u1ecfi b\u1ee5i b\u1ea9n, \u1ea9m m\u1ed1c v\u00e0 m\u00e0i m\u00f2n theo th\u1eddi gian, \u0111\u1ed3ng th\u1eddi t\u1ea1o \u0111i\u1ec3m nh\u1ea5n sang tr\u1ecdng cho khoang n\u1ed9i th\u1ea5t.<\/p>\n<figure id=\"attachment_4101\" aria-describedby=\"caption-attachment-4101\" style=\"width: 1024px\" class=\"wp-caption aligncenter\"><img fetchpriority=\"high\" decoding=\"async\" class=\"size-large wp-image-4101\" src=\"http:\/\/khaitest.rf.gd\/wp-content\/uploads\/2025\/07\/bo-tham-lot-san-VinFast-VF-3-1024x1024.png\" alt=\"Th\u1ea3m l\u00f3t s\u00e0n VinFast VF 3 \" width=\"1024\" height=\"1024\" srcset=\"https:\/\/topcar.vn\/wp-content\/uploads\/2025\/07\/bo-tham-lot-san-VinFast-VF-3-1024x1024.png 1024w, https:\/\/topcar.vn\/wp-content\/uploads\/2025\/07\/bo-tham-lot-san-VinFast-VF-3-300x300.png 300w, https:\/\/topcar.vn\/wp-content\/uploads\/2025\/07\/bo-tham-lot-san-VinFast-VF-3-150x150.png 150w, https:\/\/topcar.vn\/wp-content\/uploads\/2025\/07\/bo-tham-lot-san-VinFast-VF-3-768x767.png 768w, https:\/\/topcar.vn\/wp-content\/uploads\/2025\/07\/bo-tham-lot-san-VinFast-VF-3-600x599.png 600w, https:\/\/topcar.vn\/wp-content\/uploads\/2025\/07\/bo-tham-lot-san-VinFast-VF-3-100x100.png 100w, https:\/\/topcar.vn\/wp-content\/uploads\/2025\/07\/bo-tham-lot-san-VinFast-VF-3.png 1081w\" sizes=\"(max-width: 1024px) 100vw, 1024px\" \/><figcaption id=\"caption-attachment-4101\" class=\"wp-caption-text\">Th\u1ea3m l\u00f3t s\u00e0n VinFast VF 3 \u2013 G\u1ecdn g\u00e0ng, b\u1ec1n b\u1ec9, chu\u1ea9n form cho xe \u0111i\u1ec7n mini \u0111\u00f4 th\u1ecb<\/figcaption><\/figure>\n<p data-start=\"1121\" data-end=\"1156\"><strong data-start=\"1125\" data-end=\"1156\">Th\u00f4ng tin chi ti\u1ebft s\u1ea3n ph\u1ea9m th\u1ea3m L\u00f3t S\u00e0n VinFast VF 3<\/strong><\/p>\n<ul>\n<li data-start=\"1160\" data-end=\"1210\">T\u00ean s\u1ea3n ph\u1ea9m: Th\u1ea3m l\u00f3t s\u00e0n \u00f4 t\u00f4 VinFast VF 3<\/li>\n<li data-start=\"1213\" data-end=\"1274\">D\u00e0nh cho: M\u1ecdi phi\u00ean b\u1ea3n VF 3 m\u1edbi ra m\u1eaft n\u0103m 2024 tr\u1edf \u0111i<\/li>\n<li data-start=\"1277\" data-end=\"1339\">Ch\u1ea5t li\u1ec7u: Nh\u1ef1a TPE nguy\u00ean sinh cao c\u1ea5p<\/li>\n<li data-start=\"1342\" data-end=\"1400\">M\u00e0u s\u1eafc: \u0110en<\/li>\n<li data-start=\"1403\" data-end=\"1466\">Thi\u1ebft k\u1ebf: C\u1eaft CNC chu\u1ea9n form s\u00e0n xe VF 3, kh\u00f4ng khoan \u0111\u1ee5c<\/li>\n<li data-start=\"1469\" data-end=\"1504\">B\u1ea3o h\u00e0nh: 5 n\u0103m<\/li>\n<li data-start=\"1507\" data-end=\"1568\">Giao h\u00e0ng: To\u00e0n qu\u1ed1c \u2013 h\u1ed7 tr\u1ee3 l\u1eafp \u0111\u1eb7t t\u1ea1i nh\u00e0 (n\u1ed9i th\u00e0nh)<\/li>\n<\/ul>\n<p data-start=\"1575\" data-end=\"1598\"><strong data-start=\"1579\" data-end=\"1598\">\u01afu \u0111i\u1ec3m n\u1ed5i b\u1eadt c\u1ee7a th\u1ea3m L\u00f3t S\u00e0n VinFast VF 3<\/strong><\/p>\n<ul>\n<li>Thi\u1ebft k\u1ebf chu\u1ea9n 100% theo form s\u00e0n xe VinFast VF 3<\/li>\n<li>Ch\u1ed1ng tr\u01a1n tr\u01b0\u1ee3t, ch\u1ed1ng th\u1ea5m n\u01b0\u1edbc, d\u1ec5 v\u1ec7 sinh<\/li>\n<li>Gi\u1eef s\u1ea1ch s\u00e0n xe \u2013 ng\u0103n ng\u1eeba b\u1ee5i b\u1ea9n, n\u1ea5m m\u1ed1c<\/li>\n<li>Ch\u1ea5t li\u1ec7u b\u1ec1n \u0111\u1eb9p \u2013 kh\u00f4ng m\u00f9i \u2013 an to\u00e0n cho s\u1ee9c kh\u1ecfe<\/li>\n<li>N\u00e2ng cao th\u1ea9m m\u1ef9 n\u1ed9i th\u1ea5t, t\u1ea1o c\u1ea3m gi\u00e1c sang tr\u1ecdng<\/li>\n<li>D\u1ec5 th\u00e1o l\u1eafp \u2013 kh\u00f4ng \u1ea3nh h\u01b0\u1edfng \u0111\u1ebfn k\u1ebft c\u1ea5u s\u00e0n xe nguy\u00ean b\u1ea3n<\/li>\n<\/ul>\n<p data-start=\"1933\" data-end=\"1974\"><strong data-start=\"1937\" data-end=\"1974\">Gi\u00e1 b\u00e1n th\u1ea3m l\u00f3t s\u00e0n VinFast VF 3<\/strong><\/p>\n<ul data-start=\"1976\" data-end=\"2205\">\n<li data-start=\"1976\" data-end=\"2051\">\n<p data-start=\"1978\" data-end=\"2051\"><strong data-start=\"1978\" data-end=\"1994\">Gi\u00e1 tr\u1ecdn b\u1ed9:<\/strong> <strong data-start=\"1995\" data-end=\"2009\">2.300.000\u0111<\/strong><\/p>\n<\/li>\n<\/ul>\n<figure id=\"attachment_4102\" aria-describedby=\"caption-attachment-4102\" style=\"width: 1024px\" class=\"wp-caption aligncenter\"><img decoding=\"async\" class=\"size-large wp-image-4102\" src=\"http:\/\/khaitest.rf.gd\/wp-content\/uploads\/2025\/07\/Tham-lot-san-oto-VinFast-VF-3-1024x1024.png\" alt=\"Th\u1ea3m l\u00f3t s\u00e0n oto VinFast VF 3 form chu\u1ea9n theo xe \" width=\"1024\" height=\"1024\" srcset=\"https:\/\/topcar.vn\/wp-content\/uploads\/2025\/07\/Tham-lot-san-oto-VinFast-VF-3-1024x1024.png 1024w, https:\/\/topcar.vn\/wp-content\/uploads\/2025\/07\/Tham-lot-san-oto-VinFast-VF-3-300x300.png 300w, https:\/\/topcar.vn\/wp-content\/uploads\/2025\/07\/Tham-lot-san-oto-VinFast-VF-3-150x150.png 150w, https:\/\/topcar.vn\/wp-content\/uploads\/2025\/07\/Tham-lot-san-oto-VinFast-VF-3-768x767.png 768w, https:\/\/topcar.vn\/wp-content\/uploads\/2025\/07\/Tham-lot-san-oto-VinFast-VF-3-600x599.png 600w, https:\/\/topcar.vn\/wp-content\/uploads\/2025\/07\/Tham-lot-san-oto-VinFast-VF-3-100x100.png 100w, https:\/\/topcar.vn\/wp-content\/uploads\/2025\/07\/Tham-lot-san-oto-VinFast-VF-3.png 1081w\" sizes=\"(max-width: 1024px) 100vw, 1024px\" \/><figcaption id=\"caption-attachment-4102\" class=\"wp-caption-text\">Th\u1ea3m l\u00f3t s\u00e0n oto VinFast VF 3, form chu\u1ea9n theo xe \u2013 V\u1eeba kh\u00edt t\u1eebng chi ti\u1ebft<\/figcaption><\/figure>\n<h2 data-start=\"1978\" data-end=\"2051\"><span style=\"font-size: 16px;\">Mua th\u1ea3m l\u00f3t s\u00e0n VinFast VF 3 <\/span><strong style=\"font-size: 16px;\" data-start=\"2294\" data-end=\"2353\">ch\u00ednh h\u00e3ng t\u1ea1i Topcar<\/strong><\/h2>\n<p data-start=\"2260\" data-end=\"2358\">Topcar l\u00e0 \u0111\u01a1n v\u1ecb chuy\u00ean ph\u00e2n ph\u1ed1i ph\u1ee5 ki\u1ec7n \u00f4 t\u00f4 ch\u00ednh h\u00e3ng, chuy\u00ean bi\u1ec7t theo t\u1eebng d\u00f2ng xe v\u1edbi:<\/p>\n<ul>\n<li>Cam k\u1ebft \u0111\u00fang form s\u00e0n xe VinFast VF 3<\/li>\n<li>S\u1ea3n ph\u1ea9m ch\u1ea5t l\u01b0\u1ee3ng cao, ho\u00e0n thi\u1ec7n t\u1ec9 m\u1ec9<\/li>\n<li>Ch\u00ednh s\u00e1ch \u0111\u1ed5i tr\u1ea3, b\u1ea3o h\u00e0nh minh b\u1ea1ch<\/li>\n<li>Giao h\u00e0ng to\u00e0n qu\u1ed1c \u2013 l\u1eafp \u0111\u1eb7t t\u1eadn n\u01a1i v\u1edbi \u0111\u1ed9i ng\u0169 k\u1ef9 thu\u1eadt chuy\u00ean nghi\u1ec7p<\/li>\n<\/ul>\n<figure id=\"attachment_4103\" aria-describedby=\"caption-attachment-4103\" style=\"width: 1024px\" class=\"wp-caption aligncenter\"><img decoding=\"async\" class=\"size-large wp-image-4103\" src=\"http:\/\/khaitest.rf.gd\/wp-content\/uploads\/2025\/07\/Tham-lot-san-VinFast-VF-3-1024x1024.png\" alt=\"T\u0103ng t\u00ednh th\u1ea9m m\u1ef9 cho kh\u00f4ng gian n\u1ed9i th\u1ea5t\" width=\"1024\" height=\"1024\" srcset=\"https:\/\/topcar.vn\/wp-content\/uploads\/2025\/07\/Tham-lot-san-VinFast-VF-3-1024x1024.png 1024w, https:\/\/topcar.vn\/wp-content\/uploads\/2025\/07\/Tham-lot-san-VinFast-VF-3-300x300.png 300w, https:\/\/topcar.vn\/wp-content\/uploads\/2025\/07\/Tham-lot-san-VinFast-VF-3-150x150.png 150w, https:\/\/topcar.vn\/wp-content\/uploads\/2025\/07\/Tham-lot-san-VinFast-VF-3-768x767.png 768w, https:\/\/topcar.vn\/wp-content\/uploads\/2025\/07\/Tham-lot-san-VinFast-VF-3-600x599.png 600w, https:\/\/topcar.vn\/wp-content\/uploads\/2025\/07\/Tham-lot-san-VinFast-VF-3-100x100.png 100w, https:\/\/topcar.vn\/wp-content\/uploads\/2025\/07\/Tham-lot-san-VinFast-VF-3.png 1081w\" sizes=\"(max-width: 1024px) 100vw, 1024px\" \/><figcaption id=\"caption-attachment-4103\" class=\"wp-caption-text\">B\u1ed9 th\u1ea3m kh\u00f4ng ch\u1ec9 b\u1ea3o v\u1ec7 m\u00e0 c\u00f2n t\u0103ng t\u00ednh th\u1ea9m m\u1ef9 cho kh\u00f4ng gian n\u1ed9i th\u1ea5t<\/figcaption><\/figure>\n<p data-start=\"2360\" data-end=\"2565\"><strong data-start=\"2575\" data-end=\"2618\">Li\u00ean h\u1ec7 ngay \u0111\u1ec3 \u0111\u01b0\u1ee3c t\u01b0 v\u1ea5n &amp; \u0111\u1eb7t h\u00e0ng:<\/strong><br data-start=\"2618\" data-end=\"2621\" \/>\ud83d\udcdeHotline \/ Zalo: 0889.385.222<\/p>\n<p data-start=\"2360\" data-end=\"2565\">\ud83c\udfe0 \u0110\u1ecba ch\u1ec9: S\u1ed1 9 BT2, Khu \u0111\u00f4 th\u1ecb Foresa Xu\u00e2n Ph\u01b0\u01a1ng, Nam T\u1eeb Li\u00eam, H\u00e0 N\u1ed9i<\/p>\n<p data-start=\"2360\" data-end=\"2565\">\ud83c\udf10 Website: <a class=\"\" href=\"https:\/\/Topcar.vn\" target=\"_new\" rel=\"noopener\" data-start=\"3540\" data-end=\"3578\">https:\/\/Topcar.vn<\/a><\/p>\n<p data-start=\"3379\" data-end=\"3578\">\ud83d\udc49 <strong data-start=\"3583\" data-end=\"3644\">\u0110\u1eb7t mua th\u1ea3m l\u00f3t s\u00e0n th\u1ea3m l\u00f3t s\u00e0n VinFast VF 3 ngay h\u00f4m nay<\/strong>!<\/p>\n<\/div>\n<\/div>\n<\/div>\n<\/div>\n<\/div>\n<\/div>\n<\/article>\n","protected":false},"excerpt":{"rendered":"<ul>\n<li>Mi\u1ec5n ph\u00ed giao h\u00e0ng to\u00e0n qu\u1ed1c<\/li>\n<li>Nh\u1eadn h\u00e0ng &gt; L\u1eafp \u0111\u1eb7t &gt; Thanh to\u00e1n<\/li>\n<li>B\u1ea3o h\u00e0nh 5 n\u0103m<\/li>\n<\/ul>\n","protected":false},"featured_media":4100,"comment_status":"closed","ping_status":"closed","template":"","meta":{"site-sidebar-layout":"no-sidebar","site-content-layout":"content-boxed-container","ast-site-content-layout":"normal-width-container","site-content-style":"boxed","site-sidebar-style":"unboxed","ast-global-header-display":"","ast-banner-title-visibility":"","ast-main-header-display":"","ast-hfb-above-header-display":"","ast-hfb-below-header-display":"","ast-hfb-mobile-header-display":"","site-post-title":"","ast-breadcrumbs-content":"","ast-featured-img":"","footer-sml-layout":"","ast-disable-related-posts":"","theme-transparent-header-meta":"default","adv-header-id-meta":"","stick-header-meta":"","header-above-stick-meta":"","header-main-stick-meta":"","header-below-stick-meta":"","astra-migrate-meta-layouts":"set","ast-page-background-enabled":"default","ast-page-background-meta":{"desktop":{"background-color":"var(--ast-global-color-4)","background-image":"","background-repeat":"repeat","background-position":"center center","background-size":"auto","background-attachment":"scroll","background-type":"","background-media":"","overlay-type":"","overlay-color":"","overlay-opacity":"","overlay-gradient":""},"tablet":{"background-color":"","background-image":"","background-repeat":"repeat","background-position":"center center","background-size":"auto","background-attachment":"scroll","background-type":"","background-media":"","overlay-type":"","overlay-color":"","overlay-opacity":"","overlay-gradient":""},"mobile":{"background-color":"","background-image":"","background-repeat":"repeat","background-position":"center center","background-size":"auto","background-attachment":"scroll","background-type":"","background-media":"","overlay-type":"","overlay-color":"","overlay-opacity":"","overlay-gradient":""}},"ast-content-background-meta":{"desktop":{"background-color":"var(--ast-global-color-5)","background-image":"","background-repeat":"repeat","background-position":"center center","background-size":"auto","background-attachment":"scroll","background-type":"","background-media":"","overlay-type":"","overlay-color":"","overlay-opacity":"","overlay-gradient":""},"tablet":{"background-color":"var(--ast-global-color-5)","background-image":"","background-repeat":"repeat","background-position":"center center","background-size":"auto","background-attachment":"scroll","background-type":"","background-media":"","overlay-type":"","overlay-color":"","overlay-opacity":"","overlay-gradient":""},"mobile":{"background-color":"var(--ast-global-color-5)","background-image":"","background-repeat":"repeat","background-position":"center center","background-size":"auto","background-attachment":"scroll","background-type":"","background-media":"","overlay-type":"","overlay-color":"","overlay-opacity":"","overlay-gradient":""}}},"product_brand":[],"product_cat":[48,43],"product_tag":[114,112,118,119,113,117,116,115],"class_list":{"0":"post-1992","1":"product","2":"type-product","3":"status-publish","4":"has-post-thumbnail","6":"product_cat-tham-lot-san-o-to-vinfast","7":"product_cat-tham-lot-san-o-to","8":"product_tag-tham-lot-san-lavor-vf3","9":"product_tag-tham-lot-san-vf3","10":"product_tag-tham-lot-san-vf5","11":"product_tag-tham-nhua-vf3","12":"product_tag-tham-san-carlsen-vf3","13":"product_tag-tham-san-huvi","14":"product_tag-tham-san-kata-vf3","15":"product_tag-tham-san-vf3-chinh-hang","16":"desktop-align-left","17":"tablet-align-left","18":"mobile-align-left","20":"first","21":"instock","22":"shipping-taxable","23":"purchasable","24":"product-type-variable"},"_links":{"self":[{"href":"https:\/\/topcar.vn\/index.php?rest_route=\/wp\/v2\/product\/1992","targetHints":{"allow":["GET"]}}],"collection":[{"href":"https:\/\/topcar.vn\/index.php?rest_route=\/wp\/v2\/product"}],"about":[{"href":"https:\/\/topcar.vn\/index.php?rest_route=\/wp\/v2\/types\/product"}],"replies":[{"embeddable":true,"href":"https:\/\/topcar.vn\/index.php?rest_route=%2Fwp%2Fv2%2Fcomments&post=1992"}],"version-history":[{"count":5,"href":"https:\/\/topcar.vn\/index.php?rest_route=\/wp\/v2\/product\/1992\/revisions"}],"predecessor-version":[{"id":1994,"href":"https:\/\/topcar.vn\/index.php?rest_route=\/wp\/v2\/product\/1992\/revisions\/1994"}],"wp:featuredmedia":[{"embeddable":true,"href":"https:\/\/topcar.vn\/index.php?rest_route=\/wp\/v2\/media\/4100"}],"wp:attachment":[{"href":"https:\/\/topcar.vn\/index.php?rest_route=%2Fwp%2Fv2%2Fmedia&parent=1992"}],"wp:term":[{"taxonomy":"product_brand","embeddable":true,"href":"https:\/\/topcar.vn\/index.php?rest_route=%2Fwp%2Fv2%2Fproduct_brand&post=1992"},{"taxonomy":"product_cat","embeddable":true,"href":"https:\/\/topcar.vn\/index.php?rest_route=%2Fwp%2Fv2%2Fproduct_cat&post=1992"},{"taxonomy":"product_tag","embeddable":true,"href":"https:\/\/topcar.vn\/index.php?rest_route=%2Fwp%2Fv2%2Fproduct_tag&post=1992"}],"curies":[{"name":"wp","href":"https:\/\/api.w.org\/{rel}","templated":true}]}}