{"id":1949,"date":"2025-07-24T19:09:26","date_gmt":"2025-07-24T12:09:26","guid":{"rendered":"http:\/\/khaitest.rf.gd\/?post_type=product&#038;p=1949"},"modified":"2025-12-05T11:26:05","modified_gmt":"2025-12-05T04:26:05","slug":"tham-lot-san-toyota-fortuner-2008-2016","status":"publish","type":"product","link":"https:\/\/topcar.vn\/?product=tham-lot-san-toyota-fortuner-2008-2016","title":{"rendered":"Th\u1ea3m l\u00f3t s\u00e0n Toyota Fortuner 2008-2016"},"content":{"rendered":"<article class=\"text-token-text-primary w-full\" dir=\"auto\" data-testid=\"conversation-turn-10\" data-scroll-anchor=\"true\">\n<div class=\"text-base my-auto mx-auto pb-10 [--thread-content-margin:--spacing(4)] @[37rem]:[--thread-content-margin:--spacing(6)] @[72rem]:[--thread-content-margin:--spacing(16)] px-(--thread-content-margin)\">\n<div class=\"[--thread-content-max-width:32rem] @[34rem]:[--thread-content-max-width:40rem] @[64rem]:[--thread-content-max-width:48rem] mx-auto max-w-(--thread-content-max-width) flex-1 group\/turn-messages focus-visible:outline-hidden relative flex w-full min-w-0 flex-col agent-turn\" tabindex=\"-1\">\n<div class=\"flex max-w-full flex-col grow\">\n<div class=\"min-h-8 text-message relative flex w-full flex-col items-end gap-2 text-start break-words whitespace-normal [.text-message+&amp;]:mt-5\" dir=\"auto\" data-message-author-role=\"assistant\" data-message-id=\"6ee8a93f-7fdb-4c7e-b8bb-2a874c3d517b\" data-message-model-slug=\"gpt-4o\">\n<div class=\"flex w-full flex-col gap-1 empty:hidden first:pt-[3px]\">\n<div class=\"markdown prose dark:prose-invert w-full break-words light\">\n<p data-start=\"183\" data-end=\"648\">Toyota Fortuner 2008\u20132016 l\u00e0 d\u00f2ng SUV b\u1ec1n b\u1ec9, ph\u00f9 h\u1ee3p gia \u0111\u00ecnh v\u00e0 doanh nghi\u1ec7p. Xe d\u1ec5 b\u00e1m b\u1ee5i, tr\u1ea7y x\u01b0\u1edbc s\u00e0n n\u1ebfu kh\u00f4ng b\u1ea3o v\u1ec7 \u0111\u00fang c\u00e1ch. Th\u1ea3m l\u00f3t s\u00e0n Toyota Fortuner 2008-2016 c\u1ee7a Topcar s\u1ebd gi\u00fap b\u1ea3o v\u1ec7 s\u00e0n xe to\u00e0n di\u1ec7n.<\/p>\n<hr data-start=\"650\" data-end=\"653\" \/>\n<h2 data-start=\"86\" data-end=\"968\"><strong data-start=\"86\" data-end=\"153\">1. Gi\u1edbi thi\u1ec7u <span data-sheets-root=\"1\">th\u1ea3m l\u00f3t s\u00e0n Toyota Fortuner 2008-2016<\/span> t\u1ea1i Topcar.<\/strong><\/h2>\n<figure id=\"attachment_3317\" aria-describedby=\"caption-attachment-3317\" style=\"width: 1024px\" class=\"wp-caption aligncenter\"><img fetchpriority=\"high\" decoding=\"async\" class=\"wp-image-3317 size-large\" src=\"http:\/\/khaitest.rf.gd\/wp-content\/uploads\/2025\/07\/tham-lot-san-toyota-fortuner-2008-2016-3-1024x1024.webp\" alt=\"tham-lot-san-toyota-fortuner-2008-2016\" width=\"1024\" height=\"1024\" srcset=\"https:\/\/topcar.vn\/wp-content\/uploads\/2025\/07\/tham-lot-san-toyota-fortuner-2008-2016-3-1024x1024.webp 1024w, https:\/\/topcar.vn\/wp-content\/uploads\/2025\/07\/tham-lot-san-toyota-fortuner-2008-2016-3-300x300.webp 300w, https:\/\/topcar.vn\/wp-content\/uploads\/2025\/07\/tham-lot-san-toyota-fortuner-2008-2016-3-150x150.webp 150w, https:\/\/topcar.vn\/wp-content\/uploads\/2025\/07\/tham-lot-san-toyota-fortuner-2008-2016-3-768x767.webp 768w, https:\/\/topcar.vn\/wp-content\/uploads\/2025\/07\/tham-lot-san-toyota-fortuner-2008-2016-3-600x599.webp 600w, https:\/\/topcar.vn\/wp-content\/uploads\/2025\/07\/tham-lot-san-toyota-fortuner-2008-2016-3-100x100.webp 100w, https:\/\/topcar.vn\/wp-content\/uploads\/2025\/07\/tham-lot-san-toyota-fortuner-2008-2016-3.webp 1081w\" sizes=\"(max-width: 1024px) 100vw, 1024px\" \/><figcaption id=\"caption-attachment-3317\" class=\"wp-caption-text\">Th\u1ea3m l\u00f3t s\u00e0n Toyota Fortuner 2008-2016<\/figcaption><\/figure>\n<p data-start=\"86\" data-end=\"968\">Th\u1ea3m l\u00f3t s\u00e0n Toyota Fortuner 2008-2016 c\u1ee7a Topcar thi\u1ebft k\u1ebf theo form chu\u1ea9n t\u1eebng phi\u00ean b\u1ea3n, \u0111\u1ea3m b\u1ea3o v\u1eeba kh\u00edt s\u00e0n xe. Ch\u1ea5t li\u1ec7u TPE cao c\u1ea5p, m\u1ec1m d\u1ebbo, kh\u00f4ng ch\u1ee9a ch\u1ea5t \u0111\u1ed9c h\u1ea1i. Th\u1ea3m \u0111\u00fac khu\u00f4n c\u00f4ng ngh\u1ec7 3D, \u00f4m s\u00e1t s\u00e0n, kh\u00f4ng b\u1ecb x\u00f4 l\u1ec7ch. \u1ee8ng d\u1ee5ng Laser Scan 3D gi\u00fap \u0111\u1ecbnh h\u00ecnh ch\u00ednh x\u00e1c m\u1ecdi chi ti\u1ebft. Vi\u1ec1n th\u1ea3m cao, c\u00f3 r\u00e3nh ch\u1ed1ng tr\u00e0n n\u01b0\u1edbc v\u00e0 b\u00f9n \u0111\u1ea5t. Ch\u1ed1t c\u1ed1 \u0111\u1ecbnh an to\u00e0n, gi\u00fap th\u1ea3m kh\u00f4ng b\u1ecb tr\u01b0\u1ee3t khi di chuy\u1ec3n. B\u1ed9 th\u1ea3m chia th\u00e0nh t\u1eebng ph\u1ea7n ri\u00eang bi\u1ec7t cho t\u1eebng h\u00e0ng gh\u1ebf. D\u1ec5 d\u00e0ng l\u1eafp \u0111\u1eb7t v\u00e0 v\u1ec7 sinh ch\u1ec9 trong v\u00e0i ph\u00fat. Kh\u00e1ch h\u00e0ng c\u00f3 th\u1ec3 ch\u1ecdn th\u00eam l\u1edbp th\u1ea3m r\u1ed1i \u0111\u1ec3 t\u0103ng hi\u1ec7u qu\u1ea3 gi\u1eef b\u1ee5i.<\/p>\n<h2 data-start=\"970\" data-end=\"1403\"><strong data-start=\"970\" data-end=\"1020\">2. \u01afu \u0111i\u1ec3m c\u1ee7a <span data-sheets-root=\"1\">th\u1ea3m l\u00f3t s\u00e0n Toyota Fortuner.<\/span><\/strong><\/h2>\n<figure id=\"attachment_3320\" aria-describedby=\"caption-attachment-3320\" style=\"width: 1024px\" class=\"wp-caption aligncenter\"><img decoding=\"async\" class=\"wp-image-3320 size-large\" src=\"http:\/\/khaitest.rf.gd\/wp-content\/uploads\/2025\/07\/tham-lot-san-toyota-fortuner-2008-2016-3-1-1024x1024.webp\" alt=\"tham-lot-san-toyota-fortuner-2008-2016\" width=\"1024\" height=\"1024\" srcset=\"https:\/\/topcar.vn\/wp-content\/uploads\/2025\/07\/tham-lot-san-toyota-fortuner-2008-2016-3-1-1024x1024.webp 1024w, https:\/\/topcar.vn\/wp-content\/uploads\/2025\/07\/tham-lot-san-toyota-fortuner-2008-2016-3-1-300x300.webp 300w, https:\/\/topcar.vn\/wp-content\/uploads\/2025\/07\/tham-lot-san-toyota-fortuner-2008-2016-3-1-150x150.webp 150w, https:\/\/topcar.vn\/wp-content\/uploads\/2025\/07\/tham-lot-san-toyota-fortuner-2008-2016-3-1-768x767.webp 768w, https:\/\/topcar.vn\/wp-content\/uploads\/2025\/07\/tham-lot-san-toyota-fortuner-2008-2016-3-1-600x599.webp 600w, https:\/\/topcar.vn\/wp-content\/uploads\/2025\/07\/tham-lot-san-toyota-fortuner-2008-2016-3-1-100x100.webp 100w, https:\/\/topcar.vn\/wp-content\/uploads\/2025\/07\/tham-lot-san-toyota-fortuner-2008-2016-3-1.webp 1081w\" sizes=\"(max-width: 1024px) 100vw, 1024px\" \/><figcaption id=\"caption-attachment-3320\" class=\"wp-caption-text\">Th\u1ea3m l\u00f3t s\u00e0n Toyota Fortuner 2008-2016<\/figcaption><\/figure>\n<ul>\n<li data-start=\"970\" data-end=\"1403\">Th\u1ea3m thi\u1ebft k\u1ebf chu\u1ea9n theo form s\u00e0n xe Fortuner 2008\u20132016, kh\u00f4ng c\u1ea7n c\u1eaft g\u1ecdt.<\/li>\n<li data-start=\"970\" data-end=\"1403\">Th\u1ea3m ch\u1ed1ng n\u01b0\u1edbc t\u1ed1t, b\u1ea3o v\u1ec7 xe khi tr\u1eddi m\u01b0a ho\u1eb7c \u0111i v\u00f9ng ng\u1eadp.<\/li>\n<li data-start=\"970\" data-end=\"1403\">Kh\u00f4ng m\u00f9i, kh\u00f4ng g\u00e2y k\u00edch \u1ee9ng da, an to\u00e0n v\u1edbi tr\u1ebb em v\u00e0 ng\u01b0\u1eddi l\u1edbn tu\u1ed5i.<\/li>\n<li data-start=\"970\" data-end=\"1403\">H\u1ed7 tr\u1ee3 c\u00e1ch \u00e2m, gi\u1ea3m ti\u1ebfng \u1ed3n t\u1eeb g\u1ea7m xe khi di chuy\u1ec3n.<\/li>\n<li data-start=\"970\" data-end=\"1403\">D\u1ec5 th\u00e1o l\u1eafp, d\u1ec5 v\u1ec7 sinh, kh\u00f4ng c\u1ea7n d\u1ee5ng c\u1ee5 k\u1ef9 thu\u1eadt.<\/li>\n<li data-start=\"970\" data-end=\"1403\">Thi\u1ebft k\u1ebf hi\u1ec7n \u0111\u1ea1i gi\u00fap n\u1ed9i th\u1ea5t xe s\u1ea1ch s\u1ebd v\u00e0 sang tr\u1ecdng h\u01a1n.<\/li>\n<\/ul>\n<h2 data-start=\"1405\" data-end=\"1833\"><strong data-start=\"1405\" data-end=\"1451\">3. Gi\u00e1 b\u00e1n <span data-sheets-root=\"1\">th\u1ea3m l\u00f3t s\u00e0n Toyota Fortuner.<\/span><\/strong><\/h2>\n<figure id=\"attachment_3316\" aria-describedby=\"caption-attachment-3316\" style=\"width: 1024px\" class=\"wp-caption aligncenter\"><img decoding=\"async\" class=\"wp-image-3316 size-large\" src=\"http:\/\/khaitest.rf.gd\/wp-content\/uploads\/2025\/07\/anh-dai-dien-tham-lot-san-toyota-fortuner-2008-2016-1024x683.webp\" alt=\"tham-lot-san-toyota-fortuner-2008-2016\" width=\"1024\" height=\"683\" srcset=\"https:\/\/topcar.vn\/wp-content\/uploads\/2025\/07\/anh-dai-dien-tham-lot-san-toyota-fortuner-2008-2016-1024x683.webp 1024w, https:\/\/topcar.vn\/wp-content\/uploads\/2025\/07\/anh-dai-dien-tham-lot-san-toyota-fortuner-2008-2016-300x200.webp 300w, https:\/\/topcar.vn\/wp-content\/uploads\/2025\/07\/anh-dai-dien-tham-lot-san-toyota-fortuner-2008-2016-768x512.webp 768w, https:\/\/topcar.vn\/wp-content\/uploads\/2025\/07\/anh-dai-dien-tham-lot-san-toyota-fortuner-2008-2016-1536x1024.webp 1536w, https:\/\/topcar.vn\/wp-content\/uploads\/2025\/07\/anh-dai-dien-tham-lot-san-toyota-fortuner-2008-2016-600x400.webp 600w, https:\/\/topcar.vn\/wp-content\/uploads\/2025\/07\/anh-dai-dien-tham-lot-san-toyota-fortuner-2008-2016.webp 2048w\" sizes=\"(max-width: 1024px) 100vw, 1024px\" \/><figcaption id=\"caption-attachment-3316\" class=\"wp-caption-text\">Th\u1ea3m l\u00f3t s\u00e0n Toyota Fortuner 2008-2016<\/figcaption><\/figure>\n<p data-start=\"1405\" data-end=\"1833\">Topcar cung c\u1ea5p hai l\u1ef1a ch\u1ecdn th\u1ea3m l\u00f3t s\u00e0n cho xe Fortuner 2008\u20132016:<\/p>\n<ul>\n<li data-start=\"1405\" data-end=\"1833\">Phi\u00ean b\u1ea3n ti\u00eau chu\u1ea9n l\u00e0 b\u1ed9 th\u1ea3m \u0111\u00fac khu\u00f4n TPE, gi\u00e1 2.250.000 VN\u0110.<\/li>\n<li data-start=\"1405\" data-end=\"1833\">Phi\u00ean b\u1ea3n n\u00e2ng c\u1ea5p g\u1ed3m th\u1ea3m TPE v\u00e0 th\u1ea3m r\u1ed1i ph\u1ee7 tr\u00ean, gi\u00e1 2.500.000 VN\u0110.<\/li>\n<\/ul>\n<p data-start=\"1405\" data-end=\"1833\"><a href=\"http:\/\/khaitest.rf.gd\/?p=1861\" target=\"_blank\" rel=\"noopener\">Gi\u00e1 b\u00e1n<\/a> \u00e1p d\u1ee5ng cho c\u1ea3 b\u1ea3n 1 c\u1ea7u v\u00e0 2 c\u1ea7u c\u1ee7a Fortuner. Kh\u00e1ch h\u00e0ng \u0111\u01b0\u1ee3c mi\u1ec5n ph\u00ed v\u1eadn chuy\u1ec3n to\u00e0n qu\u1ed1c khi \u0111\u1eb7t mua. Ngo\u00e0i ra c\u00f2n c\u00f3 qu\u00e0 t\u1eb7ng v\u00e0 gi\u1ea3m gi\u00e1 v\u00e0o c\u00e1c d\u1ecbp l\u1ec5 l\u1edbn.<\/p>\n<h2 data-start=\"1835\" data-end=\"2371\"><strong data-start=\"1835\" data-end=\"1899\">4. Mua <span data-sheets-root=\"1\">th\u1ea3m l\u00f3t s\u00e0n Toyota Fortuner 2008-2016<\/span> ch\u00ednh h\u00e3ng t\u1ea1i Topcar.<\/strong><\/h2>\n<figure id=\"attachment_3321\" aria-describedby=\"caption-attachment-3321\" style=\"width: 1024px\" class=\"wp-caption aligncenter\"><img loading=\"lazy\" decoding=\"async\" class=\"wp-image-3321 size-large\" src=\"http:\/\/khaitest.rf.gd\/wp-content\/uploads\/2025\/07\/tham-lot-san-toyota-fortuner-2008-2016-4-1-1024x1024.webp\" alt=\"tham-lot-san-toyota-fortuner-2008-2016\" width=\"1024\" height=\"1024\" srcset=\"https:\/\/topcar.vn\/wp-content\/uploads\/2025\/07\/tham-lot-san-toyota-fortuner-2008-2016-4-1-1024x1024.webp 1024w, https:\/\/topcar.vn\/wp-content\/uploads\/2025\/07\/tham-lot-san-toyota-fortuner-2008-2016-4-1-300x300.webp 300w, https:\/\/topcar.vn\/wp-content\/uploads\/2025\/07\/tham-lot-san-toyota-fortuner-2008-2016-4-1-150x150.webp 150w, https:\/\/topcar.vn\/wp-content\/uploads\/2025\/07\/tham-lot-san-toyota-fortuner-2008-2016-4-1-768x767.webp 768w, https:\/\/topcar.vn\/wp-content\/uploads\/2025\/07\/tham-lot-san-toyota-fortuner-2008-2016-4-1-600x599.webp 600w, https:\/\/topcar.vn\/wp-content\/uploads\/2025\/07\/tham-lot-san-toyota-fortuner-2008-2016-4-1-100x100.webp 100w, https:\/\/topcar.vn\/wp-content\/uploads\/2025\/07\/tham-lot-san-toyota-fortuner-2008-2016-4-1.webp 1081w\" sizes=\"(max-width: 1024px) 100vw, 1024px\" \/><figcaption id=\"caption-attachment-3321\" class=\"wp-caption-text\">Th\u1ea3m l\u00f3t s\u00e0n Toyota Fortuner 2008-2016<\/figcaption><\/figure>\n<p data-start=\"1835\" data-end=\"2371\">Topcar c\u00f3 h\u01a1n 10 n\u0103m kinh nghi\u1ec7m cung c\u1ea5p th\u1ea3m \u00f4 t\u00f4 ch\u00ednh h\u00e3ng. S\u1ea3n ph\u1ea9m \u0111\u01b0\u1ee3c h\u00e0ng ng\u00e0n kh\u00e1ch h\u00e0ng tin d\u00f9ng tr\u00ean to\u00e0n qu\u1ed1c. Khi mua th\u1ea3m t\u1ea1i Topcar, kh\u00e1ch h\u00e0ng nh\u1eadn nhi\u1ec1u \u01b0u \u0111\u00e3i h\u1ea5p d\u1eabn:<\/p>\n<ul>\n<li data-start=\"1835\" data-end=\"2371\">Giao h\u00e0ng mi\u1ec5n ph\u00ed to\u00e0n qu\u1ed1c, nhanh ch\u00f3ng v\u00e0 an to\u00e0n.<\/li>\n<li data-start=\"1835\" data-end=\"2371\">Mi\u1ec5n ph\u00ed l\u1eafp \u0111\u1eb7t trong n\u1ed9i th\u00e0nh H\u00e0 N\u1ed9i v\u1edbi k\u1ef9 thu\u1eadt vi\u00ean chuy\u00ean nghi\u1ec7p.<\/li>\n<li data-start=\"1835\" data-end=\"2371\">\u0110\u01b0\u1ee3c \u0111\u1ed5i m\u1edbi trong 7 ng\u00e0y n\u1ebfu th\u1ea3m c\u00f3 l\u1ed7i s\u1ea3n xu\u1ea5t.<\/li>\n<li data-start=\"1835\" data-end=\"2371\">Cho ki\u1ec3m tra h\u00e0ng tr\u01b0\u1edbc khi thanh to\u00e1n \u0111\u1ec3 \u0111\u1ea3m b\u1ea3o quy\u1ec1n l\u1ee3i.<\/li>\n<li data-start=\"1835\" data-end=\"2371\">B\u1ea3o h\u00e0nh ch\u00ednh h\u00e3ng l\u00ean \u0111\u1ebfn 5 n\u0103m s\u1eed d\u1ee5ng.<\/li>\n<\/ul>\n<h2 data-start=\"2373\" data-end=\"2680\"><strong data-start=\"2373\" data-end=\"2388\">5. K\u1ebft lu\u1eadn.<\/strong><\/h2>\n<p data-start=\"2373\" data-end=\"2680\">Th\u1ea3m l\u00f3t s\u00e0n Toyota Fortuner 2008-2016 l\u00e0 ph\u1ee5 ki\u1ec7n thi\u1ebft y\u1ebfu \u0111\u1ec3 b\u1ea3o v\u1ec7 s\u00e0n xe lu\u00f4n s\u1ea1ch s\u1ebd. Thi\u1ebft k\u1ebf chu\u1ea9n form, ch\u1ea5t li\u1ec7u b\u1ec1n \u0111\u1eb9p, \u0111\u1ea3m b\u1ea3o \u0111\u1ed9 an to\u00e0n v\u00e0 ti\u1ec7n l\u1ee3i. Ph\u00f9 h\u1ee3p v\u1edbi c\u1ea3 gia \u0111\u00ecnh s\u1eed d\u1ee5ng v\u00e0 doanh nghi\u1ec7p v\u1eadn t\u1ea3i. Topcar l\u00e0 l\u1ef1a ch\u1ecdn uy t\u00edn v\u1edbi s\u1ea3n ph\u1ea9m ch\u1ea5t l\u01b0\u1ee3ng v\u00e0 d\u1ecbch v\u1ee5 chuy\u00ean nghi\u1ec7p.<\/p>\n<p data-start=\"2682\" data-end=\"2853\"><strong data-start=\"2682\" data-end=\"2726\">Li\u00ean h\u1ec7 \u0111\u1eb7t mua v\u00e0 nh\u1eadn t\u01b0 v\u1ea5n mi\u1ec5n ph\u00ed:<\/strong><br data-start=\"2726\" data-end=\"2729\" \/>Hotline: 0889.385.222<br data-start=\"2750\" data-end=\"2753\" \/>\u0110\u1ecba ch\u1ec9: S\u1ed1 9 BT2, Khu \u0111\u00f4 th\u1ecb Foresa Xu\u00e2n Ph\u01b0\u01a1ng, Nam T\u1eeb Li\u00eam, H\u00e0 N\u1ed9i<br data-start=\"2822\" data-end=\"2825\" \/>Website: <a class=\"\" href=\"https:\/\/Topcar.vn\" target=\"_new\" rel=\"noopener\" data-start=\"2834\" data-end=\"2851\">https:\/\/Topcar.vn<\/a><\/p>\n<p data-start=\"2855\" data-end=\"2948\" data-is-last-node=\"\" data-is-only-node=\"\">\u0110\u1eb7t mua th\u1ea3m l\u00f3t s\u00e0n Fortuner 2008\u20132016 ngay h\u00f4m nay \u0111\u1ec3 gi\u1eef n\u1ed9i th\u1ea5t xe lu\u00f4n m\u1edbi v\u00e0 \u0111\u1eb3ng c\u1ea5p.<\/p>\n<\/div>\n<\/div>\n<\/div>\n<\/div>\n<\/div>\n<\/div>\n<\/article>\n","protected":false},"excerpt":{"rendered":"<ul>\n<li>Mi\u1ec5n ph\u00ed giao h\u00e0ng to\u00e0n qu\u1ed1c<\/li>\n<li>Nh\u1eadn h\u00e0ng &gt; L\u1eafp \u0111\u1eb7t &gt; Thanh to\u00e1n<\/li>\n<li>B\u1ea3o h\u00e0nh 5 n\u0103m<\/li>\n<\/ul>\n","protected":false},"featured_media":3715,"comment_status":"closed","ping_status":"closed","template":"","meta":{"site-sidebar-layout":"no-sidebar","site-content-layout":"content-boxed-container","ast-site-content-layout":"normal-width-container","site-content-style":"boxed","site-sidebar-style":"unboxed","ast-global-header-display":"","ast-banner-title-visibility":"","ast-main-header-display":"","ast-hfb-above-header-display":"","ast-hfb-below-header-display":"","ast-hfb-mobile-header-display":"","site-post-title":"","ast-breadcrumbs-content":"","ast-featured-img":"","footer-sml-layout":"","ast-disable-related-posts":"","theme-transparent-header-meta":"default","adv-header-id-meta":"","stick-header-meta":"","header-above-stick-meta":"","header-main-stick-meta":"","header-below-stick-meta":"","astra-migrate-meta-layouts":"set","ast-page-background-enabled":"default","ast-page-background-meta":{"desktop":{"background-color":"var(--ast-global-color-4)","background-image":"","background-repeat":"repeat","background-position":"center center","background-size":"auto","background-attachment":"scroll","background-type":"","background-media":"","overlay-type":"","overlay-color":"","overlay-opacity":"","overlay-gradient":""},"tablet":{"background-color":"","background-image":"","background-repeat":"repeat","background-position":"center center","background-size":"auto","background-attachment":"scroll","background-type":"","background-media":"","overlay-type":"","overlay-color":"","overlay-opacity":"","overlay-gradient":""},"mobile":{"background-color":"","background-image":"","background-repeat":"repeat","background-position":"center center","background-size":"auto","background-attachment":"scroll","background-type":"","background-media":"","overlay-type":"","overlay-color":"","overlay-opacity":"","overlay-gradient":""}},"ast-content-background-meta":{"desktop":{"background-color":"var(--ast-global-color-5)","background-image":"","background-repeat":"repeat","background-position":"center center","background-size":"auto","background-attachment":"scroll","background-type":"","background-media":"","overlay-type":"","overlay-color":"","overlay-opacity":"","overlay-gradient":""},"tablet":{"background-color":"var(--ast-global-color-5)","background-image":"","background-repeat":"repeat","background-position":"center center","background-size":"auto","background-attachment":"scroll","background-type":"","background-media":"","overlay-type":"","overlay-color":"","overlay-opacity":"","overlay-gradient":""},"mobile":{"background-color":"var(--ast-global-color-5)","background-image":"","background-repeat":"repeat","background-position":"center center","background-size":"auto","background-attachment":"scroll","background-type":"","background-media":"","overlay-type":"","overlay-color":"","overlay-opacity":"","overlay-gradient":""}}},"product_brand":[],"product_cat":[43,45],"product_tag":[73,74,78,77,75,76,83],"class_list":{"0":"post-1949","1":"product","2":"type-product","3":"status-publish","4":"has-post-thumbnail","6":"product_cat-tham-lot-san-o-to","7":"product_cat-tham-lot-san-o-to-toyota","8":"product_tag-tham-lot-san-o-to","9":"product_tag-tham-lot-san-o-to-bang-nhua","10":"product_tag-tham-lot-san-o-to-cao-su-duc","11":"product_tag-tham-lot-san-o-to-nhua-duc","12":"product_tag-tham-lot-san-o-to-tot-nhat-hien-nay","13":"product_tag-tham-lot-san-o-to-tpe","14":"product_tag-tham-lot-san-toyota-fortuner-2008-2016","15":"desktop-align-left","16":"tablet-align-left","17":"mobile-align-left","19":"first","20":"instock","21":"shipping-taxable","22":"purchasable","23":"product-type-variable"},"_links":{"self":[{"href":"https:\/\/topcar.vn\/index.php?rest_route=\/wp\/v2\/product\/1949","targetHints":{"allow":["GET"]}}],"collection":[{"href":"https:\/\/topcar.vn\/index.php?rest_route=\/wp\/v2\/product"}],"about":[{"href":"https:\/\/topcar.vn\/index.php?rest_route=\/wp\/v2\/types\/product"}],"replies":[{"embeddable":true,"href":"https:\/\/topcar.vn\/index.php?rest_route=%2Fwp%2Fv2%2Fcomments&post=1949"}],"version-history":[{"count":3,"href":"https:\/\/topcar.vn\/index.php?rest_route=\/wp\/v2\/product\/1949\/revisions"}],"predecessor-version":[{"id":1972,"href":"https:\/\/topcar.vn\/index.php?rest_route=\/wp\/v2\/product\/1949\/revisions\/1972"}],"wp:featuredmedia":[{"embeddable":true,"href":"https:\/\/topcar.vn\/index.php?rest_route=\/wp\/v2\/media\/3715"}],"wp:attachment":[{"href":"https:\/\/topcar.vn\/index.php?rest_route=%2Fwp%2Fv2%2Fmedia&parent=1949"}],"wp:term":[{"taxonomy":"product_brand","embeddable":true,"href":"https:\/\/topcar.vn\/index.php?rest_route=%2Fwp%2Fv2%2Fproduct_brand&post=1949"},{"taxonomy":"product_cat","embeddable":true,"href":"https:\/\/topcar.vn\/index.php?rest_route=%2Fwp%2Fv2%2Fproduct_cat&post=1949"},{"taxonomy":"product_tag","embeddable":true,"href":"https:\/\/topcar.vn\/index.php?rest_route=%2Fwp%2Fv2%2Fproduct_tag&post=1949"}],"curies":[{"name":"wp","href":"https:\/\/api.w.org\/{rel}","templated":true}]}}