{"id":1932,"date":"2025-07-23T18:34:24","date_gmt":"2025-07-23T11:34:24","guid":{"rendered":"http:\/\/khaitest.rf.gd\/?post_type=product&#038;p=1932"},"modified":"2025-12-05T11:31:35","modified_gmt":"2025-12-05T04:31:35","slug":"tham-lot-san-toyota-innova-cross-2024","status":"publish","type":"product","link":"https:\/\/topcar.vn\/?product=tham-lot-san-toyota-innova-cross-2024","title":{"rendered":"Th\u1ea3m l\u00f3t s\u00e0n Toyota Innova Cross 2024"},"content":{"rendered":"<article class=\"text-token-text-primary w-full\" dir=\"auto\" data-testid=\"conversation-turn-10\" data-scroll-anchor=\"true\">\n<div class=\"text-base my-auto mx-auto pb-10 [--thread-content-margin:--spacing(4)] @[37rem]:[--thread-content-margin:--spacing(6)] @[72rem]:[--thread-content-margin:--spacing(16)] px-(--thread-content-margin)\">\n<div class=\"[--thread-content-max-width:32rem] @[34rem]:[--thread-content-max-width:40rem] @[64rem]:[--thread-content-max-width:48rem] mx-auto max-w-(--thread-content-max-width) flex-1 group\/turn-messages focus-visible:outline-hidden relative flex w-full min-w-0 flex-col agent-turn\" tabindex=\"-1\">\n<div class=\"flex max-w-full flex-col grow\">\n<div class=\"min-h-8 text-message relative flex w-full flex-col items-end gap-2 text-start break-words whitespace-normal [.text-message+&amp;]:mt-5\" dir=\"auto\" data-message-author-role=\"assistant\" data-message-id=\"6ee8a93f-7fdb-4c7e-b8bb-2a874c3d517b\" data-message-model-slug=\"gpt-4o\">\n<div class=\"flex w-full flex-col gap-1 empty:hidden first:pt-[3px]\">\n<div class=\"markdown prose dark:prose-invert w-full break-words light\">\n<p data-start=\"183\" data-end=\"648\">Toyota Innova Cross 2024 l\u00e0 d\u00f2ng MPV m\u1edbi, thi\u1ebft k\u1ebf hi\u1ec7n \u0111\u1ea1i, n\u1ed9i th\u1ea5t r\u1ed9ng, v\u1eadn h\u00e0nh linh ho\u1ea1t. Xe c\u00f3 hai phi\u00ean b\u1ea3n 7 ch\u1ed7 v\u00e0 8 ch\u1ed7, ph\u00f9 h\u1ee3p v\u1edbi gia \u0111\u00ecnh v\u00e0 doanh nghi\u1ec7p v\u1eadn t\u1ea3i. S\u00e0n xe th\u01b0\u1eddng xuy\u00ean ti\u1ebfp x\u00fac v\u1edbi b\u1ee5i b\u1ea9n, \u1ea9m m\u1ed1c v\u00e0 tr\u1ea7y x\u01b0\u1edbc n\u1ebfu kh\u00f4ng \u0111\u01b0\u1ee3c b\u1ea3o v\u1ec7 \u0111\u00fang c\u00e1ch. <a href=\"http:\/\/khaitest.rf.gd\/?p=1879\" target=\"_blank\" rel=\"noopener\">Th\u1ea3m l\u00f3t s\u00e0n<\/a> Toyota Innova Cross 2024 c\u1ee7a Topcar l\u00e0 gi\u1ea3i ph\u00e1p b\u1ea3o v\u1ec7 s\u00e0n xe to\u00e0n di\u1ec7n v\u00e0 hi\u1ec7u qu\u1ea3. S\u1ea3n ph\u1ea9m thi\u1ebft k\u1ebf theo form s\u00e0n t\u1eebng phi\u00ean b\u1ea3n, ch\u1ea5t li\u1ec7u an to\u00e0n, \u0111\u1ed9 b\u1ec1n cao v\u00e0 d\u1ec5 v\u1ec7 sinh.<\/p>\n<hr data-start=\"650\" data-end=\"653\" \/>\n<h2 data-start=\"655\" data-end=\"731\">1. Gi\u1edbi thi\u1ec7u th\u1ea3m l\u00f3t s\u00e0n Toyota Innova Cross 2024 ch\u00ednh h\u00e3ng t\u1ea1i Topcar<\/h2>\n<figure id=\"attachment_3310\" aria-describedby=\"caption-attachment-3310\" style=\"width: 1024px\" class=\"wp-caption aligncenter\"><img fetchpriority=\"high\" decoding=\"async\" class=\"wp-image-3310 size-large\" src=\"http:\/\/khaitest.rf.gd\/wp-content\/uploads\/2025\/07\/tham-lot-san-toyota-innova-cross-2024-1-1024x1024.webp\" alt=\"tham-lot-san-toyota-innova-cross-2024\" width=\"1024\" height=\"1024\" srcset=\"https:\/\/topcar.vn\/wp-content\/uploads\/2025\/07\/tham-lot-san-toyota-innova-cross-2024-1-1024x1024.webp 1024w, https:\/\/topcar.vn\/wp-content\/uploads\/2025\/07\/tham-lot-san-toyota-innova-cross-2024-1-300x300.webp 300w, https:\/\/topcar.vn\/wp-content\/uploads\/2025\/07\/tham-lot-san-toyota-innova-cross-2024-1-150x150.webp 150w, https:\/\/topcar.vn\/wp-content\/uploads\/2025\/07\/tham-lot-san-toyota-innova-cross-2024-1-768x767.webp 768w, https:\/\/topcar.vn\/wp-content\/uploads\/2025\/07\/tham-lot-san-toyota-innova-cross-2024-1-600x599.webp 600w, https:\/\/topcar.vn\/wp-content\/uploads\/2025\/07\/tham-lot-san-toyota-innova-cross-2024-1-100x100.webp 100w, https:\/\/topcar.vn\/wp-content\/uploads\/2025\/07\/tham-lot-san-toyota-innova-cross-2024-1.webp 1081w\" sizes=\"(max-width: 1024px) 100vw, 1024px\" \/><figcaption id=\"caption-attachment-3310\" class=\"wp-caption-text\">Th\u1ea3m l\u00f3t s\u00e0n Toyota Innova Cross 2024<\/figcaption><\/figure>\n<p data-start=\"733\" data-end=\"1328\">Th\u1ea3m \u0111\u01b0\u1ee3c l\u00e0m t\u1eeb nh\u1ef1a TPE nguy\u00ean sinh, m\u1ec1m d\u1ebbo, \u0111\u00e0n h\u1ed3i t\u1ed1t, kh\u00f4ng ch\u1ee9a h\u00f3a ch\u1ea5t \u0111\u1ed9c h\u1ea1i. C\u00f4ng ngh\u1ec7 \u0111\u00fac khu\u00f4n 3D gi\u00fap th\u1ea3m \u00f4m kh\u00edt s\u00e0n xe, kh\u00f4ng b\u1ecb x\u00f4 l\u1ec7ch khi s\u1eed d\u1ee5ng. C\u00f4ng ngh\u1ec7 Laser Scan 3D \u0111\u1ea3m b\u1ea3o \u0111\u1ed9 ch\u00ednh x\u00e1c tuy\u1ec7t \u0111\u1ed1i cho t\u1eebng chi ti\u1ebft b\u1ec1 m\u1eb7t s\u00e0n. Vi\u1ec1n th\u1ea3m cao, c\u00f3 r\u00e3nh ch\u1ed1ng tr\u00e0n, gi\u1eef n\u01b0\u1edbc v\u00e0 b\u1ee5i kh\u00f4ng lan xu\u1ed1ng s\u00e0n xe. Ch\u1ed1t kh\u00f3a an to\u00e0n gi\u00fap c\u1ed1 \u0111\u1ecbnh v\u1ecb tr\u00ed th\u1ea3m, kh\u00f4ng b\u1ecb tr\u01b0\u1ee3t trong khi \u0111i\u1ec1u khi\u1ec3n xe. B\u1ed9 th\u1ea3m chia th\u00e0nh c\u00e1c ph\u1ea7n ri\u00eang cho t\u1eebng h\u00e0ng gh\u1ebf, l\u1eafp \u0111\u1eb7t \u0111\u01a1n gi\u1ea3n v\u00e0 g\u1ecdn g\u00e0ng. Kh\u00e1ch h\u00e0ng c\u00f3 th\u1ec3 ch\u1ecdn th\u00eam th\u1ea3m r\u1ed1i ph\u1ee7 tr\u00ean \u0111\u1ec3 t\u0103ng kh\u1ea3 n\u0103ng gi\u1eef b\u1ee5i v\u00e0 t\u1ea1o \u0111\u1ed9 \u00eam \u00e1i.<\/p>\n<hr data-start=\"1330\" data-end=\"1333\" \/>\n<h2 data-start=\"1335\" data-end=\"1391\">2. \u01afu \u0111i\u1ec3m khi s\u1eed d\u1ee5ng th\u1ea3m l\u00f3t s\u00e0n Innova Cross 2024<\/h2>\n<figure id=\"attachment_3313\" aria-describedby=\"caption-attachment-3313\" style=\"width: 1024px\" class=\"wp-caption aligncenter\"><img decoding=\"async\" class=\"wp-image-3313 size-large\" src=\"http:\/\/khaitest.rf.gd\/wp-content\/uploads\/2025\/07\/tham-lot-san-toyota-innova-cross-2024-3-1024x1024.webp\" alt=\"tham-lot-san-toyota-innova-cross-2024\" width=\"1024\" height=\"1024\" srcset=\"https:\/\/topcar.vn\/wp-content\/uploads\/2025\/07\/tham-lot-san-toyota-innova-cross-2024-3-1024x1024.webp 1024w, https:\/\/topcar.vn\/wp-content\/uploads\/2025\/07\/tham-lot-san-toyota-innova-cross-2024-3-300x300.webp 300w, https:\/\/topcar.vn\/wp-content\/uploads\/2025\/07\/tham-lot-san-toyota-innova-cross-2024-3-150x150.webp 150w, https:\/\/topcar.vn\/wp-content\/uploads\/2025\/07\/tham-lot-san-toyota-innova-cross-2024-3-768x767.webp 768w, https:\/\/topcar.vn\/wp-content\/uploads\/2025\/07\/tham-lot-san-toyota-innova-cross-2024-3-600x599.webp 600w, https:\/\/topcar.vn\/wp-content\/uploads\/2025\/07\/tham-lot-san-toyota-innova-cross-2024-3-100x100.webp 100w, https:\/\/topcar.vn\/wp-content\/uploads\/2025\/07\/tham-lot-san-toyota-innova-cross-2024-3.webp 1081w\" sizes=\"(max-width: 1024px) 100vw, 1024px\" \/><figcaption id=\"caption-attachment-3313\" class=\"wp-caption-text\">Th\u1ea3m l\u00f3t s\u00e0n Toyota Innova Cross 2024<\/figcaption><\/figure>\n<p data-start=\"1393\" data-end=\"1902\">Thi\u1ebft k\u1ebf v\u1eeba kh\u00edt theo t\u1eebng phi\u00ean b\u1ea3n Innova Cross 2024, kh\u00f4ng c\u1ea7n ch\u1ec9nh s\u1eeda hay c\u1eaft g\u1ecdt. Th\u1ea3m ch\u1ed1ng n\u01b0\u1edbc hi\u1ec7u qu\u1ea3, b\u1ea3o v\u1ec7 s\u00e0n xe trong th\u1eddi ti\u1ebft x\u1ea5u ho\u1eb7c khi xe \u0111i qua v\u00f9ng ng\u1eadp. Kh\u00f4ng m\u00f9i, kh\u00f4ng g\u00e2y k\u00edch \u1ee9ng da, an to\u00e0n v\u1edbi tr\u1ebb nh\u1ecf v\u00e0 ng\u01b0\u1eddi l\u1edbn tu\u1ed5i. Th\u1ea3m h\u1ed7 tr\u1ee3 c\u00e1ch \u00e2m, gi\u1ea3m ti\u1ebfng \u1ed3n t\u1eeb g\u1ea7m xe, t\u1ea1o kh\u00f4ng gian y\u00ean t\u0129nh khi di chuy\u1ec3n.<br data-start=\"1736\" data-end=\"1739\" \/>Vi\u1ec7c l\u1eafp \u0111\u1eb7t v\u00e0 v\u1ec7 sinh th\u1ea3m r\u1ea5t \u0111\u01a1n gi\u1ea3n, kh\u00f4ng c\u1ea7n d\u1ee5ng c\u1ee5 chuy\u00ean d\u1ee5ng hay k\u1ef9 thu\u1eadt.<br data-start=\"1825\" data-end=\"1828\" \/>Thi\u1ebft k\u1ebf hi\u1ec7n \u0111\u1ea1i v\u00e0 sang tr\u1ecdng, gi\u00fap n\u1ed9i th\u1ea5t xe g\u1ecdn g\u00e0ng v\u00e0 th\u1ea9m m\u1ef9 h\u01a1n.<\/p>\n<hr data-start=\"1904\" data-end=\"1907\" \/>\n<h2 data-start=\"1909\" data-end=\"1960\">3. Gi\u00e1 b\u00e1n th\u1ea3m l\u00f3t s\u00e0n Toyota Innova Cross 2024<\/h2>\n<figure id=\"attachment_3309\" aria-describedby=\"caption-attachment-3309\" style=\"width: 1024px\" class=\"wp-caption aligncenter\"><img decoding=\"async\" class=\"wp-image-3309 size-large\" src=\"http:\/\/khaitest.rf.gd\/wp-content\/uploads\/2025\/07\/anh-dai-dien-tham-lot-san-toyota-innova-cross-2024-1024x683.webp\" alt=\"tham-lot-san-toyota-innova-cross-2024\" width=\"1024\" height=\"683\" srcset=\"https:\/\/topcar.vn\/wp-content\/uploads\/2025\/07\/anh-dai-dien-tham-lot-san-toyota-innova-cross-2024-1024x683.webp 1024w, https:\/\/topcar.vn\/wp-content\/uploads\/2025\/07\/anh-dai-dien-tham-lot-san-toyota-innova-cross-2024-300x200.webp 300w, https:\/\/topcar.vn\/wp-content\/uploads\/2025\/07\/anh-dai-dien-tham-lot-san-toyota-innova-cross-2024-768x512.webp 768w, https:\/\/topcar.vn\/wp-content\/uploads\/2025\/07\/anh-dai-dien-tham-lot-san-toyota-innova-cross-2024-1536x1024.webp 1536w, https:\/\/topcar.vn\/wp-content\/uploads\/2025\/07\/anh-dai-dien-tham-lot-san-toyota-innova-cross-2024-600x400.webp 600w, https:\/\/topcar.vn\/wp-content\/uploads\/2025\/07\/anh-dai-dien-tham-lot-san-toyota-innova-cross-2024.webp 2048w\" sizes=\"(max-width: 1024px) 100vw, 1024px\" \/><figcaption id=\"caption-attachment-3309\" class=\"wp-caption-text\">Th\u1ea3m l\u00f3t s\u00e0n Toyota Innova Cross 2024<\/figcaption><\/figure>\n<p>Topcar cung c\u1ea5p hai phi\u00ean b\u1ea3n th\u1ea3m l\u00f3t s\u00e0n Innova Cross 2024 cho kh\u00e1ch h\u00e0ng l\u1ef1a ch\u1ecdn:<\/p>\n<ul>\n<li data-start=\"1962\" data-end=\"2478\">Phi\u00ean b\u1ea3n ti\u00eau chu\u1ea9n l\u00e0 b\u1ed9 th\u1ea3m TPE \u0111\u00fac khu\u00f4n, c\u00f3 gi\u00e1 2.250.000 VN\u0110.<\/li>\n<li data-start=\"1962\" data-end=\"2478\">Phi\u00ean b\u1ea3n n\u00e2ng c\u1ea5p g\u1ed3m th\u1ea3m TPE v\u00e0 th\u1ea3m r\u1ed1i ph\u1ee7 tr\u00ean, c\u00f3 gi\u00e1 2.500.000 VN\u0110.<\/li>\n<\/ul>\n<p>Gi\u00e1 b\u00e1n \u00e1p d\u1ee5ng cho c\u1ea3 hai b\u1ea3n Innova Cross 7 ch\u1ed7 v\u00e0 8 ch\u1ed7.<br data-start=\"2258\" data-end=\"2261\" \/>Ngo\u00e0i ra, kh\u00e1ch h\u00e0ng \u0111\u01b0\u1ee3c nh\u1eadn nhi\u1ec1u \u01b0u \u0111\u00e3i khi mua th\u1ea3m t\u1ea1i Topcar:<\/p>\n<ul>\n<li data-start=\"1962\" data-end=\"2478\">\u01afu \u0111\u00e3i g\u1ed3m mi\u1ec5n ph\u00ed v\u1eadn chuy\u1ec3n to\u00e0n qu\u1ed1c v\u00e0 gi\u1ea3m gi\u00e1 v\u00e0o c\u00e1c d\u1ecbp l\u1ec5 t\u1ebft.<\/li>\n<li data-start=\"1962\" data-end=\"2478\">M\u1ed9t s\u1ed1 \u0111\u01a1n h\u00e0ng c\u00f2n \u0111\u01b0\u1ee3c t\u1eb7ng qu\u00e0 k\u00e8m theo khi mua s\u1ea3n ph\u1ea9m ch\u00ednh h\u00e3ng.<\/li>\n<\/ul>\n<hr data-start=\"2480\" data-end=\"2483\" \/>\n<h2 data-start=\"2485\" data-end=\"2549\">4. Mua th\u1ea3m l\u00f3t s\u00e0n Toyota Innova Cross 2024 ch\u00ednh h\u00e3ng t\u1ea1i Topcar<\/h2>\n<figure id=\"attachment_3314\" aria-describedby=\"caption-attachment-3314\" style=\"width: 1024px\" class=\"wp-caption aligncenter\"><img loading=\"lazy\" decoding=\"async\" class=\"wp-image-3314 size-large\" src=\"http:\/\/khaitest.rf.gd\/wp-content\/uploads\/2025\/07\/tham-lot-san-toyota-innova-cross-2024-4-1024x1024.webp\" alt=\"tham-lot-san-toyota-innova-cross-2024\" width=\"1024\" height=\"1024\" srcset=\"https:\/\/topcar.vn\/wp-content\/uploads\/2025\/07\/tham-lot-san-toyota-innova-cross-2024-4-1024x1024.webp 1024w, https:\/\/topcar.vn\/wp-content\/uploads\/2025\/07\/tham-lot-san-toyota-innova-cross-2024-4-300x300.webp 300w, https:\/\/topcar.vn\/wp-content\/uploads\/2025\/07\/tham-lot-san-toyota-innova-cross-2024-4-150x150.webp 150w, https:\/\/topcar.vn\/wp-content\/uploads\/2025\/07\/tham-lot-san-toyota-innova-cross-2024-4-768x767.webp 768w, https:\/\/topcar.vn\/wp-content\/uploads\/2025\/07\/tham-lot-san-toyota-innova-cross-2024-4-600x599.webp 600w, https:\/\/topcar.vn\/wp-content\/uploads\/2025\/07\/tham-lot-san-toyota-innova-cross-2024-4-100x100.webp 100w, https:\/\/topcar.vn\/wp-content\/uploads\/2025\/07\/tham-lot-san-toyota-innova-cross-2024-4.webp 1081w\" sizes=\"(max-width: 1024px) 100vw, 1024px\" \/><figcaption id=\"caption-attachment-3314\" class=\"wp-caption-text\">Th\u1ea3m l\u00f3t s\u00e0n Toyota Innova Cross 2024<\/figcaption><\/figure>\n<p>Topcar l\u00e0 \u0111\u01a1n v\u1ecb chuy\u00ean cung c\u1ea5p th\u1ea3m \u00f4 t\u00f4 ch\u00ednh h\u00e3ng v\u1edbi h\u01a1n 10 n\u0103m kinh nghi\u1ec7m. H\u00e0ng ng\u00e0n kh\u00e1ch h\u00e0ng tr\u00ean to\u00e0n qu\u1ed1c \u0111\u00e3 tin t\u01b0\u1edfng v\u00e0 l\u1ef1a ch\u1ecdn s\u1ea3n ph\u1ea9m c\u1ee7a Topcar.<br data-start=\"2716\" data-end=\"2719\" \/>Khi mua th\u1ea3m t\u1ea1i Topcar, kh\u00e1ch h\u00e0ng \u0111\u01b0\u1ee3c nh\u1eadn nhi\u1ec1u ch\u00ednh s\u00e1ch \u01b0u \u0111\u00e3i h\u1ea5p d\u1eabn:<\/p>\n<ul>\n<li data-start=\"2551\" data-end=\"3149\">Giao h\u00e0ng mi\u1ec5n ph\u00ed to\u00e0n qu\u1ed1c cho m\u1ecdi \u0111\u01a1n h\u00e0ng th\u1ea3m l\u00f3t s\u00e0n Innova Cross 2024.<\/li>\n<li data-start=\"2551\" data-end=\"3149\">Mi\u1ec5n ph\u00ed l\u1eafp \u0111\u1eb7t trong khu v\u1ef1c n\u1ed9i th\u00e0nh H\u00e0 N\u1ed9i, nhanh ch\u00f3ng v\u00e0 thu\u1eadn ti\u1ec7n.<\/li>\n<li data-start=\"2551\" data-end=\"3149\">Kh\u00e1ch h\u00e0ng \u0111\u01b0\u1ee3c 1 \u0111\u1ed5i 1 trong 7 ng\u00e0y n\u1ebfu s\u1ea3n ph\u1ea9m c\u00f3 l\u1ed7i t\u1eeb nh\u00e0 s\u1ea3n xu\u1ea5t.<\/li>\n<li data-start=\"2551\" data-end=\"3149\">Ki\u1ec3m tra h\u00e0ng tr\u01b0\u1edbc khi thanh to\u00e1n, \u0111\u1ea3m b\u1ea3o quy\u1ec1n l\u1ee3i ng\u01b0\u1eddi mua.<\/li>\n<li data-start=\"2551\" data-end=\"3149\">S\u1ea3n ph\u1ea9m \u0111\u01b0\u1ee3c b\u1ea3o h\u00e0nh ch\u00ednh h\u00e3ng l\u00ean \u0111\u1ebfn 5 n\u0103m.<\/li>\n<\/ul>\n<hr data-start=\"3151\" data-end=\"3154\" \/>\n<h2 data-start=\"3156\" data-end=\"3170\">5. K\u1ebft lu\u1eadn<\/h2>\n<p data-start=\"3172\" data-end=\"3521\">Th\u1ea3m l\u00f3t s\u00e0n Innova Cross 2024 l\u00e0 ph\u1ee5 ki\u1ec7n thi\u1ebft y\u1ebfu \u0111\u1ec3 b\u1ea3o v\u1ec7 n\u1ed9i th\u1ea5t xe lu\u00f4n s\u1ea1ch \u0111\u1eb9p. Thi\u1ebft k\u1ebf chu\u1ea9n theo form s\u00e0n xe, ch\u1ea5t li\u1ec7u cao c\u1ea5p, \u0111\u1ea3m b\u1ea3o \u0111\u1ed9 b\u1ec1n v\u00e0 an to\u00e0n s\u1eed d\u1ee5ng. S\u1ea3n ph\u1ea9m ph\u00f9 h\u1ee3p v\u1edbi c\u1ea3 nhu c\u1ea7u gia \u0111\u00ecnh v\u00e0 kinh doanh, \u0111\u00e1ng \u0111\u1ea7u t\u01b0 l\u00e2u d\u00e0i.<br data-start=\"3429\" data-end=\"3432\" \/>Topcar l\u00e0 l\u1ef1a ch\u1ecdn uy t\u00edn v\u1edbi s\u1ea3n ph\u1ea9m ch\u1ea5t l\u01b0\u1ee3ng, gi\u00e1 h\u1ee3p l\u00fd v\u00e0 ch\u00ednh s\u00e1ch ch\u0103m s\u00f3c t\u1ed1t.<\/p>\n<hr data-start=\"3523\" data-end=\"3526\" \/>\n<p data-start=\"3528\" data-end=\"3699\"><strong data-start=\"3528\" data-end=\"3574\">Li\u00ean h\u1ec7 \u0111\u1ec3 \u0111\u01b0\u1ee3c t\u01b0 v\u1ea5n v\u00e0 nh\u1eadn khuy\u1ebfn m\u00e3i:<\/strong><br data-start=\"3574\" data-end=\"3577\" \/>Hotline: 0889.385.222<br data-start=\"3598\" data-end=\"3601\" \/>\u0110\u1ecba ch\u1ec9: S\u1ed1 9 BT2, Khu \u0111\u00f4 th\u1ecb Foresa Xu\u00e2n Ph\u01b0\u01a1ng, Nam T\u1eeb Li\u00eam, H\u00e0 N\u1ed9i<br data-start=\"3670\" data-end=\"3673\" \/>Website: <a class=\"\" href=\"https:\/\/Topcar.vn\" target=\"_new\" rel=\"noopener\" data-start=\"3682\" data-end=\"3699\">https:\/\/Topcar.vn<\/a><\/p>\n<p data-start=\"3701\" data-end=\"3799\" data-is-last-node=\"\" data-is-only-node=\"\"><strong data-start=\"3701\" data-end=\"3799\" data-is-last-node=\"\">\u0110\u1eb7t mua th\u1ea3m l\u00f3t s\u00e0n Toyota Innova Cross 2024 ngay h\u00f4m nay \u0111\u1ec3 gi\u1eef xe lu\u00f4n s\u1ea1ch s\u1ebd v\u00e0 \u0111\u1eb3ng c\u1ea5p!<\/strong><\/p>\n<\/div>\n<\/div>\n<\/div>\n<\/div>\n<\/div>\n<\/div>\n<\/article>\n","protected":false},"excerpt":{"rendered":"<ul>\n<li>Mi\u1ec5n ph\u00ed giao h\u00e0ng to\u00e0n qu\u1ed1c<\/li>\n<li>Nh\u1eadn h\u00e0ng &gt; L\u1eafp \u0111\u1eb7t &gt; Thanh to\u00e1n<\/li>\n<li>B\u1ea3o h\u00e0nh 5 n\u0103m<\/li>\n<\/ul>\n","protected":false},"featured_media":3714,"comment_status":"closed","ping_status":"closed","template":"","meta":{"site-sidebar-layout":"no-sidebar","site-content-layout":"content-boxed-container","ast-site-content-layout":"normal-width-container","site-content-style":"boxed","site-sidebar-style":"unboxed","ast-global-header-display":"","ast-banner-title-visibility":"","ast-main-header-display":"","ast-hfb-above-header-display":"","ast-hfb-below-header-display":"","ast-hfb-mobile-header-display":"","site-post-title":"","ast-breadcrumbs-content":"","ast-featured-img":"","footer-sml-layout":"","ast-disable-related-posts":"","theme-transparent-header-meta":"default","adv-header-id-meta":"","stick-header-meta":"","header-above-stick-meta":"","header-main-stick-meta":"","header-below-stick-meta":"","astra-migrate-meta-layouts":"set","ast-page-background-enabled":"default","ast-page-background-meta":{"desktop":{"background-color":"var(--ast-global-color-4)","background-image":"","background-repeat":"repeat","background-position":"center center","background-size":"auto","background-attachment":"scroll","background-type":"","background-media":"","overlay-type":"","overlay-color":"","overlay-opacity":"","overlay-gradient":""},"tablet":{"background-color":"","background-image":"","background-repeat":"repeat","background-position":"center center","background-size":"auto","background-attachment":"scroll","background-type":"","background-media":"","overlay-type":"","overlay-color":"","overlay-opacity":"","overlay-gradient":""},"mobile":{"background-color":"","background-image":"","background-repeat":"repeat","background-position":"center center","background-size":"auto","background-attachment":"scroll","background-type":"","background-media":"","overlay-type":"","overlay-color":"","overlay-opacity":"","overlay-gradient":""}},"ast-content-background-meta":{"desktop":{"background-color":"var(--ast-global-color-5)","background-image":"","background-repeat":"repeat","background-position":"center center","background-size":"auto","background-attachment":"scroll","background-type":"","background-media":"","overlay-type":"","overlay-color":"","overlay-opacity":"","overlay-gradient":""},"tablet":{"background-color":"var(--ast-global-color-5)","background-image":"","background-repeat":"repeat","background-position":"center center","background-size":"auto","background-attachment":"scroll","background-type":"","background-media":"","overlay-type":"","overlay-color":"","overlay-opacity":"","overlay-gradient":""},"mobile":{"background-color":"var(--ast-global-color-5)","background-image":"","background-repeat":"repeat","background-position":"center center","background-size":"auto","background-attachment":"scroll","background-type":"","background-media":"","overlay-type":"","overlay-color":"","overlay-opacity":"","overlay-gradient":""}}},"product_brand":[],"product_cat":[43,45],"product_tag":[82,73,74,78,77,75,76],"class_list":{"0":"post-1932","1":"product","2":"type-product","3":"status-publish","4":"has-post-thumbnail","6":"product_cat-tham-lot-san-o-to","7":"product_cat-tham-lot-san-o-to-toyota","8":"product_tag-tham-lot-san-innova-cross-2024","9":"product_tag-tham-lot-san-o-to","10":"product_tag-tham-lot-san-o-to-bang-nhua","11":"product_tag-tham-lot-san-o-to-cao-su-duc","12":"product_tag-tham-lot-san-o-to-nhua-duc","13":"product_tag-tham-lot-san-o-to-tot-nhat-hien-nay","14":"product_tag-tham-lot-san-o-to-tpe","15":"desktop-align-left","16":"tablet-align-left","17":"mobile-align-left","19":"first","20":"instock","21":"shipping-taxable","22":"purchasable","23":"product-type-variable"},"_links":{"self":[{"href":"https:\/\/topcar.vn\/index.php?rest_route=\/wp\/v2\/product\/1932","targetHints":{"allow":["GET"]}}],"collection":[{"href":"https:\/\/topcar.vn\/index.php?rest_route=\/wp\/v2\/product"}],"about":[{"href":"https:\/\/topcar.vn\/index.php?rest_route=\/wp\/v2\/types\/product"}],"replies":[{"embeddable":true,"href":"https:\/\/topcar.vn\/index.php?rest_route=%2Fwp%2Fv2%2Fcomments&post=1932"}],"version-history":[{"count":4,"href":"https:\/\/topcar.vn\/index.php?rest_route=\/wp\/v2\/product\/1932\/revisions"}],"predecessor-version":[{"id":3308,"href":"https:\/\/topcar.vn\/index.php?rest_route=\/wp\/v2\/product\/1932\/revisions\/3308"}],"wp:featuredmedia":[{"embeddable":true,"href":"https:\/\/topcar.vn\/index.php?rest_route=\/wp\/v2\/media\/3714"}],"wp:attachment":[{"href":"https:\/\/topcar.vn\/index.php?rest_route=%2Fwp%2Fv2%2Fmedia&parent=1932"}],"wp:term":[{"taxonomy":"product_brand","embeddable":true,"href":"https:\/\/topcar.vn\/index.php?rest_route=%2Fwp%2Fv2%2Fproduct_brand&post=1932"},{"taxonomy":"product_cat","embeddable":true,"href":"https:\/\/topcar.vn\/index.php?rest_route=%2Fwp%2Fv2%2Fproduct_cat&post=1932"},{"taxonomy":"product_tag","embeddable":true,"href":"https:\/\/topcar.vn\/index.php?rest_route=%2Fwp%2Fv2%2Fproduct_tag&post=1932"}],"curies":[{"name":"wp","href":"https:\/\/api.w.org\/{rel}","templated":true}]}}