{"id":1906,"date":"2025-07-21T22:50:25","date_gmt":"2025-07-21T15:50:25","guid":{"rendered":"http:\/\/khaitest.rf.gd\/?post_type=product&#038;p=1906"},"modified":"2025-12-05T11:40:12","modified_gmt":"2025-12-05T04:40:12","slug":"tham-lot-san-toyota-vios-2014-2018","status":"publish","type":"product","link":"https:\/\/topcar.vn\/?product=tham-lot-san-toyota-vios-2014-2018","title":{"rendered":"Th\u1ea3m l\u00f3t s\u00e0n Toyota VIOS 2014-2018"},"content":{"rendered":"<p data-start=\"285\" data-end=\"721\">Toyota Vios 2014\u20132018 l\u00e0 d\u00f2ng xe sedan b\u1ec1n b\u1ec9, v\u1eadn h\u00e0nh \u1ed5n \u0111\u1ecbnh, \u0111\u01b0\u1ee3c nhi\u1ec1u c\u00e1 nh\u00e2n, gia \u0111\u00ecnh v\u00e0 doanh nghi\u1ec7p l\u1ef1a ch\u1ecdn l\u00e0m ph\u01b0\u01a1ng ti\u1ec7n di chuy\u1ec3n h\u1eb1ng ng\u00e0y. Tuy nhi\u00ean, sau m\u1ed9t th\u1eddi gian s\u1eed d\u1ee5ng, ph\u1ea7n s\u00e0n xe d\u1ec5 b\u1ecb b\u00e1m b\u1ee5i, \u1ea9m m\u1ed1c v\u00e0 tr\u1ea7y x\u01b0\u1edbc. \u0110\u1ec3 gi\u1eef cho n\u1ed9i th\u1ea5t lu\u00f4n s\u1ea1ch s\u1ebd v\u00e0 b\u1ec1n \u0111\u1eb9p, nhi\u1ec1u ch\u1ee7 xe \u0111\u00e3 tin t\u01b0\u1edfng l\u1ef1a ch\u1ecdn Th\u1ea3m l\u00f3t s\u00e0n Toyota VIOS 2014-2018 c\u1ee7a Topcar \u2013 s\u1ea3n ph\u1ea9m cao c\u1ea5p \u0111\u1ea3m b\u1ea3o c\u1ea3 v\u1ec1 ch\u1ea5t l\u01b0\u1ee3ng v\u00e0 an to\u00e0n s\u1ee9c kh\u1ecfe.<\/p>\n<h3 data-start=\"723\" data-end=\"787\">1. Gi\u1edbi thi\u1ec7u th\u1ea3m l\u00f3t s\u00e0n Toyota Vios 2014-2018 ch\u00ednh h\u00e3ng t\u1ea1i Topcar<\/h3>\n<figure id=\"attachment_3160\" aria-describedby=\"caption-attachment-3160\" style=\"width: 1024px\" class=\"wp-caption aligncenter\"><img fetchpriority=\"high\" decoding=\"async\" class=\"wp-image-3160 size-large\" src=\"http:\/\/khaitest.rf.gd\/wp-content\/uploads\/2025\/07\/tham-lot-san-toyota-vios-2014-2018-1024x1024.webp\" alt=\"tham-lot-san-toyota-vios-2014-2018\" width=\"1024\" height=\"1024\" srcset=\"https:\/\/topcar.vn\/wp-content\/uploads\/2025\/07\/tham-lot-san-toyota-vios-2014-2018-1024x1024.webp 1024w, https:\/\/topcar.vn\/wp-content\/uploads\/2025\/07\/tham-lot-san-toyota-vios-2014-2018-300x300.webp 300w, https:\/\/topcar.vn\/wp-content\/uploads\/2025\/07\/tham-lot-san-toyota-vios-2014-2018-150x150.webp 150w, https:\/\/topcar.vn\/wp-content\/uploads\/2025\/07\/tham-lot-san-toyota-vios-2014-2018-768x767.webp 768w, https:\/\/topcar.vn\/wp-content\/uploads\/2025\/07\/tham-lot-san-toyota-vios-2014-2018-600x599.webp 600w, https:\/\/topcar.vn\/wp-content\/uploads\/2025\/07\/tham-lot-san-toyota-vios-2014-2018-100x100.webp 100w, https:\/\/topcar.vn\/wp-content\/uploads\/2025\/07\/tham-lot-san-toyota-vios-2014-2018.webp 1081w\" sizes=\"(max-width: 1024px) 100vw, 1024px\" \/><figcaption id=\"caption-attachment-3160\" class=\"wp-caption-text\">Th\u1ea3m l\u00f3t s\u00e0n Toyota Vios 2014-2018<\/figcaption><\/figure>\n<p data-start=\"789\" data-end=\"1071\">Th\u1ea3m l\u00f3t s\u00e0n Toyota Vios 2014\u20132018 \u0111\u01b0\u1ee3c Topcar ph\u00e2n ph\u1ed1i ch\u00ednh h\u00e3ng, s\u1ea3n xu\u1ea5t t\u1eeb nh\u1ef1a TPE nguy\u00ean sinh, \u1ee9ng d\u1ee5ng c\u00f4ng ngh\u1ec7 \u0111\u00fac khu\u00f4n 3D theo form s\u00e0n t\u1eebng \u0111\u1eddi xe. S\u1ea3n ph\u1ea9m v\u1eeba v\u1eb7n tuy\u1ec7t \u0111\u1ed1i v\u1edbi kh\u00f4ng gian s\u00e0n Vios \u0111\u1eddi 2014\u20132018, \u0111\u1ea3m b\u1ea3o b\u1ea3o v\u1ec7 to\u00e0n di\u1ec7n v\u00e0 n\u00e2ng t\u1ea7m th\u1ea9m m\u1ef9 n\u1ed9i th\u1ea5t.<\/p>\n<p data-start=\"1073\" data-end=\"1099\">\u0110i\u1ec3m n\u1ed5i b\u1eadt c\u1ee7a s\u1ea3n ph\u1ea9m:<\/p>\n<p data-start=\"1103\" data-end=\"1268\">Ch\u1ea5t li\u1ec7u TPE cao c\u1ea5p: Nh\u1ef1a TPE m\u1ec1m d\u1ebbo, \u0111\u00e0n h\u1ed3i t\u1ed1t, ch\u1ed1ng th\u1ea5m, ch\u1ed1ng tr\u01a1n, ch\u1ecbu nhi\u1ec7t, kh\u00f4ng m\u00f9i, kh\u00f4ng g\u00e2y k\u00edch \u1ee9ng, th\u00e2n thi\u1ec7n v\u1edbi m\u00f4i tr\u01b0\u1eddng v\u00e0 c\u00f3 th\u1ec3 t\u00e1i ch\u1ebf.<\/p>\n<p data-start=\"1272\" data-end=\"1420\">Thi\u1ebft k\u1ebf tinh x\u1ea3o, v\u1eeba kh\u00edt: C\u00f4ng ngh\u1ec7 Laser Scan 3D cho ph\u00e9p th\u1ea3m \u00f4m s\u00e1t t\u1eebng chi ti\u1ebft m\u1eb7t s\u00e0n, h\u1ea1n ch\u1ebf t\u00ecnh tr\u1ea1ng x\u00f4 l\u1ec7ch trong qu\u00e1 tr\u00ecnh s\u1eed d\u1ee5ng.<\/p>\n<p data-start=\"1424\" data-end=\"1538\">Vi\u1ec1n cao v\u00e0 r\u00e3nh gi\u1eef b\u1ee5i th\u00f4ng minh: Gi\u1eef cho n\u01b0\u1edbc, \u0111\u1ea5t c\u00e1t, r\u00e1c v\u1ee5n kh\u00f4ng tr\u00e0n ra ngo\u00e0i, gi\u00fap s\u00e0n xe lu\u00f4n s\u1ea1ch s\u1ebd.<\/p>\n<p data-start=\"1542\" data-end=\"1649\">Ch\u1ed1t kh\u00f3a an to\u00e0n: Gi\u1eef th\u1ea3m c\u1ed1 \u0111\u1ecbnh, kh\u00f4ng v\u01b0\u1edbng ch\u00e2n ga \u2013 ch\u00e2n phanh, an to\u00e0n tuy\u1ec7t \u0111\u1ed1i khi \u0111i\u1ec1u khi\u1ec3n xe.<\/p>\n<p data-start=\"1653\" data-end=\"1801\">B\u1ed9 s\u1ea3n ph\u1ea9m t\u00e1ch r\u1eddi theo h\u00e0ng gh\u1ebf: G\u1ed3m th\u1ea3m gh\u1ebf l\u00e1i, gh\u1ebf ph\u1ee5, h\u00e0ng gh\u1ebf sau. C\u00f3 t\u00f9y ch\u1ecdn th\u1ea3m r\u1ed1i ph\u1ee7 tr\u00ean \u0111\u1ec3 t\u0103ng \u0111\u1ed9 \u00eam \u00e1i v\u00e0 gi\u1eef b\u1ee5i hi\u1ec7u qu\u1ea3 h\u01a1n.<\/p>\n<h3 data-start=\"1803\" data-end=\"1863\">2. \u01afu \u0111i\u1ec3m c\u1ee7a th\u1ea3m l\u00f3t s\u00e0n Toyota Vios 2014-2018<\/h3>\n<figure id=\"attachment_3161\" aria-describedby=\"caption-attachment-3161\" style=\"width: 1024px\" class=\"wp-caption aligncenter\"><img decoding=\"async\" class=\"wp-image-3161 size-large\" src=\"http:\/\/khaitest.rf.gd\/wp-content\/uploads\/2025\/07\/tham-lot-san-toyota-vios-2014-2018-2-1024x1024.webp\" alt=\"tham-lot-san-toyota-vios-2014-2018\" width=\"1024\" height=\"1024\" srcset=\"https:\/\/topcar.vn\/wp-content\/uploads\/2025\/07\/tham-lot-san-toyota-vios-2014-2018-2-1024x1024.webp 1024w, https:\/\/topcar.vn\/wp-content\/uploads\/2025\/07\/tham-lot-san-toyota-vios-2014-2018-2-300x300.webp 300w, https:\/\/topcar.vn\/wp-content\/uploads\/2025\/07\/tham-lot-san-toyota-vios-2014-2018-2-150x150.webp 150w, https:\/\/topcar.vn\/wp-content\/uploads\/2025\/07\/tham-lot-san-toyota-vios-2014-2018-2-768x767.webp 768w, https:\/\/topcar.vn\/wp-content\/uploads\/2025\/07\/tham-lot-san-toyota-vios-2014-2018-2-600x599.webp 600w, https:\/\/topcar.vn\/wp-content\/uploads\/2025\/07\/tham-lot-san-toyota-vios-2014-2018-2-100x100.webp 100w, https:\/\/topcar.vn\/wp-content\/uploads\/2025\/07\/tham-lot-san-toyota-vios-2014-2018-2.webp 1081w\" sizes=\"(max-width: 1024px) 100vw, 1024px\" \/><figcaption id=\"caption-attachment-3161\" class=\"wp-caption-text\">Th\u1ea3m l\u00f3t s\u00e0n Toyota Vios 2014-2018 l\u1eafp l\u00ean xe<\/figcaption><\/figure>\n<p data-start=\"1867\" data-end=\"1915\">\u0110\u00fac theo form chu\u1ea9n t\u1eebng \u0111\u1eddi xe Vios 2014\u20132018<\/p>\n<p data-start=\"1918\" data-end=\"1973\">Ch\u1ed1ng tr\u01a1n tr\u01b0\u1ee3t, ch\u1ed1ng x\u00ea d\u1ecbch, ch\u1ed1ng n\u01b0\u1edbc tuy\u1ec7t \u0111\u1ed1i<\/p>\n<p data-start=\"1976\" data-end=\"2026\">Kh\u00f4ng m\u00f9i, an to\u00e0n cho tr\u1ebb nh\u1ecf v\u00e0 ng\u01b0\u1eddi nh\u1ea1y c\u1ea3m<\/p>\n<p data-start=\"2029\" data-end=\"2077\">T\u0103ng hi\u1ec7u qu\u1ea3 c\u00e1ch \u00e2m, gi\u1ea3m \u1ed3n khi xe v\u1eadn h\u00e0nh<\/p>\n<p data-start=\"2080\" data-end=\"2126\">D\u1ec5 th\u00e1o l\u1eafp, d\u1ec5 v\u1ec7 sinh, ti\u1ebft ki\u1ec7m th\u1eddi gian<\/p>\n<p data-start=\"2129\" data-end=\"2182\">Thi\u1ebft k\u1ebf \u0111\u1eb9p m\u1eaft, t\u00f4n l\u00ean v\u1ebb sang tr\u1ecdng n\u1ed9i th\u1ea5t xe<\/p>\n<h3 data-start=\"2184\" data-end=\"2233\">3. Gi\u00e1 b\u00e1n th\u1ea3m l\u00f3t s\u00e0n Toyota Vios 2014-2018<\/h3>\n<p>Topcar hi\u1ec7n cung c\u1ea5p hai phi\u00ean b\u1ea3n th\u1ea3m l\u00f3t s\u00e0n Toyota Vios 2014-2018, ph\u00f9 h\u1ee3p nhu c\u1ea7u kh\u00e1c nhau c\u1ee7a kh\u00e1ch h\u00e0ng: Phi\u00ean b\u1ea3n ti\u00eau chu\u1ea9n l\u00e0 b\u1ed9 th\u1ea3m TPE \u0111\u00fac khu\u00f4n, c\u00f3 gi\u00e1 b\u00e1n l\u1ebb ni\u00eam y\u1ebft l\u00e0 2.100.000 VN\u0110. Phi\u00ean b\u1ea3n n\u00e2ng c\u1ea5p g\u1ed3m th\u1ea3m TPE v\u00e0 th\u1ea3m r\u1ed1i gi\u00e1 <span data-sheets-root=\"1\">2.300.000 <\/span>VN\u0110<\/p>\n<p data-start=\"2525\" data-end=\"2736\">M\u1ee9c gi\u00e1 n\u00e0y \u00e1p d\u1ee5ng cho t\u1ea5t c\u1ea3 phi\u00ean b\u1ea3n Toyota Vios s\u1ea3n xu\u1ea5t t\u1eeb n\u0103m 2014 \u0111\u1ebfn 2018. Ngo\u00e0i ra, Topcar th\u01b0\u1eddng c\u00f3 c\u00e1c ch\u01b0\u01a1ng tr\u00ecnh \u01b0u \u0111\u00e3i nh\u01b0 mi\u1ec5n ph\u00ed v\u1eadn chuy\u1ec3n, qu\u00e0 t\u1eb7ng \u0111i k\u00e8m v\u00e0 gi\u1ea3m gi\u00e1 v\u00e0o c\u00e1c d\u1ecbp \u0111\u1eb7c bi\u1ec7t.<\/p>\n<p data-start=\"2738\" data-end=\"2837\">\u0110\u1ec3 nh\u1eadn \u0111\u01b0\u1ee3c b\u00e1o gi\u00e1 ch\u00ednh x\u00e1c v\u00e0 \u01b0u \u0111\u00e3i hi\u1ec7n t\u1ea1i, qu\u00fd kh\u00e1ch vui l\u00f2ng li\u00ean h\u1ec7 hotline 0889.385.222.<\/p>\n<h3 data-start=\"2839\" data-end=\"2914\">4. Mua th\u1ea3m l\u00f3t s\u00e0n Toyota VIOS 2014-2018 ch\u00ednh h\u00e3ng t\u1ea1i Topcar \u2013 Uy t\u00edn h\u00e0ng \u0111\u1ea7u<\/h3>\n<p><img decoding=\"async\" class=\"size-large wp-image-3169 aligncenter\" style=\"font-style: inherit; font-weight: 600;\" src=\"http:\/\/khaitest.rf.gd\/wp-content\/uploads\/2025\/07\/tham-lot-san-toyota-vios-2014-2018-2.webp-6-1024x1024.webp\" alt=\"tham-lot-san-toyota-vios-2014-2018\" width=\"1024\" height=\"1024\" srcset=\"https:\/\/topcar.vn\/wp-content\/uploads\/2025\/07\/tham-lot-san-toyota-vios-2014-2018-2.webp-6-1024x1024.webp 1024w, https:\/\/topcar.vn\/wp-content\/uploads\/2025\/07\/tham-lot-san-toyota-vios-2014-2018-2.webp-6-300x300.webp 300w, https:\/\/topcar.vn\/wp-content\/uploads\/2025\/07\/tham-lot-san-toyota-vios-2014-2018-2.webp-6-150x150.webp 150w, https:\/\/topcar.vn\/wp-content\/uploads\/2025\/07\/tham-lot-san-toyota-vios-2014-2018-2.webp-6-768x767.webp 768w, https:\/\/topcar.vn\/wp-content\/uploads\/2025\/07\/tham-lot-san-toyota-vios-2014-2018-2.webp-6-600x599.webp 600w, https:\/\/topcar.vn\/wp-content\/uploads\/2025\/07\/tham-lot-san-toyota-vios-2014-2018-2.webp-6-100x100.webp 100w, https:\/\/topcar.vn\/wp-content\/uploads\/2025\/07\/tham-lot-san-toyota-vios-2014-2018-2.webp-6.webp 1081w\" sizes=\"(max-width: 1024px) 100vw, 1024px\" \/><\/p>\n<p style=\"text-align: center;\">Th\u1ea3m l\u00f3t s\u00e0n Toyota Vios 2014-2018<\/p>\n<p data-start=\"2916\" data-end=\"3121\">Topcar l\u00e0 \u0111\u01a1n v\u1ecb chuy\u00ean cung c\u1ea5p th\u1ea3m l\u00f3t s\u00e0n \u00f4 t\u00f4 ch\u00ednh h\u00e3ng, v\u1edbi h\u01a1n 10 n\u0103m kinh nghi\u1ec7m v\u00e0 h\u00e0ng ng\u00e0n kh\u00e1ch h\u00e0ng tin d\u00f9ng. Khi \u0111\u1eb7t mua th\u1ea3m t\u1ea1i Topcar, b\u1ea1n \u0111\u01b0\u1ee3c h\u01b0\u1edfng d\u1ecbch v\u1ee5 v\u00e0 ch\u00ednh s\u00e1ch h\u1eadu m\u00e3i \u0111\u1ea7y \u0111\u1ee7:<\/p>\n<p data-start=\"3125\" data-end=\"3155\">Giao h\u00e0ng mi\u1ec5n ph\u00ed to\u00e0n qu\u1ed1c<\/p>\n<p data-start=\"3158\" data-end=\"3198\">L\u1eafp \u0111\u1eb7t mi\u1ec5n ph\u00ed t\u1ea1i khu v\u1ef1c n\u1ed9i th\u00e0nh<\/p>\n<p data-start=\"3201\" data-end=\"3240\">1 \u0111\u1ed5i 1 trong 7 ng\u00e0y n\u1ebfu s\u1ea3n ph\u1ea9m l\u1ed7i<\/p>\n<p data-start=\"3243\" data-end=\"3277\">Thanh to\u00e1n sau khi ki\u1ec3m tra h\u00e0ng<\/p>\n<p data-start=\"3280\" data-end=\"3307\">B\u1ea3o h\u00e0nh ch\u00ednh h\u00e3ng 5 n\u0103m<\/p>\n<h3 data-start=\"3309\" data-end=\"3324\">5. K\u1ebft lu\u1eadn<\/h3>\n<p data-start=\"3326\" data-end=\"3608\"><a href=\"http:\/\/khaitest.rf.gd\/?p=1879\" target=\"_blank\" rel=\"noopener\">Th\u1ea3m l\u00f3t s\u00e0n<\/a> TPE Toyota Vios 2014\u20132018 l\u00e0 l\u1ef1a ch\u1ecdn t\u1ed1i \u01b0u \u0111\u1ec3 b\u1ea3o v\u1ec7 s\u00e0n xe. S\u1ea3n ph\u1ea9m gi\u00fap n\u00e2ng c\u1ea5p tr\u1ea3i nghi\u1ec7m n\u1ed9i th\u1ea5t th\u00eam ti\u1ec7n nghi v\u00e0 s\u1ea1ch s\u1ebd. Th\u1ea3m \u0111\u1ea3m b\u1ea3o an to\u00e0n khi s\u1eed d\u1ee5ng v\u00e0 d\u1ec5 d\u00e0ng v\u1ec7 sinh h\u1eb1ng ng\u00e0y. Thi\u1ebft k\u1ebf tinh t\u1ebf, \u00f4m s\u00e1t s\u00e0n, mang l\u1ea1i c\u1ea3m gi\u00e1c g\u1ecdn g\u00e0ng cho kh\u00f4ng gian xe. V\u1eadt li\u1ec7u TPE cao c\u1ea5p, kh\u00f4ng m\u00f9i, th\u00e2n thi\u1ec7n v\u1edbi s\u1ee9c kh\u1ecfe v\u00e0 m\u00f4i tr\u01b0\u1eddng. Gi\u00e1 b\u00e1n minh b\u1ea1ch, h\u1ee3p l\u00fd, ph\u00f9 h\u1ee3p v\u1edbi ch\u1ea5t l\u01b0\u1ee3ng mang l\u1ea1i. Th\u1ea3m l\u00f3t s\u00e0n Topcar x\u1ee9ng \u0111\u00e1ng c\u00f3 m\u1eb7t trong m\u1ecdi chi\u1ebfc Toyota Vios.<\/p>\n<p data-start=\"3610\" data-end=\"3657\">Li\u00ean h\u1ec7 ngay \u0111\u1ec3 \u0111\u01b0\u1ee3c t\u01b0 v\u1ea5n v\u00e0 nh\u1eadn khuy\u1ebfn m\u00e3i:<\/p>\n<p data-start=\"3659\" data-end=\"3781\">Hotline: 0889.385.222<br data-start=\"3680\" data-end=\"3683\" \/>\u0110\u1ecba ch\u1ec9: S\u1ed1 9 BT2, Khu \u0111\u00f4 th\u1ecb Foresa Xu\u00e2n Ph\u01b0\u01a1ng, Nam T\u1eeb Li\u00eam, H\u00e0 N\u1ed9i<br data-start=\"3752\" data-end=\"3755\" \/>Website: <a class=\"\" href=\"https:\/\/Topcar.vn\" target=\"_new\" rel=\"noopener\" data-start=\"3764\" data-end=\"3781\">https:\/\/Topcar.vn<\/a><\/p>\n<p data-start=\"3783\" data-end=\"3860\">\u0110\u1eb7t mua ngay h\u00f4m nay \u2013 Gi\u1eef cho Toyota Vios c\u1ee7a b\u1ea1n lu\u00f4n s\u1ea1ch \u0111\u1eb9p v\u00e0 \u0111\u1eb3ng c\u1ea5p!<\/p>\n","protected":false},"excerpt":{"rendered":"<ul>\n<li>Mi\u1ec5n ph\u00ed giao h\u00e0ng to\u00e0n qu\u1ed1c<\/li>\n<li>Nh\u1eadn h\u00e0ng &gt; L\u1eafp \u0111\u1eb7t &gt; Thanh to\u00e1n<\/li>\n<li>B\u1ea3o h\u00e0nh 5 n\u0103m<\/li>\n<\/ul>\n","protected":false},"featured_media":3696,"comment_status":"closed","ping_status":"closed","template":"","meta":{"site-sidebar-layout":"no-sidebar","site-content-layout":"content-boxed-container","ast-site-content-layout":"normal-width-container","site-content-style":"boxed","site-sidebar-style":"unboxed","ast-global-header-display":"","ast-banner-title-visibility":"","ast-main-header-display":"","ast-hfb-above-header-display":"","ast-hfb-below-header-display":"","ast-hfb-mobile-header-display":"","site-post-title":"","ast-breadcrumbs-content":"","ast-featured-img":"","footer-sml-layout":"","ast-disable-related-posts":"","theme-transparent-header-meta":"default","adv-header-id-meta":"","stick-header-meta":"","header-above-stick-meta":"","header-main-stick-meta":"","header-below-stick-meta":"","astra-migrate-meta-layouts":"set","ast-page-background-enabled":"default","ast-page-background-meta":{"desktop":{"background-color":"var(--ast-global-color-4)","background-image":"","background-repeat":"repeat","background-position":"center center","background-size":"auto","background-attachment":"scroll","background-type":"","background-media":"","overlay-type":"","overlay-color":"","overlay-opacity":"","overlay-gradient":""},"tablet":{"background-color":"","background-image":"","background-repeat":"repeat","background-position":"center center","background-size":"auto","background-attachment":"scroll","background-type":"","background-media":"","overlay-type":"","overlay-color":"","overlay-opacity":"","overlay-gradient":""},"mobile":{"background-color":"","background-image":"","background-repeat":"repeat","background-position":"center center","background-size":"auto","background-attachment":"scroll","background-type":"","background-media":"","overlay-type":"","overlay-color":"","overlay-opacity":"","overlay-gradient":""}},"ast-content-background-meta":{"desktop":{"background-color":"var(--ast-global-color-5)","background-image":"","background-repeat":"repeat","background-position":"center center","background-size":"auto","background-attachment":"scroll","background-type":"","background-media":"","overlay-type":"","overlay-color":"","overlay-opacity":"","overlay-gradient":""},"tablet":{"background-color":"var(--ast-global-color-5)","background-image":"","background-repeat":"repeat","background-position":"center center","background-size":"auto","background-attachment":"scroll","background-type":"","background-media":"","overlay-type":"","overlay-color":"","overlay-opacity":"","overlay-gradient":""},"mobile":{"background-color":"var(--ast-global-color-5)","background-image":"","background-repeat":"repeat","background-position":"center center","background-size":"auto","background-attachment":"scroll","background-type":"","background-media":"","overlay-type":"","overlay-color":"","overlay-opacity":"","overlay-gradient":""}}},"product_brand":[],"product_cat":[43,45],"product_tag":[73,74,78,77,75,76],"class_list":{"0":"post-1906","1":"product","2":"type-product","3":"status-publish","4":"has-post-thumbnail","6":"product_cat-tham-lot-san-o-to","7":"product_cat-tham-lot-san-o-to-toyota","8":"product_tag-tham-lot-san-o-to","9":"product_tag-tham-lot-san-o-to-bang-nhua","10":"product_tag-tham-lot-san-o-to-cao-su-duc","11":"product_tag-tham-lot-san-o-to-nhua-duc","12":"product_tag-tham-lot-san-o-to-tot-nhat-hien-nay","13":"product_tag-tham-lot-san-o-to-tpe","14":"desktop-align-left","15":"tablet-align-left","16":"mobile-align-left","18":"first","19":"instock","20":"shipping-taxable","21":"purchasable","22":"product-type-variable"},"_links":{"self":[{"href":"https:\/\/topcar.vn\/index.php?rest_route=\/wp\/v2\/product\/1906","targetHints":{"allow":["GET"]}}],"collection":[{"href":"https:\/\/topcar.vn\/index.php?rest_route=\/wp\/v2\/product"}],"about":[{"href":"https:\/\/topcar.vn\/index.php?rest_route=\/wp\/v2\/types\/product"}],"replies":[{"embeddable":true,"href":"https:\/\/topcar.vn\/index.php?rest_route=%2Fwp%2Fv2%2Fcomments&post=1906"}],"version-history":[{"count":7,"href":"https:\/\/topcar.vn\/index.php?rest_route=\/wp\/v2\/product\/1906\/revisions"}],"predecessor-version":[{"id":1969,"href":"https:\/\/topcar.vn\/index.php?rest_route=\/wp\/v2\/product\/1906\/revisions\/1969"}],"wp:featuredmedia":[{"embeddable":true,"href":"https:\/\/topcar.vn\/index.php?rest_route=\/wp\/v2\/media\/3696"}],"wp:attachment":[{"href":"https:\/\/topcar.vn\/index.php?rest_route=%2Fwp%2Fv2%2Fmedia&parent=1906"}],"wp:term":[{"taxonomy":"product_brand","embeddable":true,"href":"https:\/\/topcar.vn\/index.php?rest_route=%2Fwp%2Fv2%2Fproduct_brand&post=1906"},{"taxonomy":"product_cat","embeddable":true,"href":"https:\/\/topcar.vn\/index.php?rest_route=%2Fwp%2Fv2%2Fproduct_cat&post=1906"},{"taxonomy":"product_tag","embeddable":true,"href":"https:\/\/topcar.vn\/index.php?rest_route=%2Fwp%2Fv2%2Fproduct_tag&post=1906"}],"curies":[{"name":"wp","href":"https:\/\/api.w.org\/{rel}","templated":true}]}}