{"id":1896,"date":"2025-07-21T21:21:25","date_gmt":"2025-07-21T14:21:25","guid":{"rendered":"http:\/\/khaitest.rf.gd\/?post_type=product&#038;p=1896"},"modified":"2025-12-08T10:31:24","modified_gmt":"2025-12-08T03:31:24","slug":"tham-lot-san-toyota-veloz","status":"publish","type":"product","link":"https:\/\/topcar.vn\/?product=tham-lot-san-toyota-veloz","title":{"rendered":"Th\u1ea3m l\u00f3t s\u00e0n Toyota Veloz"},"content":{"rendered":"<p>Toyota Veloz l\u00e0 d\u00f2ng MPV 7 ch\u1ed7 hi\u1ec7n \u0111\u1ea1i, \u0111\u01b0\u1ee3c nhi\u1ec1u gia \u0111\u00ecnh v\u00e0 doanh nghi\u1ec7p \u01b0a chu\u1ed9ng nh\u1edd thi\u1ebft k\u1ebf tinh t\u1ebf, n\u1ed9i th\u1ea5t r\u1ed9ng r\u00e3i v\u00e0 ti\u1ec7n nghi t\u1ed1i \u01b0u. \u0110\u1ec3 b\u1ea3o v\u1ec7 s\u00e0n xe lu\u00f4n s\u1ea1ch s\u1ebd, b\u1ec1n \u0111\u1eb9p, nhi\u1ec1u ch\u1ee7 xe \u0111\u00e3 l\u1ef1a ch\u1ecdn trang b\u1ecb <strong data-start=\"561\" data-end=\"594\">th\u1ea3m l\u00f3t s\u00e0n \u00f4 t\u00f4 chuy\u00ean d\u1ee5ng<\/strong> \u2013 trong \u0111\u00f3, s\u1ea3n ph\u1ea9m th\u1ea3m l\u00f3t s\u00e0n Toyota Veloz TPE \u0111\u00fac khu\u00f4n t\u1ea1i <strong data-start=\"661\" data-end=\"671\">Topcar<\/strong> l\u00e0 l\u1ef1a ch\u1ecdn h\u00e0ng \u0111\u1ea7u v\u1ec1 ch\u1ea5t l\u01b0\u1ee3ng v\u00e0 \u0111\u1ed9 an to\u00e0n.<\/p>\n<h2 data-start=\"728\" data-end=\"792\">1. Gi\u1edbi thi\u1ec7u th\u1ea3m l\u00f3t s\u00e0n Toyota Veloz ch\u00ednh h\u00e3ng t\u1ea1i Topcar<\/h2>\n<figure id=\"attachment_3198\" aria-describedby=\"caption-attachment-3198\" style=\"width: 1024px\" class=\"wp-caption aligncenter\"><img fetchpriority=\"high\" decoding=\"async\" class=\"wp-image-3198 size-large\" src=\"http:\/\/khaitest.rf.gd\/wp-content\/uploads\/2025\/07\/tham-lot-san-toyota-veloz-1-1024x1024.webp\" alt=\"tham-lot-san-toyota-veloz\" width=\"1024\" height=\"1024\" srcset=\"https:\/\/topcar.vn\/wp-content\/uploads\/2025\/07\/tham-lot-san-toyota-veloz-1-1024x1024.webp 1024w, https:\/\/topcar.vn\/wp-content\/uploads\/2025\/07\/tham-lot-san-toyota-veloz-1-300x300.webp 300w, https:\/\/topcar.vn\/wp-content\/uploads\/2025\/07\/tham-lot-san-toyota-veloz-1-150x150.webp 150w, https:\/\/topcar.vn\/wp-content\/uploads\/2025\/07\/tham-lot-san-toyota-veloz-1-768x767.webp 768w, https:\/\/topcar.vn\/wp-content\/uploads\/2025\/07\/tham-lot-san-toyota-veloz-1-600x599.webp 600w, https:\/\/topcar.vn\/wp-content\/uploads\/2025\/07\/tham-lot-san-toyota-veloz-1-100x100.webp 100w, https:\/\/topcar.vn\/wp-content\/uploads\/2025\/07\/tham-lot-san-toyota-veloz-1.webp 1081w\" sizes=\"(max-width: 1024px) 100vw, 1024px\" \/><figcaption id=\"caption-attachment-3198\" class=\"wp-caption-text\">Th\u1ea3m l\u00f3t s\u00e0n Toyota Veloz<\/figcaption><\/figure>\n<p data-start=\"794\" data-end=\"1136\">Th\u1ea3m l\u00f3t s\u00e0n Toyota Veloz do <strong data-start=\"823\" data-end=\"843\">Topcar ph\u00e2n ph\u1ed1i<\/strong> l\u00e0 d\u00f2ng s\u1ea3n ph\u1ea9m cao c\u1ea5p, \u0111\u01b0\u1ee3c s\u1ea3n xu\u1ea5t t\u1eeb <a href=\"https:\/\/europlas.com.vn\/blog\/nhung-dieu-can-biet-ve-nhua-tpe-dinh-nghia-dac-tinh-va-ung-dung\" target=\"_blank\" rel=\"noopener\"><strong data-start=\"887\" data-end=\"911\">nh\u1ef1a TPE nguy\u00ean sinh<\/strong><\/a>, \u1ee9ng d\u1ee5ng c\u00f4ng ngh\u1ec7 \u0111\u00fac khu\u00f4n 3D ti\u00ean ti\u1ebfn. S\u1ea3n ph\u1ea9m c\u00f3 k\u00edch th\u01b0\u1edbc ch\u00ednh x\u00e1c theo t\u1eebng \u0111\u1eddi xe t\u1eeb 2022 \u0111\u1ebfn 2024, mang l\u1ea1i kh\u1ea3 n\u0103ng b\u1ea3o v\u1ec7 t\u1ed1i \u01b0u cho s\u00e0n xe, \u0111\u1ed3ng th\u1eddi t\u1ea1o c\u1ea3m gi\u00e1c g\u1ecdn g\u00e0ng, sang tr\u1ecdng cho kh\u00f4ng gian n\u1ed9i th\u1ea5t.<\/p>\n<h3 data-start=\"1138\" data-end=\"1185\">Nh\u1eefng \u0111i\u1ec3m n\u1ed5i b\u1eadt:<\/h3>\n<ul data-start=\"1187\" data-end=\"2028\">\n<li data-start=\"1187\" data-end=\"1406\">\n<p data-start=\"1189\" data-end=\"1406\"><strong data-start=\"1189\" data-end=\"1213\">V\u1eadt li\u1ec7u cao c\u1ea5p TPE<\/strong>: Th\u1ea3m \u0111\u01b0\u1ee3c l\u00e0m t\u1eeb nh\u1ef1a TPE d\u1ebbo dai, c\u00f3 kh\u1ea3 n\u0103ng ch\u1ed1ng n\u01b0\u1edbc, ch\u1ed1ng tr\u01a1n, ch\u1ecbu nhi\u1ec7t v\u00e0 ch\u1ecbu l\u1ef1c r\u1ea5t t\u1ed1t. V\u1eadt li\u1ec7u \u0111\u1ea1t ch\u1ee9ng nh\u1eadn an to\u00e0n s\u1ee9c kh\u1ecfe, kh\u00f4ng m\u00f9i kh\u00f3 ch\u1ecbu, th\u00e2n thi\u1ec7n v\u1edbi m\u00f4i tr\u01b0\u1eddng.<\/p>\n<\/li>\n<li data-start=\"1408\" data-end=\"1666\">\n<p data-start=\"1410\" data-end=\"1666\"><strong data-start=\"1410\" data-end=\"1441\">Thi\u1ebft k\u1ebf ch\u00ednh x\u00e1c, tinh t\u1ebf<\/strong>: \u1ee8ng d\u1ee5ng c\u00f4ng ngh\u1ec7 qu\u00e9t <strong data-start=\"1467\" data-end=\"1527\">Laser Scan 3D v\u00e0 \u00e9p khu\u00f4n theo t\u1eebng form xe Toyota Veloz<\/strong>, th\u1ea3m \u00f4m kh\u00edt s\u00e0n, kh\u00f4ng x\u00f4 l\u1ec7ch. Thi\u1ebft k\u1ebf th\u00f4ng minh v\u1edbi <strong data-start=\"1586\" data-end=\"1631\">vi\u1ec1n cao ch\u1ed1ng tr\u00e0n, r\u00e3nh gi\u1eef n\u01b0\u1edbc v\u00e0 b\u1ee5i<\/strong>, gi\u00fap gi\u1eef cho s\u00e0n xe lu\u00f4n s\u1ea1ch s\u1ebd.<\/p>\n<\/li>\n<li data-start=\"1668\" data-end=\"1804\">\n<p data-start=\"1670\" data-end=\"1804\"><strong data-start=\"1670\" data-end=\"1700\">Trang b\u1ecb ch\u1ed1t kh\u00f3a an to\u00e0n<\/strong>: H\u1ea1n ch\u1ebf t\u00ecnh tr\u1ea1ng x\u00ea d\u1ecbch th\u1ea3m, kh\u00f4ng g\u00e2y v\u01b0\u1edbng v\u00edu ch\u00e2n ga \u2013 ch\u00e2n phanh, \u0111\u1ea3m b\u1ea3o an to\u00e0n khi l\u00e1i xe.<\/p>\n<\/li>\n<li data-start=\"1806\" data-end=\"2028\">\n<p data-start=\"1808\" data-end=\"2028\"><strong data-start=\"1808\" data-end=\"1831\">C\u1ea5u t\u1ea1o b\u1ed9 s\u1ea3n ph\u1ea9m<\/strong>: Bao g\u1ed3m c\u00e1c t\u1ea5m th\u1ea3m r\u1eddi cho t\u1eebng h\u00e0ng gh\u1ebf, gi\u00fap vi\u1ec7c th\u00e1o l\u1eafp, v\u1ec7 sinh d\u1ec5 d\u00e0ng h\u01a1n. Ngo\u00e0i phi\u00ean b\u1ea3n ti\u00eau chu\u1ea9n, Topcar c\u00f2n c\u00f3 t\u00f9y ch\u1ecdn <strong data-start=\"1969\" data-end=\"1990\">th\u1ea3m r\u1ed1i ph\u1ee7 tr\u00ean<\/strong> \u0111\u1ec3 t\u0103ng \u0111\u1ed9 \u00eam \u00e1i v\u00e0 kh\u1ea3 n\u0103ng gi\u1eef b\u1ee5i.<\/p>\n<\/li>\n<\/ul>\n<hr data-start=\"2030\" data-end=\"2033\" \/>\n<h2 data-start=\"2035\" data-end=\"2094\">2. \u01afu \u0111i\u1ec3m c\u1ee7a th\u1ea3m l\u00f3t s\u00e0n Toyota Veloz TPE t\u1ea1i Topcar<\/h2>\n<figure id=\"attachment_3201\" aria-describedby=\"caption-attachment-3201\" style=\"width: 1024px\" class=\"wp-caption aligncenter\"><img decoding=\"async\" class=\"wp-image-3201 size-large\" src=\"http:\/\/khaitest.rf.gd\/wp-content\/uploads\/2025\/07\/tham-lot-san-toyota-veloz-3-1024x1024.webp\" alt=\"tham-lot-san-toyota-veloz\" width=\"1024\" height=\"1024\" srcset=\"https:\/\/topcar.vn\/wp-content\/uploads\/2025\/07\/tham-lot-san-toyota-veloz-3-1024x1024.webp 1024w, https:\/\/topcar.vn\/wp-content\/uploads\/2025\/07\/tham-lot-san-toyota-veloz-3-300x300.webp 300w, https:\/\/topcar.vn\/wp-content\/uploads\/2025\/07\/tham-lot-san-toyota-veloz-3-150x150.webp 150w, https:\/\/topcar.vn\/wp-content\/uploads\/2025\/07\/tham-lot-san-toyota-veloz-3-768x767.webp 768w, https:\/\/topcar.vn\/wp-content\/uploads\/2025\/07\/tham-lot-san-toyota-veloz-3-600x599.webp 600w, https:\/\/topcar.vn\/wp-content\/uploads\/2025\/07\/tham-lot-san-toyota-veloz-3-100x100.webp 100w, https:\/\/topcar.vn\/wp-content\/uploads\/2025\/07\/tham-lot-san-toyota-veloz-3.webp 1081w\" sizes=\"(max-width: 1024px) 100vw, 1024px\" \/><figcaption id=\"caption-attachment-3201\" class=\"wp-caption-text\">Th\u1ea3m l\u00f3t s\u00e0n Toyota Veloz<\/figcaption><\/figure>\n<ul data-start=\"2096\" data-end=\"2440\">\n<li data-start=\"2096\" data-end=\"2160\">\n<p data-start=\"2098\" data-end=\"2160\">\u0110\u00fac chu\u1ea9n theo form s\u00e0n t\u1eebng \u0111\u1eddi xe Toyota Veloz 2022\u20132024.<\/p>\n<\/li>\n<li data-start=\"2161\" data-end=\"2206\">\n<p data-start=\"2163\" data-end=\"2206\">Ch\u1ed1ng th\u1ea5m \u2013 ch\u1ed1ng tr\u01a1n \u2013 ch\u1ed1ng x\u00f4 l\u1ec7ch.<\/p>\n<\/li>\n<li data-start=\"2207\" data-end=\"2275\">\n<p data-start=\"2209\" data-end=\"2275\">Kh\u00f4ng m\u00f9i, kh\u00f4ng g\u00e2y k\u00edch \u1ee9ng, an to\u00e0n cho s\u1ee9c kh\u1ecfe ng\u01b0\u1eddi d\u00f9ng.<\/p>\n<\/li>\n<li data-start=\"2276\" data-end=\"2329\">\n<p data-start=\"2278\" data-end=\"2329\">T\u0103ng kh\u1ea3 n\u0103ng c\u00e1ch \u00e2m \u2013 gi\u1ea3m ti\u1ebfng \u1ed3n t\u1eeb g\u1ea7m xe.<\/p>\n<\/li>\n<li data-start=\"2330\" data-end=\"2381\">\n<p data-start=\"2332\" data-end=\"2381\">D\u1ec5 d\u00e0ng v\u1ec7 sinh, lau r\u1eeda, ti\u1ebft ki\u1ec7m th\u1eddi gian.<\/p>\n<\/li>\n<li data-start=\"2382\" data-end=\"2440\">\n<p data-start=\"2384\" data-end=\"2440\">Thi\u1ebft k\u1ebf th\u1ea9m m\u1ef9, t\u00f4n l\u00ean v\u1ebb cao c\u1ea5p cho n\u1ed9i th\u1ea5t xe.<\/p>\n<\/li>\n<\/ul>\n<hr data-start=\"2442\" data-end=\"2445\" \/>\n<h2 data-start=\"2447\" data-end=\"2493\">3. Gi\u00e1 th\u1ea3m l\u00f3t s\u00e0n Toyota Veloz<\/h2>\n<figure id=\"attachment_3200\" aria-describedby=\"caption-attachment-3200\" style=\"width: 1024px\" class=\"wp-caption aligncenter\"><img decoding=\"async\" class=\"wp-image-3200 size-large\" src=\"http:\/\/khaitest.rf.gd\/wp-content\/uploads\/2025\/07\/tham-lot-san-toyota-veloz-2-1024x1024.webp\" alt=\"tham-lot-san-toyota-veloz\" width=\"1024\" height=\"1024\" srcset=\"https:\/\/topcar.vn\/wp-content\/uploads\/2025\/07\/tham-lot-san-toyota-veloz-2-1024x1024.webp 1024w, https:\/\/topcar.vn\/wp-content\/uploads\/2025\/07\/tham-lot-san-toyota-veloz-2-300x300.webp 300w, https:\/\/topcar.vn\/wp-content\/uploads\/2025\/07\/tham-lot-san-toyota-veloz-2-150x150.webp 150w, https:\/\/topcar.vn\/wp-content\/uploads\/2025\/07\/tham-lot-san-toyota-veloz-2-768x767.webp 768w, https:\/\/topcar.vn\/wp-content\/uploads\/2025\/07\/tham-lot-san-toyota-veloz-2-600x599.webp 600w, https:\/\/topcar.vn\/wp-content\/uploads\/2025\/07\/tham-lot-san-toyota-veloz-2-100x100.webp 100w, https:\/\/topcar.vn\/wp-content\/uploads\/2025\/07\/tham-lot-san-toyota-veloz-2.webp 1081w\" sizes=\"(max-width: 1024px) 100vw, 1024px\" \/><figcaption id=\"caption-attachment-3200\" class=\"wp-caption-text\">Th\u1ea3m l\u00f3t s\u00e0n Toyota Veloz<\/figcaption><\/figure>\n<p data-start=\"2495\" data-end=\"2608\">Topcar cung c\u1ea5p hai phi\u00ean b\u1ea3n th\u1ea3m l\u00f3t s\u00e0n v\u1edbi gi\u00e1 minh b\u1ea1ch. Phi\u00ean b\u1ea3n ti\u00eau chu\u1ea9n l\u00e0 th\u1ea3m \u0111\u00fac khu\u00f4n TPE gi\u00e1 <span data-sheets-root=\"1\">2.250.000 <\/span>VN\u0110. Phi\u00ean b\u1ea3n n\u00e2ng c\u1ea5p g\u1ed3m th\u1ea3m TPE v\u00e0 th\u1ea3m r\u1ed1i gi\u00e1 <span data-sheets-root=\"1\">2.500.000 <\/span>VN\u0110. M\u1ee9c gi\u00e1 \u00e1p d\u1ee5ng cho c\u00e1c \u0111\u1eddi xe Toyota Veloz 2022 \u0111\u1ebfn 2024.<br data-start=\"266\" data-end=\"269\" \/>Topcar th\u01b0\u1eddng c\u00f3 khuy\u1ebfn m\u00e3i, freeship v\u00e0 t\u1eb7ng qu\u00e0 v\u00e0o d\u1ecbp \u0111\u1eb7c bi\u1ec7t.<br data-start=\"336\" data-end=\"339\" \/>Qu\u00fd kh\u00e1ch vui l\u00f2ng g\u1ecdi Hotline 0889.385.222 \u0111\u1ec3 \u0111\u01b0\u1ee3c b\u00e1o gi\u00e1 m\u1edbi nh\u1ea5t.<\/p>\n<hr data-start=\"3203\" data-end=\"3206\" \/>\n<h2 data-start=\"3208\" data-end=\"3290\">4. Mua th\u1ea3m l\u00f3t s\u00e0n <a href=\"http:\/\/khaitest.rf.gd\/?product=tham-lot-san-o-to-toyota-yaris-2019-2025\" target=\"_blank\" rel=\"noopener\">Toyota<\/a> Veloz ch\u00ednh h\u00e3ng t\u1ea1i Topcar \u2013 H\u00e0ng ch\u1ea5t, d\u1ecbch v\u1ee5 t\u1ed1t<\/h2>\n<figure id=\"attachment_3202\" aria-describedby=\"caption-attachment-3202\" style=\"width: 1024px\" class=\"wp-caption aligncenter\"><img loading=\"lazy\" decoding=\"async\" class=\"wp-image-3202 size-large\" src=\"http:\/\/khaitest.rf.gd\/wp-content\/uploads\/2025\/07\/tham-lot-san-toyota-veloz-4-1024x1024.webp\" alt=\"tham-lot-san-toyota-veloz\" width=\"1024\" height=\"1024\" srcset=\"https:\/\/topcar.vn\/wp-content\/uploads\/2025\/07\/tham-lot-san-toyota-veloz-4-1024x1024.webp 1024w, https:\/\/topcar.vn\/wp-content\/uploads\/2025\/07\/tham-lot-san-toyota-veloz-4-300x300.webp 300w, https:\/\/topcar.vn\/wp-content\/uploads\/2025\/07\/tham-lot-san-toyota-veloz-4-150x150.webp 150w, https:\/\/topcar.vn\/wp-content\/uploads\/2025\/07\/tham-lot-san-toyota-veloz-4-768x767.webp 768w, https:\/\/topcar.vn\/wp-content\/uploads\/2025\/07\/tham-lot-san-toyota-veloz-4-600x599.webp 600w, https:\/\/topcar.vn\/wp-content\/uploads\/2025\/07\/tham-lot-san-toyota-veloz-4-100x100.webp 100w, https:\/\/topcar.vn\/wp-content\/uploads\/2025\/07\/tham-lot-san-toyota-veloz-4.webp 1081w\" sizes=\"(max-width: 1024px) 100vw, 1024px\" \/><figcaption id=\"caption-attachment-3202\" class=\"wp-caption-text\">Th\u1ea3m l\u00f3t s\u00e0n Toyota Veloz<\/figcaption><\/figure>\n<p data-start=\"3292\" data-end=\"3498\">Topcar l\u00e0 h\u1ec7 th\u1ed1ng ph\u00e2n ph\u1ed1i <strong data-start=\"3321\" data-end=\"3353\">th\u1ea3m l\u00f3t s\u00e0n \u00f4 t\u00f4 ch\u00ednh h\u00e3ng<\/strong> v\u1edbi h\u01a1n 10 n\u0103m kinh nghi\u1ec7m, mang \u0111\u1ebfn s\u1ea3n ph\u1ea9m ch\u1ea5t l\u01b0\u1ee3ng v\u00e0 d\u1ecbch v\u1ee5 t\u1eadn t\u00e2m. Khi mua <strong data-start=\"3439\" data-end=\"3468\">th\u1ea3m l\u00f3t s\u00e0n Toyota Veloz<\/strong> t\u1ea1i <a href=\"https:\/\/topcar.vn\/\">Topcar<\/a>, b\u1ea1n s\u1ebd nh\u1eadn \u0111\u01b0\u1ee3c:<\/p>\n<ul>\n<li>Mi\u1ec5n ph\u00ed giao h\u00e0ng to\u00e0n qu\u1ed1c.<\/li>\n<li>Mi\u1ec5n ph\u00ed l\u1eafp \u0111\u1eb7t t\u1eadn n\u01a1i t\u1ea1i khu v\u1ef1c n\u1ed9i th\u00e0nh.<\/li>\n<li>1 \u0111\u1ed5i 1 trong 7 ng\u00e0y n\u1ebfu ph\u00e1t hi\u1ec7n l\u1ed7i k\u1ef9 thu\u1eadt.<\/li>\n<li>Thanh to\u00e1n sau khi ki\u1ec3m tra h\u00e0ng.<\/li>\n<li>B\u1ea3o h\u00e0nh s\u1ea3n ph\u1ea9m 5 n\u0103m.<\/li>\n<\/ul>\n<hr data-start=\"3700\" data-end=\"3703\" \/>\n<h2 data-start=\"3582\" data-end=\"3596\">5. K\u1ebft lu\u1eadn<\/h2>\n<p data-start=\"3598\" data-end=\"3888\"><strong data-start=\"3598\" data-end=\"3643\">Th\u1ea3m l\u00f3t s\u00e0n \u00f4 t\u00f4 Toyota Veloz TPE Topcar <\/strong>kh\u00f4ng ch\u1ec9 l\u00e0 s\u1ea3n ph\u1ea9m h\u1eefu \u00edch b\u1ea3o v\u1ec7 s\u00e0n xe m\u00e0 c\u00f2n gi\u00fap n\u00e2ng t\u1ea7m n\u1ed9i th\u1ea5t, t\u1ea1o c\u1ea3m gi\u00e1c s\u1ea1ch s\u1ebd \u2013 sang tr\u1ecdng m\u1ed7i khi b\u01b0\u1edbc v\u00e0o xe. V\u1edbi ch\u1ea5t l\u01b0\u1ee3ng v\u01b0\u1ee3t tr\u1ed9i, thi\u1ebft k\u1ebf th\u00f4ng minh, s\u1ea3n ph\u1ea9m n\u00e0y x\u1ee9ng \u0111\u00e1ng c\u00f3 m\u1eb7t trong m\u1ed7i chi\u1ebfc <strong data-start=\"3598\" data-end=\"3643\">Toyota<\/strong>.<\/p>\n<p data-start=\"3890\" data-end=\"3987\"><strong data-start=\"3893\" data-end=\"3930\">Li\u00ean h\u1ec7 <\/strong>\u0111\u1ec3 \u0111\u01b0\u1ee3c t\u01b0 v\u1ea5n chi ti\u1ebft v\u00e0 nh\u1eadn \u01b0u \u0111\u00e3i t\u1ed1t nh\u1ea5t h\u00f4m nay:<\/p>\n<p>Hotline: 0889.385.222<\/p>\n<p>\u0110\u1ecba ch\u1ec9: S\u1ed1 9 Bt2 Khu \u0111\u00f4 th\u1ecb Foresa Xu\u00e2n Ph\u01b0\u01a1ng, Nam T\u1eeb Li\u00eam, H\u00e0 N\u1ed9i<\/p>\n<p data-start=\"3890\" data-end=\"3987\">Website: https:\/\/Topcar.vn\/<\/p>\n<h2 data-start=\"3705\" data-end=\"3777\">\u0110\u1eb7t mua ngay h\u00f4m nay \u2013 B\u1ea3o v\u1ec7 s\u00e0n xe Toyota Veloz m\u1ed9t c\u00e1ch to\u00e0n di\u1ec7n!<\/h2>\n<p data-start=\"3779\" data-end=\"4021\">\n","protected":false},"excerpt":{"rendered":"<ul>\n<li>Mi\u1ec5n ph\u00ed giao h\u00e0ng to\u00e0n qu\u1ed1c<\/li>\n<li>Nh\u1eadn h\u00e0ng &gt; L\u1eafp \u0111\u1eb7t &gt; Thanh to\u00e1n<\/li>\n<li>B\u1ea3o h\u00e0nh 5 n\u0103m<\/li>\n<\/ul>\n","protected":false},"featured_media":3698,"comment_status":"closed","ping_status":"closed","template":"","meta":{"site-sidebar-layout":"no-sidebar","site-content-layout":"content-boxed-container","ast-site-content-layout":"normal-width-container","site-content-style":"boxed","site-sidebar-style":"unboxed","ast-global-header-display":"","ast-banner-title-visibility":"","ast-main-header-display":"","ast-hfb-above-header-display":"","ast-hfb-below-header-display":"","ast-hfb-mobile-header-display":"","site-post-title":"","ast-breadcrumbs-content":"","ast-featured-img":"","footer-sml-layout":"","ast-disable-related-posts":"","theme-transparent-header-meta":"default","adv-header-id-meta":"","stick-header-meta":"","header-above-stick-meta":"","header-main-stick-meta":"","header-below-stick-meta":"","astra-migrate-meta-layouts":"set","ast-page-background-enabled":"default","ast-page-background-meta":{"desktop":{"background-color":"var(--ast-global-color-4)","background-image":"","background-repeat":"repeat","background-position":"center center","background-size":"auto","background-attachment":"scroll","background-type":"","background-media":"","overlay-type":"","overlay-color":"","overlay-opacity":"","overlay-gradient":""},"tablet":{"background-color":"","background-image":"","background-repeat":"repeat","background-position":"center center","background-size":"auto","background-attachment":"scroll","background-type":"","background-media":"","overlay-type":"","overlay-color":"","overlay-opacity":"","overlay-gradient":""},"mobile":{"background-color":"","background-image":"","background-repeat":"repeat","background-position":"center center","background-size":"auto","background-attachment":"scroll","background-type":"","background-media":"","overlay-type":"","overlay-color":"","overlay-opacity":"","overlay-gradient":""}},"ast-content-background-meta":{"desktop":{"background-color":"var(--ast-global-color-5)","background-image":"","background-repeat":"repeat","background-position":"center center","background-size":"auto","background-attachment":"scroll","background-type":"","background-media":"","overlay-type":"","overlay-color":"","overlay-opacity":"","overlay-gradient":""},"tablet":{"background-color":"var(--ast-global-color-5)","background-image":"","background-repeat":"repeat","background-position":"center center","background-size":"auto","background-attachment":"scroll","background-type":"","background-media":"","overlay-type":"","overlay-color":"","overlay-opacity":"","overlay-gradient":""},"mobile":{"background-color":"var(--ast-global-color-5)","background-image":"","background-repeat":"repeat","background-position":"center center","background-size":"auto","background-attachment":"scroll","background-type":"","background-media":"","overlay-type":"","overlay-color":"","overlay-opacity":"","overlay-gradient":""}}},"product_brand":[],"product_cat":[43,45],"product_tag":[73,74,78,77,75,76],"class_list":{"0":"post-1896","1":"product","2":"type-product","3":"status-publish","4":"has-post-thumbnail","6":"product_cat-tham-lot-san-o-to","7":"product_cat-tham-lot-san-o-to-toyota","8":"product_tag-tham-lot-san-o-to","9":"product_tag-tham-lot-san-o-to-bang-nhua","10":"product_tag-tham-lot-san-o-to-cao-su-duc","11":"product_tag-tham-lot-san-o-to-nhua-duc","12":"product_tag-tham-lot-san-o-to-tot-nhat-hien-nay","13":"product_tag-tham-lot-san-o-to-tpe","14":"desktop-align-left","15":"tablet-align-left","16":"mobile-align-left","18":"first","19":"instock","20":"shipping-taxable","21":"purchasable","22":"product-type-variable"},"_links":{"self":[{"href":"https:\/\/topcar.vn\/index.php?rest_route=\/wp\/v2\/product\/1896","targetHints":{"allow":["GET"]}}],"collection":[{"href":"https:\/\/topcar.vn\/index.php?rest_route=\/wp\/v2\/product"}],"about":[{"href":"https:\/\/topcar.vn\/index.php?rest_route=\/wp\/v2\/types\/product"}],"replies":[{"embeddable":true,"href":"https:\/\/topcar.vn\/index.php?rest_route=%2Fwp%2Fv2%2Fcomments&post=1896"}],"version-history":[{"count":5,"href":"https:\/\/topcar.vn\/index.php?rest_route=\/wp\/v2\/product\/1896\/revisions"}],"predecessor-version":[{"id":1904,"href":"https:\/\/topcar.vn\/index.php?rest_route=\/wp\/v2\/product\/1896\/revisions\/1904"}],"wp:featuredmedia":[{"embeddable":true,"href":"https:\/\/topcar.vn\/index.php?rest_route=\/wp\/v2\/media\/3698"}],"wp:attachment":[{"href":"https:\/\/topcar.vn\/index.php?rest_route=%2Fwp%2Fv2%2Fmedia&parent=1896"}],"wp:term":[{"taxonomy":"product_brand","embeddable":true,"href":"https:\/\/topcar.vn\/index.php?rest_route=%2Fwp%2Fv2%2Fproduct_brand&post=1896"},{"taxonomy":"product_cat","embeddable":true,"href":"https:\/\/topcar.vn\/index.php?rest_route=%2Fwp%2Fv2%2Fproduct_cat&post=1896"},{"taxonomy":"product_tag","embeddable":true,"href":"https:\/\/topcar.vn\/index.php?rest_route=%2Fwp%2Fv2%2Fproduct_tag&post=1896"}],"curies":[{"name":"wp","href":"https:\/\/api.w.org\/{rel}","templated":true}]}}