{"id":1765,"date":"2025-07-13T22:27:30","date_gmt":"2025-07-13T15:27:30","guid":{"rendered":"http:\/\/khaitest.rf.gd\/?post_type=product&#038;p=1765"},"modified":"2025-12-05T12:08:02","modified_gmt":"2025-12-05T05:08:02","slug":"tham-lot-san-ford-everest-2022-2025","status":"publish","type":"product","link":"https:\/\/topcar.vn\/?product=tham-lot-san-ford-everest-2022-2025","title":{"rendered":"Th\u1ea3m l\u00f3t s\u00e0n Ford Everest 2022-2025"},"content":{"rendered":"<p data-start=\"104\" data-end=\"530\"><strong data-start=\"104\" data-end=\"130\">Ford Everest 2022\u20132025<\/strong> l\u00e0 d\u00f2ng SUV 7 ch\u1ed7 c\u1ee1 trung hi\u1ec7n \u0111\u1ea1i, s\u1edf h\u1eefu thi\u1ebft k\u1ebf m\u1ea1nh m\u1ebd, kh\u00f4ng gian r\u1ed9ng r\u00e3i v\u00e0 c\u00f4ng ngh\u1ec7 ti\u00ean ti\u1ebfn. Tuy nhi\u00ean, v\u1edbi \u0111\u1eb7c th\u00f9 s\u1eed d\u1ee5ng h\u00e0ng ng\u00e0y, s\u00e0n xe d\u1ec5 b\u1ecb b\u00e1m b\u1ee5i, tr\u1ea7y x\u01b0\u1edbc hay \u1ea9m m\u1ed1c n\u1ebfu kh\u00f4ng \u0111\u01b0\u1ee3c b\u1ea3o v\u1ec7 \u0111\u00fang c\u00e1ch. Gi\u1ea3i ph\u00e1p hi\u1ec7u qu\u1ea3 gi\u00fap gi\u1eef cho n\u1ed9i th\u1ea5t lu\u00f4n b\u1ec1n \u0111\u1eb9p v\u00e0 t\u0103ng gi\u00e1 tr\u1ecb s\u1eed d\u1ee5ng ch\u00ednh l\u00e0 trang b\u1ecb<strong> Th\u1ea3m l\u00f3t s\u00e0n Ford Everest 2022-2025 b\u1eb1ng ch\u1ea5t li\u1ec7u TPE \u0111\u00fac khu\u00f4n cao c\u1ea5p<\/strong>.<\/p>\n<h3 data-start=\"532\" data-end=\"593\">Gi\u1edbi thi\u1ec7u s\u1ea3n ph\u1ea9m th\u1ea3m l\u00f3t s\u00e0n Ford Everest 2022-2025<\/h3>\n<figure id=\"attachment_3639\" aria-describedby=\"caption-attachment-3639\" style=\"width: 1024px\" class=\"wp-caption aligncenter\"><img fetchpriority=\"high\" decoding=\"async\" class=\"size-large wp-image-3639\" src=\"http:\/\/khaitest.rf.gd\/wp-content\/uploads\/2025\/07\/tham-lot-san-ford-everest-2022-2025-1024x1024.webp\" alt=\"Th\u1ea3m l\u00f3t s\u00e0n Ford Everest 2022-2025\" width=\"1024\" height=\"1024\" srcset=\"https:\/\/topcar.vn\/wp-content\/uploads\/2025\/07\/tham-lot-san-ford-everest-2022-2025-1024x1024.webp 1024w, https:\/\/topcar.vn\/wp-content\/uploads\/2025\/07\/tham-lot-san-ford-everest-2022-2025-300x300.webp 300w, https:\/\/topcar.vn\/wp-content\/uploads\/2025\/07\/tham-lot-san-ford-everest-2022-2025-150x150.webp 150w, https:\/\/topcar.vn\/wp-content\/uploads\/2025\/07\/tham-lot-san-ford-everest-2022-2025-768x767.webp 768w, https:\/\/topcar.vn\/wp-content\/uploads\/2025\/07\/tham-lot-san-ford-everest-2022-2025-600x599.webp 600w, https:\/\/topcar.vn\/wp-content\/uploads\/2025\/07\/tham-lot-san-ford-everest-2022-2025-100x100.webp 100w, https:\/\/topcar.vn\/wp-content\/uploads\/2025\/07\/tham-lot-san-ford-everest-2022-2025.webp 1081w\" sizes=\"(max-width: 1024px) 100vw, 1024px\" \/><figcaption id=\"caption-attachment-3639\" class=\"wp-caption-text\">Th\u1ea3m l\u00f3t s\u00e0n Ford Everest 2022-2025<\/figcaption><\/figure>\n<p data-start=\"594\" data-end=\"783\">Th\u1ea3m l\u00f3t s\u00e0n Ford Everest \u0111\u01b0\u1ee3c thi\u1ebft k\u1ebf ri\u00eang theo form chu\u1ea9n t\u1eebng \u0111\u1eddi xe, \u1ee9ng d\u1ee5ng c\u00f4ng ngh\u1ec7 \u0111\u00fac khu\u00f4n 3D \u00e9p nhi\u1ec7t, \u00f4m s\u00e1t to\u00e0n b\u1ed9 s\u00e0n t\u1eeb h\u00e0ng gh\u1ebf tr\u01b0\u1edbc, h\u00e0ng gh\u1ebf sau \u0111\u1ebfn khoang h\u00e0nh l\u00fd.<\/p>\n<p data-start=\"785\" data-end=\"1006\">S\u1eed d\u1ee5ng <strong data-start=\"793\" data-end=\"825\">nh\u1ef1a TPE nguy\u00ean sinh cao c\u1ea5p<\/strong>, th\u1ea3m c\u00f3 \u0111\u1eb7c t\u00ednh kh\u00f4ng m\u00f9i, kh\u00f4ng \u0111\u1ed9c h\u1ea1i, an to\u00e0n tuy\u1ec7t \u0111\u1ed1i cho s\u1ee9c kh\u1ecfe v\u00e0 th\u00e2n thi\u1ec7n v\u1edbi m\u00f4i tr\u01b0\u1eddng. \u0110\u00e2y l\u00e0 l\u1ef1a ch\u1ecdn ph\u00f9 h\u1ee3p cho c\u1ea3 gia \u0111\u00ecnh, k\u1ec3 c\u1ea3 tr\u1ebb nh\u1ecf v\u00e0 ng\u01b0\u1eddi nh\u1ea1y c\u1ea3m.<\/p>\n<p data-start=\"1008\" data-end=\"1265\">B\u1ec1 m\u1eb7t th\u1ea3m c\u00f3 <strong data-start=\"1023\" data-end=\"1046\">g\u00e2n n\u1ed5i ch\u1ed1ng tr\u01b0\u1ee3t<\/strong>, m\u1eb7t d\u01b0\u1edbi c\u00f3 <strong data-start=\"1060\" data-end=\"1079\">gai b\u00e1m c\u1ed1 \u0111\u1ecbnh<\/strong> gi\u00fap th\u1ea3m kh\u00f4ng b\u1ecb x\u00f4 l\u1ec7ch trong qu\u00e1 tr\u00ecnh di chuy\u1ec3n. H\u1ec7 th\u1ed1ng r\u00e3nh ch\u1ed1ng tr\u00e0n \u0111\u01b0\u1ee3c thi\u1ebft k\u1ebf th\u00f4ng minh, ng\u0103n ch\u1eb7n n\u01b0\u1edbc, b\u1ee5i b\u1ea9n v\u00e0 b\u00f9n \u0111\u1ea5t tr\u00e0n ra ngo\u00e0i, b\u1ea3o v\u1ec7 s\u00e0n xe lu\u00f4n s\u1ea1ch \u0111\u1eb9p.<\/p>\n<h3 data-start=\"1267\" data-end=\"1300\">Th\u00f4ng tin chi ti\u1ebft s\u1ea3n ph\u1ea9m th\u1ea3m l\u00f3t s\u00e0n Ford Everest 2022-2025<\/h3>\n<figure id=\"attachment_3642\" aria-describedby=\"caption-attachment-3642\" style=\"width: 1024px\" class=\"wp-caption aligncenter\"><img decoding=\"async\" class=\"size-large wp-image-3642\" src=\"http:\/\/khaitest.rf.gd\/wp-content\/uploads\/2025\/07\/tham-lot-san-ford-everest-2022-2025-3-1024x1024.webp\" alt=\"Th\u1ea3m l\u00f3t s\u00e0n Ford Everest 2022-2025\" width=\"1024\" height=\"1024\" srcset=\"https:\/\/topcar.vn\/wp-content\/uploads\/2025\/07\/tham-lot-san-ford-everest-2022-2025-3-1024x1024.webp 1024w, https:\/\/topcar.vn\/wp-content\/uploads\/2025\/07\/tham-lot-san-ford-everest-2022-2025-3-300x300.webp 300w, https:\/\/topcar.vn\/wp-content\/uploads\/2025\/07\/tham-lot-san-ford-everest-2022-2025-3-150x150.webp 150w, https:\/\/topcar.vn\/wp-content\/uploads\/2025\/07\/tham-lot-san-ford-everest-2022-2025-3-768x767.webp 768w, https:\/\/topcar.vn\/wp-content\/uploads\/2025\/07\/tham-lot-san-ford-everest-2022-2025-3-600x599.webp 600w, https:\/\/topcar.vn\/wp-content\/uploads\/2025\/07\/tham-lot-san-ford-everest-2022-2025-3-100x100.webp 100w, https:\/\/topcar.vn\/wp-content\/uploads\/2025\/07\/tham-lot-san-ford-everest-2022-2025-3.webp 1081w\" sizes=\"(max-width: 1024px) 100vw, 1024px\" \/><figcaption id=\"caption-attachment-3642\" class=\"wp-caption-text\">Th\u1ea3m l\u00f3t s\u00e0n Ford Everest 2022-2025<\/figcaption><\/figure>\n<ul data-start=\"1301\" data-end=\"1634\">\n<li data-start=\"1301\" data-end=\"1344\">\n<p data-start=\"1303\" data-end=\"1344\">Lo\u1ea1i xe ph\u00f9 h\u1ee3p: Ford Everest 2022\u20132025<\/p>\n<\/li>\n<li data-start=\"1345\" data-end=\"1403\">\n<p data-start=\"1347\" data-end=\"1403\">Ch\u1ea5t li\u1ec7u: TPE nguy\u00ean sinh cao c\u1ea5p \u2013 an to\u00e0n tuy\u1ec7t \u0111\u1ed1i<\/p>\n<\/li>\n<li data-start=\"1404\" data-end=\"1459\">\n<p data-start=\"1406\" data-end=\"1459\">C\u00f4ng ngh\u1ec7 s\u1ea3n xu\u1ea5t: \u0110\u00fac khu\u00f4n \u00e9p nhi\u1ec7t 3D ch\u00ednh x\u00e1c<\/p>\n<\/li>\n<li data-start=\"1460\" data-end=\"1521\">\n<p data-start=\"1462\" data-end=\"1521\">C\u1ea5u t\u1ea1o: B\u1ed9 th\u1ea3m ph\u1ee7 to\u00e0n b\u1ed9 3 h\u00e0ng gh\u1ebf v\u00e0 khoang h\u00e0nh l\u00fd<\/p>\n<\/li>\n<li data-start=\"1522\" data-end=\"1577\">\n<p data-start=\"1524\" data-end=\"1577\">M\u00e0u s\u1eafc: \u0110en sang tr\u1ecdng \u2013 d\u1ec5 v\u1ec7 sinh, kh\u00f4ng b\u00e1m b\u1ea9n<\/p>\n<\/li>\n<li data-start=\"1578\" data-end=\"1634\">\n<p data-start=\"1580\" data-end=\"1634\">B\u1ea3o h\u00e0nh: 5 n\u0103m \u2013 h\u1ed7 tr\u1ee3 1 \u0111\u1ed5i 1 n\u1ebfu c\u00f3 l\u1ed7i k\u1ef9 thu\u1eadt<\/p>\n<\/li>\n<\/ul>\n<h3 data-start=\"1636\" data-end=\"1697\">\u01afu \u0111i\u1ec3m n\u1ed5i b\u1eadt c\u1ee7a th\u1ea3m l\u00f3t s\u00e0n Ford Everest 2022-2025<\/h3>\n<figure id=\"attachment_3643\" aria-describedby=\"caption-attachment-3643\" style=\"width: 1024px\" class=\"wp-caption aligncenter\"><img decoding=\"async\" class=\"size-large wp-image-3643\" src=\"http:\/\/khaitest.rf.gd\/wp-content\/uploads\/2025\/07\/tham-lot-san-ford-everest-2022-2025-4-1024x1024.webp\" alt=\"Th\u1ea3m l\u00f3t s\u00e0n Ford Everest 2022-2025\" width=\"1024\" height=\"1024\" srcset=\"https:\/\/topcar.vn\/wp-content\/uploads\/2025\/07\/tham-lot-san-ford-everest-2022-2025-4-1024x1024.webp 1024w, https:\/\/topcar.vn\/wp-content\/uploads\/2025\/07\/tham-lot-san-ford-everest-2022-2025-4-300x300.webp 300w, https:\/\/topcar.vn\/wp-content\/uploads\/2025\/07\/tham-lot-san-ford-everest-2022-2025-4-150x150.webp 150w, https:\/\/topcar.vn\/wp-content\/uploads\/2025\/07\/tham-lot-san-ford-everest-2022-2025-4-768x767.webp 768w, https:\/\/topcar.vn\/wp-content\/uploads\/2025\/07\/tham-lot-san-ford-everest-2022-2025-4-600x599.webp 600w, https:\/\/topcar.vn\/wp-content\/uploads\/2025\/07\/tham-lot-san-ford-everest-2022-2025-4-100x100.webp 100w, https:\/\/topcar.vn\/wp-content\/uploads\/2025\/07\/tham-lot-san-ford-everest-2022-2025-4.webp 1081w\" sizes=\"(max-width: 1024px) 100vw, 1024px\" \/><figcaption id=\"caption-attachment-3643\" class=\"wp-caption-text\">Th\u1ea3m l\u00f3t s\u00e0n Ford Everest 2022-2025<\/figcaption><\/figure>\n<p data-start=\"1698\" data-end=\"1862\"><strong data-start=\"1698\" data-end=\"1728\">Kh\u00f4ng m\u00f9i \u2013 Kh\u00f4ng \u0111\u1ed9c h\u1ea1i:<\/strong> \u0110\u01b0\u1ee3c l\u00e0m t\u1eeb nh\u1ef1a TPE nguy\u00ean sinh, th\u1ea3m \u0111\u1ea3m b\u1ea3o an to\u00e0n tuy\u1ec7t \u0111\u1ed1i, kh\u00f4ng g\u00e2y m\u00f9i kh\u00f3 ch\u1ecbu. \u0110\u00e2y l\u00e0 l\u1ef1a ch\u1ecdn l\u00fd t\u01b0\u1edfng cho xe gia \u0111\u00ecnh.<\/p>\n<p data-start=\"1864\" data-end=\"2018\"><strong data-start=\"1864\" data-end=\"1904\">Ch\u1ed1ng tr\u01b0\u1ee3t \u2013 Gi\u1eef c\u1ed1 \u0111\u1ecbnh ch\u1eafc ch\u1eafn:<\/strong> Nh\u1edd thi\u1ebft k\u1ebf gai b\u00e1m \u1edf m\u1eb7t d\u01b0\u1edbi, th\u1ea3m kh\u00f4ng b\u1ecb x\u00f4 l\u1ec7ch trong qu\u00e1 tr\u00ecnh v\u1eadn h\u00e0nh, \u0111\u1ea3m b\u1ea3o an to\u00e0n cho ng\u01b0\u1eddi l\u00e1i.<\/p>\n<p data-start=\"2020\" data-end=\"2172\"><strong data-start=\"2020\" data-end=\"2050\">Ng\u0103n n\u01b0\u1edbc \u2013 Ch\u1ed1ng b\u00e1m b\u1ee5i:<\/strong> B\u1ec1 m\u1eb7t ch\u1ed1ng th\u1ea5m ho\u00e0n to\u00e0n, gi\u1eef l\u1ea1i \u0111\u1ea5t c\u00e1t, n\u01b0\u1edbc m\u01b0a v\u00e0 b\u00f9n b\u1ea9n, b\u1ea3o v\u1ec7 s\u00e0n xe s\u1ea1ch s\u1ebd trong m\u1ecdi \u0111i\u1ec1u ki\u1ec7n th\u1eddi ti\u1ebft.<\/p>\n<p data-start=\"2174\" data-end=\"2311\"><strong data-start=\"2174\" data-end=\"2207\">Ch\u1ecbu nhi\u1ec7t \u2013 Kh\u00f4ng cong v\u00eanh:<\/strong> D\u00f9 ph\u01a1i n\u1eafng l\u00e2u, th\u1ea3m v\u1eabn gi\u1eef \u0111\u01b0\u1ee3c form chu\u1ea9n, kh\u00f4ng co ng\u00f3t hay bi\u1ebfn d\u1ea1ng, b\u1ec1n b\u1ec9 trong su\u1ed1t 4 m\u00f9a.<\/p>\n<p data-start=\"2313\" data-end=\"2423\"><strong data-start=\"2313\" data-end=\"2328\">D\u1ec5 v\u1ec7 sinh:<\/strong> Ng\u01b0\u1eddi d\u00f9ng ch\u1ec9 c\u1ea7n x\u1ecbt n\u01b0\u1edbc tr\u1ef1c ti\u1ebfp, kh\u00f4ng c\u1ea7n th\u00e1o r\u1eddi ph\u1ee9c t\u1ea1p, th\u1ea3m s\u1ebd tr\u1edf l\u1ea1i nh\u01b0 m\u1edbi.<\/p>\n<p data-start=\"2425\" data-end=\"2556\"><strong data-start=\"2425\" data-end=\"2447\">T\u0103ng t\u00ednh th\u1ea9m m\u1ef9:<\/strong> Thi\u1ebft k\u1ebf chu\u1ea9n form, m\u00e0u s\u1eafc tinh t\u1ebf, gi\u00fap khoang cabin Everest lu\u00f4n g\u1ecdn g\u00e0ng, sang tr\u1ecdng v\u00e0 \u0111\u1eb3ng c\u1ea5p h\u01a1n.<\/p>\n<h3 data-start=\"2558\" data-end=\"2607\"><a href=\"http:\/\/khaitest.rf.gd\/?p=1861\" target=\"_blank\" rel=\"noopener\">Gi\u00e1 b\u00e1n th\u1ea3m l\u00f3t s\u00e0n<\/a> Ford Everest 2022-2025<\/h3>\n<figure id=\"attachment_3641\" aria-describedby=\"caption-attachment-3641\" style=\"width: 1024px\" class=\"wp-caption aligncenter\"><img loading=\"lazy\" decoding=\"async\" class=\"size-large wp-image-3641\" src=\"http:\/\/khaitest.rf.gd\/wp-content\/uploads\/2025\/07\/tham-lot-san-ford-everest-2022-2025-2-1024x1024.webp\" alt=\"Th\u1ea3m l\u00f3t s\u00e0n Ford Everest 2022-2025\" width=\"1024\" height=\"1024\" srcset=\"https:\/\/topcar.vn\/wp-content\/uploads\/2025\/07\/tham-lot-san-ford-everest-2022-2025-2-1024x1024.webp 1024w, https:\/\/topcar.vn\/wp-content\/uploads\/2025\/07\/tham-lot-san-ford-everest-2022-2025-2-300x300.webp 300w, https:\/\/topcar.vn\/wp-content\/uploads\/2025\/07\/tham-lot-san-ford-everest-2022-2025-2-150x150.webp 150w, https:\/\/topcar.vn\/wp-content\/uploads\/2025\/07\/tham-lot-san-ford-everest-2022-2025-2-768x767.webp 768w, https:\/\/topcar.vn\/wp-content\/uploads\/2025\/07\/tham-lot-san-ford-everest-2022-2025-2-600x599.webp 600w, https:\/\/topcar.vn\/wp-content\/uploads\/2025\/07\/tham-lot-san-ford-everest-2022-2025-2-100x100.webp 100w, https:\/\/topcar.vn\/wp-content\/uploads\/2025\/07\/tham-lot-san-ford-everest-2022-2025-2.webp 1081w\" sizes=\"(max-width: 1024px) 100vw, 1024px\" \/><figcaption id=\"caption-attachment-3641\" class=\"wp-caption-text\">Th\u1ea3m l\u00f3t s\u00e0n Ford Everest 2022-2025<\/figcaption><\/figure>\n<ul data-start=\"2608\" data-end=\"2745\">\n<li data-start=\"2608\" data-end=\"2653\">\n<p data-start=\"2610\" data-end=\"2653\">B\u1ed9 th\u1ea3m TPE ti\u00eau chu\u1ea9n: <strong data-start=\"2634\" data-end=\"2651\">2.200.000 VN\u0110<\/strong><\/p>\n<\/li>\n<li data-start=\"2654\" data-end=\"2703\">\n<p data-start=\"2656\" data-end=\"2703\">Th\u1ea3m r\u1ed1i ph\u1ee7 th\u00eam (t\u00f9y ch\u1ecdn): <strong data-start=\"2686\" data-end=\"2701\">200.000 VN\u0110<\/strong><\/p>\n<\/li>\n<li data-start=\"2704\" data-end=\"2745\">\n<p data-start=\"2706\" data-end=\"2745\">Kh\u00f4ng l\u1ea5y th\u1ea3m r\u1ed1i: <strong data-start=\"2726\" data-end=\"2743\">2.000.000 VN\u0110<\/strong><\/p>\n<\/li>\n<\/ul>\n<h3 data-start=\"2747\" data-end=\"2803\">Mua th\u1ea3m l\u00f3t s\u00e0n Ford Everest 2022-2025 t\u1ea1i Topcar<\/h3>\n<figure id=\"attachment_3638\" aria-describedby=\"caption-attachment-3638\" style=\"width: 1024px\" class=\"wp-caption aligncenter\"><img loading=\"lazy\" decoding=\"async\" class=\"size-large wp-image-3638\" src=\"http:\/\/khaitest.rf.gd\/wp-content\/uploads\/2025\/07\/anh-dai-dien-tham-lot-san-ford-everest-2022-2025-1024x683.webp\" alt=\"Th\u1ea3m l\u00f3t s\u00e0n Ford Everest 2022-2025\" width=\"1024\" height=\"683\" srcset=\"https:\/\/topcar.vn\/wp-content\/uploads\/2025\/07\/anh-dai-dien-tham-lot-san-ford-everest-2022-2025-1024x683.webp 1024w, https:\/\/topcar.vn\/wp-content\/uploads\/2025\/07\/anh-dai-dien-tham-lot-san-ford-everest-2022-2025-300x200.webp 300w, https:\/\/topcar.vn\/wp-content\/uploads\/2025\/07\/anh-dai-dien-tham-lot-san-ford-everest-2022-2025-768x512.webp 768w, https:\/\/topcar.vn\/wp-content\/uploads\/2025\/07\/anh-dai-dien-tham-lot-san-ford-everest-2022-2025-1536x1024.webp 1536w, https:\/\/topcar.vn\/wp-content\/uploads\/2025\/07\/anh-dai-dien-tham-lot-san-ford-everest-2022-2025-600x400.webp 600w, https:\/\/topcar.vn\/wp-content\/uploads\/2025\/07\/anh-dai-dien-tham-lot-san-ford-everest-2022-2025.webp 2048w\" sizes=\"(max-width: 1024px) 100vw, 1024px\" \/><figcaption id=\"caption-attachment-3638\" class=\"wp-caption-text\">Th\u1ea3m l\u00f3t s\u00e0n Ford Everest 2022-2025<\/figcaption><\/figure>\n<p data-start=\"2804\" data-end=\"3041\">Topcar l\u00e0 \u0111\u01a1n v\u1ecb ph\u00e2n ph\u1ed1i th\u1ea3m l\u00f3t s\u00e0n TPE \u0111\u00fac khu\u00f4n cao c\u1ea5p, chu\u1ea9n form theo xe, l\u1eafp \u0111\u1eb7t v\u1eeba kh\u00edt m\u00e0 kh\u00f4ng c\u1ea7n ch\u1ec9nh s\u1eeda. S\u1ea3n ph\u1ea9m \u0111\u01b0\u1ee3c s\u1ea3n xu\u1ea5t b\u1eb1ng c\u00f4ng ngh\u1ec7 \u00e9p nhi\u1ec7t 3D hi\u1ec7n \u0111\u1ea1i, mang \u0111\u1ebfn \u0111\u1ed9 ch\u00ednh x\u00e1c v\u00e0 kh\u1ea3 n\u0103ng b\u1ea3o v\u1ec7 to\u00e0n di\u1ec7n.<\/p>\n<p data-start=\"3043\" data-end=\"3107\">Khi ch\u1ecdn mua th\u1ea3m l\u00f3t s\u00e0n t\u1ea1i Topcar, kh\u00e1ch h\u00e0ng \u0111\u01b0\u1ee3c cam k\u1ebft:<\/p>\n<ul data-start=\"3108\" data-end=\"3402\">\n<li data-start=\"3108\" data-end=\"3185\">\n<p data-start=\"3110\" data-end=\"3185\">100% nh\u1ef1a TPE nguy\u00ean sinh, kh\u00f4ng pha t\u1ea1p, an to\u00e0n tuy\u1ec7t \u0111\u1ed1i cho s\u1ee9c kh\u1ecfe.<\/p>\n<\/li>\n<li data-start=\"3186\" data-end=\"3267\">\n<p data-start=\"3188\" data-end=\"3267\">Chu\u1ea9n form t\u1eebng \u0111\u1eddi xe, l\u1eafp \u0111\u1eb7t nhanh ch\u00f3ng, kh\u00f4ng g\u00e2y c\u1ea3n tr\u1edf qu\u00e1 tr\u00ecnh l\u00e1i.<\/p>\n<\/li>\n<li data-start=\"3268\" data-end=\"3338\">\n<p data-start=\"3270\" data-end=\"3338\">Ch\u00ednh s\u00e1ch b\u1ea3o h\u00e0nh <strong data-start=\"3290\" data-end=\"3299\">5 n\u0103m<\/strong>, 1 \u0111\u1ed5i 1 n\u1ebfu ph\u00e1t sinh l\u1ed7i k\u1ef9 thu\u1eadt.<\/p>\n<\/li>\n<li data-start=\"3339\" data-end=\"3402\">\n<p data-start=\"3341\" data-end=\"3402\">H\u1ed7 tr\u1ee3 giao h\u00e0ng nhanh v\u00e0 l\u1eafp \u0111\u1eb7t chuy\u00ean nghi\u1ec7p t\u1ea1i H\u00e0 N\u1ed9i.<\/p>\n<\/li>\n<\/ul>\n<p data-start=\"3404\" data-end=\"3573\">V\u1edbi uy t\u00edn nhi\u1ec1u n\u0103m trong ng\u00e0nh, Topcar lu\u00f4n mang \u0111\u1ebfn cho kh\u00e1ch h\u00e0ng s\u1ea3n ph\u1ea9m ch\u1ea5t l\u01b0\u1ee3ng v\u00e0 d\u1ecbch v\u1ee5 t\u1eadn t\u00e2m, gi\u00fap b\u1ea1n an t\u00e2m l\u1ef1a ch\u1ecdn cho chi\u1ebfc Ford Everest c\u1ee7a m\u00ecnh.<\/p>\n<p data-start=\"3575\" data-end=\"3749\"><strong data-start=\"3575\" data-end=\"3601\">Li\u00ean h\u1ec7 \u0111\u1eb7t h\u00e0ng ngay:<\/strong><br data-start=\"3601\" data-end=\"3604\" \/>Hotline \/ Zalo: 0889.385.222<br data-start=\"3632\" data-end=\"3635\" \/>\u0110\u1ecba ch\u1ec9: S\u1ed1 9 BT2, K\u0110T Foresa Xu\u00e2n Ph\u01b0\u01a1ng, Nam T\u1eeb Li\u00eam, H\u00e0 N\u1ed9i<br data-start=\"3697\" data-end=\"3700\" \/>Website: <a class=\"decorated-link\" href=\"https:\/\/Topcar.vn?utm_source=chatgpt.com\" target=\"_new\" rel=\"noopener\" data-start=\"3709\" data-end=\"3747\">https:\/\/Topcar.vn<\/a><\/p>\n","protected":false},"excerpt":{"rendered":"<ul>\n<li>Mi\u1ec5n ph\u00ed giao h\u00e0ng to\u00e0n qu\u1ed1c<\/li>\n<li>Nh\u1eadn h\u00e0ng &gt; L\u1eafp \u0111\u1eb7t &gt; Thanh to\u00e1n<\/li>\n<li>B\u1ea3o h\u00e0nh 5 n\u0103m<\/li>\n<\/ul>\n","protected":false},"featured_media":3775,"comment_status":"closed","ping_status":"closed","template":"","meta":{"site-sidebar-layout":"no-sidebar","site-content-layout":"content-boxed-container","ast-site-content-layout":"normal-width-container","site-content-style":"boxed","site-sidebar-style":"unboxed","ast-global-header-display":"","ast-banner-title-visibility":"","ast-main-header-display":"","ast-hfb-above-header-display":"","ast-hfb-below-header-display":"","ast-hfb-mobile-header-display":"","site-post-title":"","ast-breadcrumbs-content":"","ast-featured-img":"","footer-sml-layout":"","ast-disable-related-posts":"","theme-transparent-header-meta":"default","adv-header-id-meta":"","stick-header-meta":"","header-above-stick-meta":"","header-main-stick-meta":"","header-below-stick-meta":"","astra-migrate-meta-layouts":"set","ast-page-background-enabled":"default","ast-page-background-meta":{"desktop":{"background-color":"var(--ast-global-color-4)","background-image":"","background-repeat":"repeat","background-position":"center center","background-size":"auto","background-attachment":"scroll","background-type":"","background-media":"","overlay-type":"","overlay-color":"","overlay-opacity":"","overlay-gradient":""},"tablet":{"background-color":"","background-image":"","background-repeat":"repeat","background-position":"center center","background-size":"auto","background-attachment":"scroll","background-type":"","background-media":"","overlay-type":"","overlay-color":"","overlay-opacity":"","overlay-gradient":""},"mobile":{"background-color":"","background-image":"","background-repeat":"repeat","background-position":"center center","background-size":"auto","background-attachment":"scroll","background-type":"","background-media":"","overlay-type":"","overlay-color":"","overlay-opacity":"","overlay-gradient":""}},"ast-content-background-meta":{"desktop":{"background-color":"var(--ast-global-color-5)","background-image":"","background-repeat":"repeat","background-position":"center center","background-size":"auto","background-attachment":"scroll","background-type":"","background-media":"","overlay-type":"","overlay-color":"","overlay-opacity":"","overlay-gradient":""},"tablet":{"background-color":"var(--ast-global-color-5)","background-image":"","background-repeat":"repeat","background-position":"center center","background-size":"auto","background-attachment":"scroll","background-type":"","background-media":"","overlay-type":"","overlay-color":"","overlay-opacity":"","overlay-gradient":""},"mobile":{"background-color":"var(--ast-global-color-5)","background-image":"","background-repeat":"repeat","background-position":"center center","background-size":"auto","background-attachment":"scroll","background-type":"","background-media":"","overlay-type":"","overlay-color":"","overlay-opacity":"","overlay-gradient":""}}},"product_brand":[],"product_cat":[43,51],"product_tag":[],"class_list":{"0":"post-1765","1":"product","2":"type-product","3":"status-publish","4":"has-post-thumbnail","6":"product_cat-tham-lot-san-o-to","7":"product_cat-tham-lot-san-o-to-ford","8":"desktop-align-left","9":"tablet-align-left","10":"mobile-align-left","12":"first","13":"instock","14":"shipping-taxable","15":"purchasable","16":"product-type-variable"},"_links":{"self":[{"href":"https:\/\/topcar.vn\/index.php?rest_route=\/wp\/v2\/product\/1765","targetHints":{"allow":["GET"]}}],"collection":[{"href":"https:\/\/topcar.vn\/index.php?rest_route=\/wp\/v2\/product"}],"about":[{"href":"https:\/\/topcar.vn\/index.php?rest_route=\/wp\/v2\/types\/product"}],"replies":[{"embeddable":true,"href":"https:\/\/topcar.vn\/index.php?rest_route=%2Fwp%2Fv2%2Fcomments&post=1765"}],"version-history":[{"count":4,"href":"https:\/\/topcar.vn\/index.php?rest_route=\/wp\/v2\/product\/1765\/revisions"}],"predecessor-version":[{"id":3637,"href":"https:\/\/topcar.vn\/index.php?rest_route=\/wp\/v2\/product\/1765\/revisions\/3637"}],"wp:featuredmedia":[{"embeddable":true,"href":"https:\/\/topcar.vn\/index.php?rest_route=\/wp\/v2\/media\/3775"}],"wp:attachment":[{"href":"https:\/\/topcar.vn\/index.php?rest_route=%2Fwp%2Fv2%2Fmedia&parent=1765"}],"wp:term":[{"taxonomy":"product_brand","embeddable":true,"href":"https:\/\/topcar.vn\/index.php?rest_route=%2Fwp%2Fv2%2Fproduct_brand&post=1765"},{"taxonomy":"product_cat","embeddable":true,"href":"https:\/\/topcar.vn\/index.php?rest_route=%2Fwp%2Fv2%2Fproduct_cat&post=1765"},{"taxonomy":"product_tag","embeddable":true,"href":"https:\/\/topcar.vn\/index.php?rest_route=%2Fwp%2Fv2%2Fproduct_tag&post=1765"}],"curies":[{"name":"wp","href":"https:\/\/api.w.org\/{rel}","templated":true}]}}