{"id":252,"date":"2025-05-20T01:13:09","date_gmt":"2025-05-19T18:13:09","guid":{"rendered":"http:\/\/topcar1.local\/?page_id=252"},"modified":"2025-06-05T12:17:14","modified_gmt":"2025-06-05T05:17:14","slug":"about","status":"publish","type":"page","link":"https:\/\/topcar.vn\/about\/","title":{"rendered":"Gi\u1edbi thi\u1ec7u"},"content":{"rendered":"\t\t<div data-elementor-type=\"wp-page\" data-elementor-id=\"252\" class=\"elementor elementor-252\">\n\t\t\t\t<div class=\"elementor-element elementor-element-d98598e e-flex e-con-boxed e-con e-parent\" data-id=\"d98598e\" data-element_type=\"container\" data-e-type=\"container\" data-settings=\"{&quot;background_background&quot;:&quot;classic&quot;}\">\n\t\t\t\t\t<div class=\"e-con-inner\">\n\t\t<div class=\"elementor-element elementor-element-8e35f02 e-con-full e-flex e-con e-child\" data-id=\"8e35f02\" data-element_type=\"container\" data-e-type=\"container\">\n\t\t<div class=\"elementor-element elementor-element-dc8a5d1 e-con-full e-flex e-con e-child\" data-id=\"dc8a5d1\" data-element_type=\"container\" data-e-type=\"container\">\n\t\t<div class=\"elementor-element elementor-element-3fd0bca e-con-full e-flex e-con e-child\" data-id=\"3fd0bca\" data-element_type=\"container\" data-e-type=\"container\">\n\t\t\t\t<div class=\"elementor-element elementor-element-5d71d45 elementor-widget elementor-widget-heading\" data-id=\"5d71d45\" data-element_type=\"widget\" data-e-type=\"widget\" data-widget_type=\"heading.default\">\n\t\t\t\t<div class=\"elementor-widget-container\">\n\t\t\t\t\t<h3 class=\"elementor-heading-title elementor-size-default\"><header style=\"font-size: medium\"><h1 style=\"margin-bottom: 10px;width: 1050px;font-size: 1.7em;font-weight: 700;font-style: normal;letter-spacing: 0.05em;text-transform: uppercase\">Gi\u1edbi thi\u1ec7U<span style=\"font-size: 2rem;font-style: inherit;font-weight: 400\"><\/span><\/h1><\/header><\/h3>\t\t\t\t<\/div>\n\t\t\t\t<\/div>\n\t\t\t\t<div class=\"elementor-element elementor-element-b5f1814 elementor-widget elementor-widget-text-editor\" data-id=\"b5f1814\" data-element_type=\"widget\" data-e-type=\"widget\" data-widget_type=\"text-editor.default\">\n\t\t\t\t<div class=\"elementor-widget-container\">\n\t\t\t\t\t\t\t\t\t<p style=\"margin-bottom: 1.3em; color: #000000; font-family: Mulish, sans-serif; font-size: medium; font-style: normal; font-weight: 400; text-align: justify;\">Top Car l\u00e0 th\u01b0\u01a1ng hi\u1ec7u th\u1ea3m l\u00f3t s\u00e0n \u00f4 t\u00f4 cao c\u1ea5p tr\u1ef1c thu\u1ed9c C\u00f4ng ty C\u1ed5 ph\u1ea7n Th\u01b0\u01a1ng m\u1ea1i v\u00e0 \u0110\u1ea7u t\u01b0 Ng\u1ecdc An. S\u1ee9 m\u1ec7nh c\u1ee7a ch\u00fang t\u00f4i ch\u00ednh l\u00e0 mang \u0111\u1ebfn nh\u1eefng lo\u1ea1i th\u1ea3m tr\u1ea3i s\u00e0n ch\u1ea5t l\u01b0\u1ee3ng, n\u00e2ng t\u1ea7m cho n\u1ed9i th\u1ea5t \u00f4 t\u00f4 c\u1ee7a b\u1ea1n!<\/p><div>\u00a0<\/div>\t\t\t\t\t\t\t\t<\/div>\n\t\t\t\t<\/div>\n\t\t\t\t<div class=\"elementor-element elementor-element-478fe8a elementor-widget elementor-widget-heading\" data-id=\"478fe8a\" data-element_type=\"widget\" data-e-type=\"widget\" data-widget_type=\"heading.default\">\n\t\t\t\t<div class=\"elementor-widget-container\">\n\t\t\t\t\t<h3 class=\"elementor-heading-title elementor-size-default\"><header style=\"font-size: medium\"><h2 style=\"margin-bottom: 0.5em;width: 1050px;line-height: 1.3;font-size: 1.6em;font-weight: 700;font-style: normal;text-align: justify\"><span style=\"font-weight: bolder\">1. V\u1ec0 TOP CAR<\/span><span style=\"font-size: 2rem;font-style: inherit;font-weight: 400;text-align: start\"><\/span><\/h2><\/header><\/h3>\t\t\t\t<\/div>\n\t\t\t\t<\/div>\n\t\t\t\t<div class=\"elementor-element elementor-element-2f4a043 elementor-widget elementor-widget-text-editor\" data-id=\"2f4a043\" data-element_type=\"widget\" data-e-type=\"widget\" data-widget_type=\"text-editor.default\">\n\t\t\t\t<div class=\"elementor-widget-container\">\n\t\t\t\t\t\t\t\t\t<p style=\"margin-bottom: 1.3em; color: #000000; font-family: Mulish, sans-serif; font-size: medium; font-style: normal; font-weight: 400; text-align: justify;\">Top Car l\u00e0 th\u01b0\u01a1ng hi\u1ec7u chuy\u00ean v\u1ec1 ph\u1ee5 ki\u1ec7n \u00f4 t\u00f4 \u0111\u01b0\u1ee3c C\u00f4ng ty CP Th\u01b0\u01a1ng m\u1ea1i v\u00e0 \u0110\u1ea7u t\u01b0 Ng\u1ecdc An nghi\u00ean c\u1ee9u, s\u1ea3n xu\u1ea5t. V\u1edbi \u0111\u1ed9i ng\u0169 nh\u00e2n s\u1ef1 nghi\u00ean c\u1ee9u d\u00e0y d\u1eb7n kinh nghi\u1ec7m, ch\u00fang t\u00f4i l\u1ef1a ch\u1ecdn ph\u00e1t tri\u1ec3n c\u00e1c d\u00f2ng s\u1ea3n ph\u1ea9m \u0111\u01b0\u1ee3c l\u00e0m t\u1eeb ngu\u1ed3n nguy\u00ean li\u1ec7u b\u1ec1n v\u1eefng, th\u00e2n thi\u1ec7n m\u00f4i tr\u01b0\u1eddng.<\/p>\t\t\t\t\t\t\t\t<\/div>\n\t\t\t\t<\/div>\n\t\t\t\t<div class=\"elementor-element elementor-element-a893f33 elementor-widget elementor-widget-image\" data-id=\"a893f33\" data-element_type=\"widget\" data-e-type=\"widget\" data-widget_type=\"image.default\">\n\t\t\t\t<div class=\"elementor-widget-container\">\n\t\t\t\t\t\t\t\t\t\t\t\t\t\t\t<img fetchpriority=\"high\" decoding=\"async\" width=\"768\" height=\"768\" src=\"https:\/\/topcar.vn\/wp-content\/uploads\/2025\/06\/gioi-thieu-carsen-2-768x768.jpg\" class=\"attachment-medium_large size-medium_large wp-image-1453\" alt=\"\" srcset=\"https:\/\/topcar.vn\/wp-content\/uploads\/2025\/06\/gioi-thieu-carsen-2-768x768.jpg 768w, https:\/\/topcar.vn\/wp-content\/uploads\/2025\/06\/gioi-thieu-carsen-2-300x300.jpg 300w, https:\/\/topcar.vn\/wp-content\/uploads\/2025\/06\/gioi-thieu-carsen-2-150x150.jpg 150w, https:\/\/topcar.vn\/wp-content\/uploads\/2025\/06\/gioi-thieu-carsen-2-600x600.jpg 600w, https:\/\/topcar.vn\/wp-content\/uploads\/2025\/06\/gioi-thieu-carsen-2-100x100.jpg 100w, https:\/\/topcar.vn\/wp-content\/uploads\/2025\/06\/gioi-thieu-carsen-2.jpg 900w\" sizes=\"(max-width: 768px) 100vw, 768px\" \/>\t\t\t\t\t\t\t\t\t\t\t\t\t\t\t<\/div>\n\t\t\t\t<\/div>\n\t\t\t\t<div class=\"elementor-element elementor-element-47c8b7d elementor-widget elementor-widget-text-editor\" data-id=\"47c8b7d\" data-element_type=\"widget\" data-e-type=\"widget\" data-widget_type=\"text-editor.default\">\n\t\t\t\t<div class=\"elementor-widget-container\">\n\t\t\t\t\t\t\t\t\t<p style=\"margin-bottom: 1.3em; color: #000000; font-family: Mulish, sans-serif; font-size: medium; font-style: normal; font-weight: 400; text-align: justify;\">B\u00ean c\u1ea1nh \u0111\u00f3, h\u1ec7 th\u1ed1ng nh\u00e0 m\u00e1y c\u00f9ng d\u00e2y chuy\u1ec1n, c\u00f4ng ngh\u1ec7 s\u1ea3n xu\u1ea5t c\u0169ng \u0111\u01b0\u1ee3c n\u00e2ng c\u1ea5p kh\u00f4ng ng\u1eebng, \u0111\u00e1p \u1ee9ng nh\u1eefng ki\u1ec3m \u0111\u1ecbnh kh\u1eaft khe, mang \u0111\u1ebfn nh\u1eefng s\u1ea3n ph\u1ea9m theo \u0111\u00fang ti\u00eau chu\u1ea9n qu\u1ed1c t\u1ebf cho kh\u00e1ch h\u00e0ng.<\/p><p style=\"margin-bottom: 1.3em; color: #000000; font-family: Mulish, sans-serif; font-size: medium; font-style: normal; font-weight: 400; text-align: justify;\">D\u00f2ng s\u1ea3n ph\u1ea9m ch\u1ee7 l\u1ef1c t\u1ea1o n\u00ean t\u00ean tu\u1ed5i th\u01b0\u01a1ng hi\u1ec7u Carsen hi\u1ec7n nay ch\u00ednh l\u00e0 th\u1ea3m l\u00f3t s\u00e0n \u00f4 t\u00f4 t\u1eeb nh\u1ef1a TPE nguy\u00ean sinh v\u1edbi \u0111\u1ed9 b\u1ec1n cao, an to\u00e0n tuy\u1ec7t \u0111\u1ed1i v\u1edbi s\u1ee9c kho\u1ebb ng\u01b0\u1eddi d\u00f9ng. \u0110\u1ed9i ng\u0169 chuy\u00ean gia t\u1eeb Carsen c\u0169ng ch\u00fa tr\u1ecdng v\u00e0o nghi\u00ean c\u1ee9u thi\u1ebft k\u1ebf th\u1ea3m th\u00f4ng minh, v\u1eeba \u0111\u1eb9p, v\u1eeba b\u1ec1n, v\u1eeba b\u1ea3o v\u1ec7 v\u1eefng ch\u1eafc cho s\u00e0n xe v\u00e0 quan tr\u1ecdng h\u01a1n l\u00e0 ch\u1ed1ng tr\u01a1n tr\u01b0\u1ee3t \u0111\u1ea3m b\u1ea3o an to\u00e0n cho ng\u01b0\u1eddi s\u1eed d\u1ee5ng.<\/p>\t\t\t\t\t\t\t\t<\/div>\n\t\t\t\t<\/div>\n\t\t\t\t<div class=\"elementor-element elementor-element-4198720 elementor-widget elementor-widget-heading\" data-id=\"4198720\" data-element_type=\"widget\" data-e-type=\"widget\" data-widget_type=\"heading.default\">\n\t\t\t\t<div class=\"elementor-widget-container\">\n\t\t\t\t\t<h2 class=\"elementor-heading-title elementor-size-default\"><h3 data-elementor-setting-key=\"title\" data-pen-placeholder=\"Nh\u1eadp \u1edf \u0111\u00e2y...\" style=\"font-style: normal\"><header style=\"font-size: medium\"><h2 style=\"font-size: 1.6em;font-style: normal;font-weight: 700;margin-bottom: 0.5em;line-height: 1.3;width: 1050px;text-align: justify\"><span style=\"font-weight: bolder\">2. C\u00e1c s\u1ea3n ph\u1ea9m Top Car cung c\u1ea5p<\/span><span style=\"font-size: 2.5rem;font-style: inherit;font-weight: 400;text-align: start\"><\/span><\/h2><\/header><\/h3><\/h2>\t\t\t\t<\/div>\n\t\t\t\t<\/div>\n\t\t\t\t<div class=\"elementor-element elementor-element-c3c1746 elementor-widget elementor-widget-text-editor\" data-id=\"c3c1746\" data-element_type=\"widget\" data-e-type=\"widget\" data-widget_type=\"text-editor.default\">\n\t\t\t\t<div class=\"elementor-widget-container\">\n\t\t\t\t\t\t\t\t\t<p style=\"margin-bottom: 1.3em; color: #000000; font-family: Mulish, sans-serif; font-size: medium; font-style: normal; font-weight: 400; text-align: justify;\">Hi\u1ec7n nay, Top Car chuy\u00ean cung c\u1ea5p c\u00e1c d\u00f2ng s\u1ea3n ph\u1ea9m th\u1ea3m l\u00f3t s\u00e0n \u00f4 t\u00f4 TPE. Ch\u00fang t\u00f4i mang \u0111\u1ebfn \u0111a d\u1ea1ng m\u1eabu m\u00e3 s\u1ea3n ph\u1ea9m, \u0111\u00e1p \u1ee9ng cho m\u1ecdi d\u00f2ng xe \u00f4 t\u00f4 ph\u1ed5 bi\u1ebfn nh\u1ea5t t\u1ea1i Vi\u1ec7t Nam nh\u01b0:<\/p><ul style=\"margin-bottom: 1.3em; color: #000000; font-family: Mulish, sans-serif; font-size: medium; font-style: normal; font-weight: 400; text-align: justify;\"><li style=\"margin-bottom: 0.6em; margin-left: 1.3em;\">Th\u1ea3m l\u00f3t s\u00e0n \u00f4 t\u00f4 Toyota<\/li><li style=\"margin-bottom: 0.6em; margin-left: 1.3em;\">Th\u1ea3m tr\u1ea3i s\u00e0n \u00f4 t\u00f4 Mazda<\/li><li style=\"margin-bottom: 0.6em; margin-left: 1.3em;\">Th\u1ea3m s\u00e0n \u00f4 t\u00f4 Mercedes<\/li><li style=\"margin-bottom: 0.6em; margin-left: 1.3em;\">Th\u1ea3m tr\u1ea3i s\u00e0n \u00f4 t\u00f4 Honda<\/li><li style=\"margin-bottom: 0.6em; margin-left: 1.3em;\">Th\u1ea3m l\u00f3t s\u00e0n \u00f4 t\u00f4 Hyundai<\/li><li style=\"margin-bottom: 0.6em; margin-left: 1.3em;\">Th\u1ea3m l\u00f3t s\u00e0n \u00f4 t\u00f4 KIA<\/li><li style=\"margin-bottom: 0.6em; margin-left: 1.3em;\">Th\u1ea3m tr\u1ea3i s\u00e0n \u00f4 t\u00f4 Ford<\/li><li style=\"margin-bottom: 0.6em; margin-left: 1.3em;\">Th\u1ea3m s\u00e0n \u00f4 t\u00f4 Mitsubishi<\/li><li style=\"margin-bottom: 0.6em; margin-left: 1.3em;\">Th\u1ea3m tr\u1ea3i s\u00e0n \u00f4 t\u00f4 Suzuki<\/li><li style=\"margin-bottom: 0.6em; margin-left: 1.3em;\">Th\u1ea3m l\u00f3t s\u00e0n \u00f4 t\u00f4 BMW<\/li><li style=\"margin-bottom: 0.6em; margin-left: 1.3em;\">Th\u1ea3m s\u00e0n \u00f4 t\u00f4 Vinfast<\/li><li style=\"margin-bottom: 0.6em; margin-left: 1.3em;\">Th\u1ea3m tr\u1ea3i s\u00e0n \u00f4 t\u00f4 Range Rover<\/li><li style=\"margin-bottom: 0.6em; margin-left: 1.3em;\">Th\u1ea3m l\u00f3t s\u00e0n \u00f4 t\u00f4 Porsche<\/li><li style=\"margin-bottom: 0.6em; margin-left: 1.3em;\">Th\u1ea3m s\u00e0n \u00f4 t\u00f4 MG<\/li><li style=\"margin-bottom: 0.6em; margin-left: 1.3em;\">Th\u1ea3m tr\u1ea3i s\u00e0n \u00f4 t\u00f4 Peugeot<\/li><\/ul>\t\t\t\t\t\t\t\t<\/div>\n\t\t\t\t<\/div>\n\t\t\t\t<div class=\"elementor-element elementor-element-b63fcef elementor-widget elementor-widget-heading\" data-id=\"b63fcef\" data-element_type=\"widget\" data-e-type=\"widget\" data-widget_type=\"heading.default\">\n\t\t\t\t<div class=\"elementor-widget-container\">\n\t\t\t\t\t<h2 class=\"elementor-heading-title elementor-size-default\"><h2 data-elementor-setting-key=\"title\" data-pen-placeholder=\"Nh\u1eadp \u1edf \u0111\u00e2y...\" style=\"font-style: normal\"><\/h2><h3 data-elementor-setting-key=\"title\" data-pen-placeholder=\"Nh\u1eadp \u1edf \u0111\u00e2y...\" style=\"font-style: normal\"><header style=\"font-size: medium\"><h2 style=\"font-size: 1.6em;font-style: normal;font-weight: 700;margin-bottom: 0.5em;line-height: 1.3;width: 1050px;text-align: justify\"><span style=\"font-weight: bolder\">3. T\u1ea7m nh\u00ecn<\/span><span style=\"font-size: 2.5rem;font-style: inherit;font-weight: 400;text-align: start\"><\/span><\/h2><\/header><\/h3><\/h2>\t\t\t\t<\/div>\n\t\t\t\t<\/div>\n\t\t\t\t<div class=\"elementor-element elementor-element-d6d1b84 elementor-widget elementor-widget-text-editor\" data-id=\"d6d1b84\" data-element_type=\"widget\" data-e-type=\"widget\" data-widget_type=\"text-editor.default\">\n\t\t\t\t<div class=\"elementor-widget-container\">\n\t\t\t\t\t\t\t\t\t<ul style=\"margin-bottom: 1.3em; color: #000000; font-family: Mulish, sans-serif; font-size: medium; font-style: normal; font-weight: 400; text-align: justify;\"><li style=\"margin-bottom: 0.6em; margin-left: 1.3em;\">Tr\u1edf th\u00e0nh m\u1ed9t trong nh\u1eefng th\u01b0\u01a1ng hi\u1ec7u \u0111\u1ee9ng \u0111\u1ea7u v\u1ec1 th\u1ea3m l\u00f3t s\u00e0n \u00f4 t\u00f4 t\u1ea1i Vi\u1ec7t Nam.<\/li><li style=\"margin-bottom: 0.6em; margin-left: 1.3em;\">Ph\u00e1t tri\u1ec3n th\u00eam c\u00e1c d\u00f2ng ph\u1ee5 ki\u1ec7n \u00f4 t\u00f4 cao c\u1ea5p, ch\u1ea5t l\u01b0\u1ee3ng \u0111\u1ebfn tay ng\u01b0\u1eddi ti\u00eau d\u00f9ng Vi\u1ec7t.<\/li><li style=\"margin-bottom: 0.6em; margin-left: 1.3em;\">X\u00e2y d\u1ef1ng c\u00f4ng ty l\u1edbn m\u1ea1nh, t\u0103ng c\u01b0\u1eddng k\u1ebft n\u1ed1i v\u00e0 ng\u00e0y c\u00e0ng m\u1edf r\u1ed9ng.<\/li><\/ul>\t\t\t\t\t\t\t\t<\/div>\n\t\t\t\t<\/div>\n\t\t\t\t<div class=\"elementor-element elementor-element-d9bf477 elementor-widget elementor-widget-heading\" data-id=\"d9bf477\" data-element_type=\"widget\" data-e-type=\"widget\" data-widget_type=\"heading.default\">\n\t\t\t\t<div class=\"elementor-widget-container\">\n\t\t\t\t\t<h2 class=\"elementor-heading-title elementor-size-default\"><h2 class=\"elementor-heading-title elementor-size-default elementor-inline-editing pen\" data-elementor-setting-key=\"title\" data-pen-placeholder=\"Nh\u1eadp \u1edf \u0111\u00e2y...\" style=\"font-style: normal\"><\/h2><h3 data-elementor-setting-key=\"title\" data-pen-placeholder=\"Nh\u1eadp \u1edf \u0111\u00e2y...\" style=\"font-style: normal\"><header style=\"font-size: medium\"><h2 style=\"font-size: 1.6em;font-style: normal;font-weight: 700;margin-bottom: 0.5em;line-height: 1.3;width: 1050px;text-align: justify\"><span style=\"font-weight: bolder\">4. Cam k\u1ebft ch\u1ea5t l\u01b0\u1ee3ng Top Car mang l\u1ea1i<\/span><span style=\"font-size: 2.5rem;font-style: inherit;font-weight: 400;text-align: start\"><\/span><\/h2><\/header><\/h3><\/h2>\t\t\t\t<\/div>\n\t\t\t\t<\/div>\n\t\t\t\t<div class=\"elementor-element elementor-element-6475b4d elementor-widget elementor-widget-text-editor\" data-id=\"6475b4d\" data-element_type=\"widget\" data-e-type=\"widget\" data-widget_type=\"text-editor.default\">\n\t\t\t\t<div class=\"elementor-widget-container\">\n\t\t\t\t\t\t\t\t\t<ul><li>Kh\u00f4ng ng\u1eebng \u0111a d\u1ea1ng ho\u00e1 c\u00e1c d\u00f2ng s\u1ea3n ph\u1ea9m cung c\u1ea5p, \u0111\u00e1p \u1ee9ng m\u1ecdi y\u00eau c\u1ea7u c\u1ee7a kh\u00e1ch h\u00e0ng.<\/li><li>\u0110\u1eb7t ch\u1ea5t l\u01b0\u1ee3ng l\u00ean h\u00e0ng \u0111\u1ea7u cho t\u1ea5t c\u1ea3 c\u00e1c d\u00f2ng s\u1ea3n ph\u1ea9m.<\/li><li>Mang \u0111\u1ebfn d\u1ecbch v\u1ee5 ch\u0103m s\u00f3c, h\u1ed7 tr\u1ee3 kh\u00e1ch h\u00e0ng t\u1eadn t\u00e2m.<\/li><li>Gi\u00e1 th\u00e0nh s\u1ea3n ph\u1ea9m t\u1ed1i \u01b0u nh\u1ea5t khi \u0111\u1ebfn tay ng\u01b0\u1eddi ti\u00eau d\u00f9ng.<\/li><li>Ch\u1ebf \u0111\u1ed9 b\u1ea3o h\u00e0nh uy t\u00edn, \u0111\u1ec1 cao tr\u00e1ch nhi\u1ec7m v\u1edbi kh\u00e1ch h\u00e0ng.<\/li><li>Mi\u1ec5n ph\u00ed giao h\u00e0ng, l\u1eafp \u0111\u1eb7t ph\u1ee5 ki\u1ec7n \u00f4 t\u00f4 t\u1eadn n\u01a1i tr\u00ean to\u00e0n qu\u1ed1c.<\/li><\/ul><p>Top Car c\u0169ng nh\u01b0 C\u00f4ng ty CP Th\u01b0\u01a1ng m\u1ea1i v\u00e0 \u0110\u1ea7u t\u01b0 Ng\u1ecdc An quy\u1ebft t\u00e2m kh\u00f4ng ng\u1eebng n\u1ed7 l\u1ef1c, c\u1ed1 g\u1eafng \u0111\u1ec3 n\u00e2ng cao tr\u1ea3i nghi\u1ec7m kh\u00e1ch h\u00e0ng. T\u1ea5t c\u1ea3 c\u00e1c s\u1ea3n ph\u1ea9m Carsen cung c\u1ea5p mong mu\u1ed1n s\u1ebd \u0111\u01b0\u1ee3c \u0111\u1ed3ng h\u00e0nh, mang \u0111\u1ebfn nh\u1eefng chuy\u1ebfn \u0111i tho\u1ea3i m\u00e1i v\u00e0 an to\u00e0n nh\u1ea5t tr\u00ean chi\u1ebfc xe \u00f4 t\u00f4 c\u1ee7a b\u1ea1n!<\/p><p><strong>C\u00f4ng ty CP Th\u01b0\u01a1ng m\u1ea1i v\u00e0 \u0110\u1ea7u t\u01b0 Ng\u1ecdc An<\/strong><\/p><p>V\u0103n ph\u00f2ng: TT7 D\u1ef1 \u00e1n Khu nh\u00e0 \u1edf sinh th\u00e1i Xu\u00e2n, Li\u1ec1n k\u1ec1 7.21, Ph\u01b0\u01a1ng Tasco, Nam T\u1eeb Li\u00eam, H\u00e0 N\u1ed9i<\/p><p>Chi nh\u00e1nh H\u00e0 N\u1ed9i: S\u1ed1 3 ng\u00f5 162 Nguy\u1ec5n V\u0103n C\u1eeb, Long Bi\u00ean, H\u00e0 N\u1ed9i<\/p><p>Chi nh\u00e1nh TPHCM: V\u0169 T\u00f4ng Phan, An Ph\u00fa, Qu\u1eadn 2, TPHCM<\/p><p>Hotline:\u00a00866.333.556<\/p><p>Website:\u00a0<a href=\"https:\/\/carsen.vn\/\" target=\"_blank\" rel=\"noopener\">https:\/\/<\/a>topcar.vn\/<\/p>\t\t\t\t\t\t\t\t<\/div>\n\t\t\t\t<\/div>\n\t\t\t\t<\/div>\n\t\t\t\t<\/div>\n\t\t<div class=\"elementor-element elementor-element-e4cd48d e-con-full e-flex e-con e-child\" data-id=\"e4cd48d\" data-element_type=\"container\" data-e-type=\"container\">\n\t\t<div class=\"elementor-element elementor-element-2dd0a9e e-con-full e-flex e-con e-child\" data-id=\"2dd0a9e\" data-element_type=\"container\" data-e-type=\"container\">\n\t\t\t\t<div class=\"elementor-element elementor-element-376e3df elementor-widget elementor-widget-heading\" data-id=\"376e3df\" data-element_type=\"widget\" data-e-type=\"widget\" data-widget_type=\"heading.default\">\n\t\t\t\t<div class=\"elementor-widget-container\">\n\t\t\t\t\t<h6 class=\"elementor-heading-title elementor-size-default\">Our Story<\/h6>\t\t\t\t<\/div>\n\t\t\t\t<\/div>\n\t\t\t\t<\/div>\n\t\t<div class=\"elementor-element elementor-element-a9c5396 e-con-full e-flex e-con e-child\" data-id=\"a9c5396\" data-element_type=\"container\" data-e-type=\"container\">\n\t\t\t\t<div class=\"elementor-element elementor-element-7167cdd elementor-widget elementor-widget-text-editor\" data-id=\"7167cdd\" data-element_type=\"widget\" data-e-type=\"widget\" data-widget_type=\"text-editor.default\">\n\t\t\t\t<div class=\"elementor-widget-container\">\n\t\t\t\t\t\t\t\t\t<p>Tristique dapibus porta viverra sit accumsan integer semper dolor etiam id iaculis feugiat egestas urna est magna euismod donec facilisis sed integer orci ac.<\/p>\t\t\t\t\t\t\t\t<\/div>\n\t\t\t\t<\/div>\n\t\t\t\t<div class=\"elementor-element elementor-element-fa697a4 elementor-widget elementor-widget-text-editor\" data-id=\"fa697a4\" data-element_type=\"widget\" data-e-type=\"widget\" data-widget_type=\"text-editor.default\">\n\t\t\t\t<div class=\"elementor-widget-container\">\n\t\t\t\t\t\t\t\t\t<p>Mi et tincidunt ut pellentesque arcu molestie dolor, nunc feugiat sit mauris semper platea urna, sapien fermentum venenatis etiam enim ullamcorper phasellus tortor justo, et, pellentesque pellentesque sapien faucibus in adipiscing risus adipiscing bibendum in nec eget tincidunt in in sed magna arcu molestie nec mauris quisque.<\/p><p>Feugiat lacus sagittis, mauris, lobortis velit ullamcorper vitae in volutpat faucibus elementum, sodales orci mi fames molestie venenatis nunc hendrerit.<\/p>\t\t\t\t\t\t\t\t<\/div>\n\t\t\t\t<\/div>\n\t\t\t\t<div class=\"elementor-element elementor-element-06c9711 elementor-view-default elementor-widget elementor-widget-icon\" data-id=\"06c9711\" data-element_type=\"widget\" data-e-type=\"widget\" data-widget_type=\"icon.default\">\n\t\t\t\t<div class=\"elementor-widget-container\">\n\t\t\t\t\t\t\t<div class=\"elementor-icon-wrapper\">\n\t\t\t<div class=\"elementor-icon\">\n\t\t\t<svg aria-hidden=\"true\" class=\"e-font-icon-svg e-fas-quote-left\" viewBox=\"0 0 512 512\" xmlns=\"http:\/\/www.w3.org\/2000\/svg\"><path d=\"M464 256h-80v-64c0-35.3 28.7-64 64-64h8c13.3 0 24-10.7 24-24V56c0-13.3-10.7-24-24-24h-8c-88.4 0-160 71.6-160 160v240c0 26.5 21.5 48 48 48h128c26.5 0 48-21.5 48-48V304c0-26.5-21.5-48-48-48zm-288 0H96v-64c0-35.3 28.7-64 64-64h8c13.3 0 24-10.7 24-24V56c0-13.3-10.7-24-24-24h-8C71.6 32 0 103.6 0 192v240c0 26.5 21.5 48 48 48h128c26.5 0 48-21.5 48-48V304c0-26.5-21.5-48-48-48z\"><\/path><\/svg>\t\t\t<\/div>\n\t\t<\/div>\n\t\t\t\t\t\t<\/div>\n\t\t\t\t<\/div>\n\t\t\t\t<div class=\"elementor-element elementor-element-82283db elementor-widget elementor-widget-testimonial\" data-id=\"82283db\" data-element_type=\"widget\" data-e-type=\"widget\" data-widget_type=\"testimonial.default\">\n\t\t\t\t<div class=\"elementor-widget-container\">\n\t\t\t\t\t\t\t<div class=\"elementor-testimonial-wrapper\">\n\t\t\t\t\t\t\t<div class=\"elementor-testimonial-content\">Massa aliquam montes, odio porttitor sit ac maecenas interdum ut tincidunt nisl erat quam eu natoque in nisl, lobortis sapien in nec ullamcorper vel.<\/div>\n\t\t\t\n\t\t\t\t\t\t<div class=\"elementor-testimonial-meta elementor-has-image elementor-testimonial-image-position-aside\">\n\t\t\t\t<div class=\"elementor-testimonial-meta-inner\">\n\t\t\t\t\t\t\t\t\t\t\t<div class=\"elementor-testimonial-image\">\n\t\t\t\t\t\t\t<img decoding=\"async\" width=\"40\" height=\"40\" src=\"https:\/\/topcar.vn\/wp-content\/uploads\/2021\/08\/plants-store-owner-avatar-img.jpg\" class=\"attachment-full size-full wp-image-276\" alt=\"\" \/>\t\t\t\t\t\t<\/div>\n\t\t\t\t\t\n\t\t\t\t\t\t\t\t\t\t<div class=\"elementor-testimonial-details\">\n\t\t\t\t\t\t\t\t\t\t\t\t\t\t<div class=\"elementor-testimonial-name\">Emily Evergreen<\/div>\n\t\t\t\t\t\t\t\t\t\t\t\t\t\t\t\t\t\t\t\t\t\t<div class=\"elementor-testimonial-job\">Founder, Owner<\/div>\n\t\t\t\t\t\t\t\t\t\t\t\t\t<\/div>\n\t\t\t\t\t\t\t\t\t<\/div>\n\t\t\t<\/div>\n\t\t\t\t\t<\/div>\n\t\t\t\t\t\t<\/div>\n\t\t\t\t<\/div>\n\t\t\t\t<\/div>\n\t\t\t\t<\/div>\n\t\t\t\t<\/div>\n\t\t\t\t\t<\/div>\n\t\t\t\t<\/div>\n\t\t\t\t<\/div>\n\t\t","protected":false},"excerpt":{"rendered":"<p>Gi\u1edbi thi\u1ec7U Top Car l\u00e0 th\u01b0\u01a1ng hi\u1ec7u th\u1ea3m l\u00f3t s\u00e0n \u00f4 t\u00f4 cao c\u1ea5p tr\u1ef1c thu\u1ed9c C\u00f4ng ty C\u1ed5 ph\u1ea7n Th\u01b0\u01a1ng m\u1ea1i v\u00e0 \u0110\u1ea7u t\u01b0 Ng\u1ecdc An. S\u1ee9 m\u1ec7nh c\u1ee7a ch\u00fang t\u00f4i ch\u00ednh l\u00e0 mang \u0111\u1ebfn nh\u1eefng lo\u1ea1i th\u1ea3m tr\u1ea3i s\u00e0n ch\u1ea5t l\u01b0\u1ee3ng, n\u00e2ng t\u1ea7m cho n\u1ed9i th\u1ea5t \u00f4 t\u00f4 c\u1ee7a b\u1ea1n! \u00a0 1. V\u1ec0 [&hellip;]<\/p>\n","protected":false},"author":1,"featured_media":0,"parent":0,"menu_order":0,"comment_status":"closed","ping_status":"closed","template":"","meta":{"site-sidebar-layout":"no-sidebar","site-content-layout":"page-builder","ast-site-content-layout":"default","site-content-style":"default","site-sidebar-style":"default","ast-global-header-display":"","ast-banner-title-visibility":"","ast-main-header-display":"","ast-hfb-above-header-display":"","ast-hfb-below-header-display":"","ast-hfb-mobile-header-display":"","site-post-title":"disabled","ast-breadcrumbs-content":"disabled","ast-featured-img":"disabled","footer-sml-layout":"","ast-disable-related-posts":"","theme-transparent-header-meta":"default","adv-header-id-meta":"","stick-header-meta":"","header-above-stick-meta":"","header-main-stick-meta":"","header-below-stick-meta":"","astra-migrate-meta-layouts":"default","ast-page-background-enabled":"default","ast-page-background-meta":{"desktop":{"background-color":"var(--ast-global-color-4)","background-image":"","background-repeat":"repeat","background-position":"center center","background-size":"auto","background-attachment":"scroll","background-type":"","background-media":"","overlay-type":"","overlay-color":"","overlay-opacity":"","overlay-gradient":""},"tablet":{"background-color":"","background-image":"","background-repeat":"repeat","background-position":"center center","background-size":"auto","background-attachment":"scroll","background-type":"","background-media":"","overlay-type":"","overlay-color":"","overlay-opacity":"","overlay-gradient":""},"mobile":{"background-color":"","background-image":"","background-repeat":"repeat","background-position":"center center","background-size":"auto","background-attachment":"scroll","background-type":"","background-media":"","overlay-type":"","overlay-color":"","overlay-opacity":"","overlay-gradient":""}},"ast-content-background-meta":{"desktop":{"background-color":"var(--ast-global-color-5)","background-image":"","background-repeat":"repeat","background-position":"center center","background-size":"auto","background-attachment":"scroll","background-type":"","background-media":"","overlay-type":"","overlay-color":"","overlay-opacity":"","overlay-gradient":""},"tablet":{"background-color":"var(--ast-global-color-5)","background-image":"","background-repeat":"repeat","background-position":"center center","background-size":"auto","background-attachment":"scroll","background-type":"","background-media":"","overlay-type":"","overlay-color":"","overlay-opacity":"","overlay-gradient":""},"mobile":{"background-color":"var(--ast-global-color-5)","background-image":"","background-repeat":"repeat","background-position":"center center","background-size":"auto","background-attachment":"scroll","background-type":"","background-media":"","overlay-type":"","overlay-color":"","overlay-opacity":"","overlay-gradient":""}},"footnotes":""},"class_list":["post-252","page","type-page","status-publish","hentry"],"_links":{"self":[{"href":"https:\/\/topcar.vn\/wp-json\/wp\/v2\/pages\/252","targetHints":{"allow":["GET"]}}],"collection":[{"href":"https:\/\/topcar.vn\/wp-json\/wp\/v2\/pages"}],"about":[{"href":"https:\/\/topcar.vn\/wp-json\/wp\/v2\/types\/page"}],"author":[{"embeddable":true,"href":"https:\/\/topcar.vn\/wp-json\/wp\/v2\/users\/1"}],"replies":[{"embeddable":true,"href":"https:\/\/topcar.vn\/wp-json\/wp\/v2\/comments?post=252"}],"version-history":[{"count":4,"href":"https:\/\/topcar.vn\/wp-json\/wp\/v2\/pages\/252\/revisions"}],"predecessor-version":[{"id":1456,"href":"https:\/\/topcar.vn\/wp-json\/wp\/v2\/pages\/252\/revisions\/1456"}],"wp:attachment":[{"href":"https:\/\/topcar.vn\/wp-json\/wp\/v2\/media?parent=252"}],"curies":[{"name":"wp","href":"https:\/\/api.w.org\/{rel}","templated":true}]}}